{"id":13951,"date":"2023-08-31T23:29:52","date_gmt":"2023-08-31T23:29:52","guid":{"rendered":"https:\/\/airtec-servicios.com\/?post_type=product&#038;p=13951"},"modified":"2025-07-17T04:39:01","modified_gmt":"2025-07-17T04:39:01","slug":"exair-digital-air-flow-meter","status":"publish","type":"product","link":"https:\/\/airtec.global\/en\/product\/exair-digital-air-flow-meter\/","title":{"rendered":"Exair Digital Air Flow Meter"},"content":{"rendered":"<section class=\"wpb-content-wrapper\"><div class=\"vc_row wpb_row vc_row-fluid\"><div class=\"row-container\"><div class=\"wpb_column vc_column_container vc_col-sm-6\"><div class=\"vc_column-inner\"><div class=\"wpb_wrapper\">\n\t<div  class=\"wpb_single_image wpb_content_element vc_align_center\">\n\t\t\n\t\t<figure class=\"wpb_wrapper vc_figure\">\n\t\t\t<div class=\"vc_single_image-wrapper vc_box_rounded  vc_box_border_grey\"><img fetchpriority=\"high\" decoding=\"async\" width=\"600\" height=\"381\" src=\"https:\/\/airtec.global\/wp-content\/uploads\/2023\/08\/El-flujometro-digital-Exair-incluye-eliminador-guias-de-perforacion-herramientas-de-ajuste-y-brocas.png\" class=\"vc_single_image-img attachment-full\" alt=\"\" title=\"El-flujometro-digital-Exair-incluye-eliminador-guias-de-perforaci\u00f3n-herramientas-de-ajuste-y-brocas.\" srcset=\"https:\/\/airtec.global\/wp-content\/uploads\/2023\/08\/El-flujometro-digital-Exair-incluye-eliminador-guias-de-perforacion-herramientas-de-ajuste-y-brocas.png 600w, https:\/\/airtec.global\/wp-content\/uploads\/2023\/08\/El-flujometro-digital-Exair-incluye-eliminador-guias-de-perforacion-herramientas-de-ajuste-y-brocas-300x191.png 300w\" sizes=\"(max-width: 600px) 100vw, 600px\"><\/div>\n\t\t<\/figure>\n\t<\/div>\n\n\t<div class=\"wpb_text_column wpb_content_element\" >\n\t\t<div class=\"wpb_wrapper\">\n\t\t\t<p style=\"text-align: center;\"><span style=\"font-size: 12px;\">Exair digital flowmeter includes eliminator, drill guides, adjusting tools and drill bits.<\/span><\/p>\n\n\t\t<\/div>\n\t<\/div>\n\n\t<div class=\"wpb_raw_code wpb_content_element wpb_raw_html\" >\n\t\t<div class=\"wpb_wrapper\">\n\t\t\t<\/br>\n\t\t<\/div>\n\t<\/div>\n<\/div><\/div><\/div><div class=\"wpb_column vc_column_container vc_col-sm-6\"><div class=\"vc_column-inner\"><div class=\"wpb_wrapper\">\n\t<div class=\"wpb_raw_code wpb_content_element wpb_raw_html\" >\n\t\t<div class=\"wpb_wrapper\">\n\t\t\t<h3 style=\"color:#3C73B8\">What is the EXAIR Digital Flow Meter or Flowmeter?<\/h3>\n<hr>\n<p>The EXAIR digital flow meter (DFM) provides a simple way to monitor the use, or waste, of compressed air. The digital display shows the exact amount of air flowing through the cross-sectional area of the pipe where it is installed. This potentially allows for significant <strong>compressed air savings<\/strong> by identifying air waste in production areas\u2014helping, for example, to identify costly leaks or inefficient usage with EXAIR air flow monitoring systems.<\/p> \n<p>Many companies install the Digital Flow Meter or Air Flow Meter at each key stage of their air distribution system to monitor consumption and reduce compressed air usage in each area of the production process, using digital flow measurement EXAIR.<\/p>\n<p>The EXAIR flow meter is designed for permanent mounting on pipes. The user needs to drill two 3\/16\" diameter holes through the pipe using the included drill bit. The two flow detection probes of the digital meter are inserted into these holes. The unit seals the pipe once the two clamps are tightened. At no point is cutting, welding, adjusting, or calibrating required, making it easy to install and use. How EXAIR digital flow meters work is simple and user-friendly, providing accurate measurements in real-time.<\/p>\n\t\t<\/div>\n\t<\/div>\n<\/div><\/div><\/div><\/div><\/div><div class=\"vc_row wpb_row vc_row-fluid\"><div class=\"row-container\"><div class=\"wpb_column vc_column_container vc_col-sm-4\"><div class=\"vc_column-inner\"><div class=\"wpb_wrapper\">\n\t<div class=\"wpb_raw_code wpb_content_element wpb_raw_html\" >\n\t\t<div class=\"wpb_wrapper\">\n\t\t\t<h3 style=\"color:#3C73B8\">Applications<\/h3>\n<hr>\n\t\t<\/div>\n\t<\/div>\n\n\t<div class=\"wpb_text_column wpb_content_element\" >\n\t\t<div class=\"wpb_wrapper\">\n\t\t\t<div class=\"custom-list-item\">\n<p><i class=\"checkmark-icon\"><i class=\"wp-svg-checkmark-circle checkmark-circle\"><\/i><\/i><\/p>\n<p>Measures noise levels in a range from 35 dB to 130 dB. Useful when verifying performance improvements after installing an EXAIR digital flow meter in compressed air systems.<\/p>\n<\/div>\n<div class=\"custom-list-item\">\n<p><i class=\"checkmark-icon\"><i class=\"wp-svg-checkmark-circle checkmark-circle\"><\/i><\/i><\/p>\n<p>Frequency range: 31.5 Hz \u2013 8 kHz. Often used alongside EXAIR flow meters for compressed air to monitor overall system efficiency.<\/p>\n<\/div>\n<div class=\"custom-list-item\">\n<p><i class=\"checkmark-icon\"><i class=\"wp-svg-checkmark-circle checkmark-circle\"><\/i><\/i><\/p>\n<p>A\u201d and \u201cC\u201d weighted decibel measurement scales, which complement digital flow measurement EXAIR tools for a complete evaluation of compressed air environments.<\/p>\n<\/div>\n<div class=\"custom-list-item\">\n<p><i class=\"checkmark-icon\"><i class=\"wp-svg-checkmark-circle checkmark-circle\"><\/i><\/i><\/p>\n<p>Slow (1 second) or fast (125 milliseconds) response time settings for measuring noisy environments. This can be particularly helpful when assessing areas before and after implementing EXAIR air flow monitoring systems.<\/p>\n<\/div>\n<div class=\"custom-list-item\">\n<p><i class=\"checkmark-icon\"><i class=\"wp-svg-checkmark-circle checkmark-circle\"><\/i><\/i><\/p>\n<p>Max hold function to retain the highest recorded value and identify the loudest areas\u2014an ideal feature when understanding how EXAIR digital flow meters work in different industrial settings.<\/p>\n<\/div>\n<style>\n.custom-list-item{display: flex; align-items: center; padding-left: 0; margin: 0;}.custom-list-item i.checkmark-icon {color: #4273B8; margin-right: 10px; align-items: center;}.custom-list-item p {display: flex;align-items: center;}<\/style>\n\n\t\t<\/div>\n\t<\/div>\n\n\t<div class=\"wpb_raw_code wpb_content_element wpb_raw_html\" >\n\t\t<div class=\"wpb_wrapper\">\n\t\t\t<\/br>\n\t\t<\/div>\n\t<\/div>\n<\/div><\/div><\/div><div class=\"wpb_column vc_column_container vc_col-sm-4\"><div class=\"vc_column-inner\"><div class=\"wpb_wrapper\">\n\t<div class=\"wpb_raw_code wpb_content_element wpb_raw_html\" >\n\t\t<div class=\"wpb_wrapper\">\n\t\t\t<h3 style=\"color:#3C73B8\">Advantages<\/h3>\n<hr>\n\t\t<\/div>\n\t<\/div>\n\n\t<div class=\"wpb_text_column wpb_content_element\" >\n\t\t<div class=\"wpb_wrapper\">\n\t\t\t<div class=\"custom-list-item\">\n<p><i class=\"checkmark-icon\"><i class=\"wp-svg-checkmark-circle checkmark-circle\"><\/i><\/i><\/p>\n<p>4-digit LCD display in 0.1 dB increments with backlight.<\/p>\n<\/div>\n<div class=\"custom-list-item\">\n<p><i class=\"checkmark-icon\"><i class=\"wp-svg-checkmark-circle checkmark-circle\"><\/i><\/i><\/p>\n<p>Typical battery life of 50 hours with low battery warning.<\/p>\n<\/div>\n<div class=\"custom-list-item\">\n<p><i class=\"checkmark-icon\"><i class=\"wp-svg-checkmark-circle checkmark-circle\"><\/i><\/i><\/p>\n<p>Automatic shut-off after 15 minutes of inactivity.<\/p>\n<\/div>\n<div class=\"custom-list-item\">\n<p><i class=\"checkmark-icon\"><i class=\"wp-svg-checkmark-circle checkmark-circle\"><\/i><\/i><\/p>\n<p>Includes protective carrying case and 9V battery.<\/p>\n<\/div>\n<style>\n.custom-list-item{display: flex; align-items: center; padding-left: 0; margin: 0;}.custom-list-item i.checkmark-icon {color: #4273B8; margin-right: 10px; align-items: center;}.custom-list-item p {display: flex;align-items: center;}<\/style>\n\n\t\t<\/div>\n\t<\/div>\n\n\t<div class=\"wpb_raw_code wpb_content_element wpb_raw_html\" >\n\t\t<div class=\"wpb_wrapper\">\n\t\t\t<\/br>\n\t\t<\/div>\n\t<\/div>\n<\/div><\/div><\/div><div class=\"wpb_column vc_column_container vc_col-sm-4\"><div class=\"vc_column-inner\"><div class=\"wpb_wrapper\">\n\t<div  class=\"wpb_single_image wpb_content_element vc_align_center\">\n\t\t\n\t\t<figure class=\"wpb_wrapper vc_figure\">\n\t\t\t<div class=\"vc_single_image-wrapper vc_box_rounded  vc_box_border_grey\"><img decoding=\"async\" width=\"377\" height=\"271\" src=\"https:\/\/airtec.global\/wp-content\/uploads\/2023\/08\/Flujometro-digital-Exair-de-facil-instalacion-para-medicion-de-flujo-de-aire-comprimido.png\" class=\"vc_single_image-img attachment-full\" alt=\"\" title=\"Fluj\u00f3metro-digital-Exair-de-f\u00e1cil-instalaci\u00f3n-para-medici\u00f3n-de-flujo-de-aire-comprimido.\" srcset=\"https:\/\/airtec.global\/wp-content\/uploads\/2023\/08\/Flujometro-digital-Exair-de-facil-instalacion-para-medicion-de-flujo-de-aire-comprimido.png 377w, https:\/\/airtec.global\/wp-content\/uploads\/2023\/08\/Flujometro-digital-Exair-de-facil-instalacion-para-medicion-de-flujo-de-aire-comprimido-300x216.png 300w\" sizes=\"(max-width: 377px) 100vw, 377px\"><\/div>\n\t\t<\/figure>\n\t<\/div>\n\n\t<div class=\"wpb_text_column wpb_content_element\" >\n\t\t<div class=\"wpb_wrapper\">\n\t\t\t<p style=\"text-align: center;\"><span style=\"font-size: 12px;\">Exair digital flowmeter for easy installation for compressed air flow measurement.<\/span><\/p>\n\n\t\t<\/div>\n\t<\/div>\n<\/div><\/div><\/div><\/div><\/div><div class=\"vc_row wpb_row vc_row-fluid\"><div class=\"row-container\"><div class=\"wpb_column vc_column_container vc_col-sm-12\"><div class=\"vc_column-inner\"><div class=\"wpb_wrapper\">\n\t<div class=\"wpb_raw_code wpb_content_element wpb_raw_html\" >\n\t\t<div class=\"wpb_wrapper\">\n\t\t\t<h3 style=\"color:#3C73B8\">Videos<\/h3>\n<hr>\n\t\t<\/div>\n\t<\/div>\n<\/div><\/div><\/div><\/div><\/div><div class=\"vc_row wpb_row vc_row-fluid\"><div class=\"row-container\"><div class=\"wpb_column vc_column_container vc_col-sm-6\"><div class=\"vc_column-inner\"><div class=\"wpb_wrapper\">\n\t<div class=\"wpb_text_column wpb_content_element\" >\n\t\t<div class=\"wpb_wrapper\">\n\t\t\t<h5><i class=\"wp-svg-screen screen\"><\/i> \u2013 Connection guide for digital flowmeter.<\/h5>\n\n\t\t<\/div>\n\t<\/div>\n\n\t<div class=\"wpb_video_widget wpb_content_element vc_clearfix   vc_video-aspect-ratio-169 vc_video-el-width-100 vc_video-align-center\" >\n\t\t<div class=\"wpb_wrapper\">\n\t\t\t\n\t\t\t<div class=\"wpb_video_wrapper\"><iframe title=\"Installing EXAIR&#039;s Digital Flow Meter\" width=\"500\" height=\"375\" src=\"https:\/\/www.youtube.com\/embed\/AMIMNzYWJro?feature=oembed\" frameborder=\"0\" allow=\"accelerometer; autoplay; clipboard-write; encrypted-media; gyroscope; picture-in-picture; web-share\" referrerpolicy=\"strict-origin-when-cross-origin\" allowfullscreen><\/iframe><\/div>\n\t\t<\/div>\n\t<\/div>\n<\/div><\/div><\/div><div class=\"wpb_column vc_column_container vc_col-sm-6\"><div class=\"vc_column-inner\"><div class=\"wpb_wrapper\">\n\t<div class=\"wpb_text_column wpb_content_element\" >\n\t\t<div class=\"wpb_wrapper\">\n\t\t\t<h5><i class=\"wp-svg-screen screen\"><\/i> \u2013 Software installation for data download.<\/h5>\n\n\t\t<\/div>\n\t<\/div>\n\n\t<div class=\"wpb_video_widget wpb_content_element vc_clearfix   vc_video-aspect-ratio-169 vc_video-el-width-100 vc_video-align-center\" >\n\t\t<div class=\"wpb_wrapper\">\n\t\t\t\n\t\t\t<div class=\"wpb_video_wrapper\"><iframe title=\"Data Logger Installation for EXAIR Digital Flow Meter\" width=\"500\" height=\"375\" src=\"https:\/\/www.youtube.com\/embed\/ud1821cr8po?feature=oembed\" frameborder=\"0\" allow=\"accelerometer; autoplay; clipboard-write; encrypted-media; gyroscope; picture-in-picture; web-share\" referrerpolicy=\"strict-origin-when-cross-origin\" allowfullscreen><\/iframe><\/div>\n\t\t<\/div>\n\t<\/div>\n<\/div><\/div><\/div><\/div><\/div><div class=\"vc_row wpb_row vc_row-fluid\"><div class=\"row-container\"><div class=\"wpb_column vc_column_container vc_col-sm-12\"><div class=\"vc_column-inner\"><div class=\"wpb_wrapper\">\n\t<div class=\"wpb_raw_code wpb_content_element wpb_raw_html\" >\n\t\t<div class=\"wpb_wrapper\">\n\t\t\t<h3 style=\"color:#3C73B8\">Specifications<\/h3>\n<hr>\n\t\t<\/div>\n\t<\/div>\n\n\t<div class=\"wpb_raw_code wpb_content_element wpb_raw_html\" >\n\t\t<div class=\"wpb_wrapper\">\n\t\t\t<style>\ntable {\n  border-collapse: collapse;\n  width: 100%;\n}\n\nth, td {\n  text-align: left;\n  padding: 8px;\n}\n\ntr:nth-child(odd) {background-color: #E0E6F3;}\n<\/style>\n<table>\n<tbody>\n<tr>\n<td>Accuracy<\/td>\n<td>\n<div align=\"left\">5% of reading. Add 1% of full scale air temperature value between 40\u00ba to 120\u00ba F (4\u00ba to 49\u00ba C). Accuracy will be reduced when flow is outside the specified range.<\/div>\n<\/td>\n<\/tr>\n<tr>\n<td>Operating Pressure<\/td>\n<td>\n<div align=\"left\">30 to 140 PSIG for best accuracy - 200 PSIG max.<\/div>\n<\/td>\n<\/tr>\n<tr>\n<td>Power Input<\/td>\n<td>\n<div align=\"left\">250 mA at 18 VDC \/ 120VAC adapter<\/div>\n<\/td>\n<\/tr>\n<tr>\n<td>Wetted Materials<\/td>\n<td>\n<div align=\"left\">Stainless Steel, Gold, Thermal Epoxy and Viton (seal)<\/div>\n<\/td>\n<\/tr>\n<tr>\n<td>Ring Material<\/td>\n<td>\n<div align=\"left\">Aluminum<\/div>\n<\/td>\n<\/tr>\n<tr>\n<td>Display<\/td>\n<td>\n<div align=\"left\">Four digit LED<\/div>\n<\/td>\n<\/tr>\n<tr>\n<td>Complies with<\/td>\n<td>\n<div align=\"left\">CE and RoHS<\/div>\n<\/td>\n<\/tr>\n<\/tbody>\n<\/table>\n\t\t<\/div>\n\t<\/div>\n\n\t<div class=\"wpb_raw_code wpb_content_element wpb_raw_html\" >\n\t\t<div class=\"wpb_wrapper\">\n\t\t\t<h3 style=\"color:#3C73B8\">Why choose the EXAIR Digital Flow Meter?<\/h3>\n<hr>\n\t\t<\/div>\n\t<\/div>\n\n\t<div class=\"wpb_text_column wpb_content_element\" >\n\t\t<div class=\"wpb_wrapper\">\n\t\t\t<p>Choosing EXAIR\u2019s Digital Flowmeter\u2122 is a smart decision for anyone looking to optimize compressed air usage and reduce waste. Its easy-to-read digital display, simple installation, and zero calibration requirements make it a hassle-free solution for both permanent and temporary monitoring. Whether you\u2019re tracking usage to lower energy costs or pinpointing leaks to improve system efficiency, the Digital Flowmeter\u2122 provides accurate, real-time data you can rely on. Upgrade your compressed air management today with EXAIR\u2019s trusted technology.<\/p>\n\n\t\t<\/div>\n\t<\/div>\n<\/div><\/div><\/div><\/div><\/div><div class=\"vc_row wpb_row vc_row-fluid\"><div class=\"row-container\"><div class=\"wpb_column vc_column_container vc_col-sm-12\"><div class=\"vc_column-inner\"><div class=\"wpb_wrapper\">\n\t<div class=\"wpb_raw_code wpb_content_element wpb_raw_html\" >\n\t\t<div class=\"wpb_wrapper\">\n\t\t\t<h3 style=\"color:#3C73B8\">Downloads<\/h3>\n<hr>\n\t\t<\/div>\n\t<\/div>\n<\/div><\/div><\/div><\/div><\/div><div class=\"vc_row wpb_row vc_row-fluid\"><div class=\"row-container\"><div class=\"wpb_column vc_column_container vc_col-sm-3\"><div class=\"vc_column-inner\"><div class=\"wpb_wrapper\">\n\t<div  class=\"wpb_single_image wpb_content_element vc_align_center\">\n\t\t\n\t\t<figure class=\"wpb_wrapper vc_figure\">\n\t\t\t<div class=\"vc_single_image-wrapper   vc_box_border_grey\"><img decoding=\"async\" width=\"150\" height=\"150\" src=\"https:\/\/airtec.global\/wp-content\/uploads\/2023\/08\/DIGITAL-FLOWMETER-150x150.png\" class=\"vc_single_image-img attachment-thumbnail\" alt=\"\" title=\"DIGITAL-FLOWMETER\" srcset=\"https:\/\/airtec.global\/wp-content\/uploads\/2023\/08\/DIGITAL-FLOWMETER-150x150.png 150w, https:\/\/airtec.global\/wp-content\/uploads\/2023\/08\/DIGITAL-FLOWMETER-100x100.png 100w\" sizes=\"(max-width: 150px) 100vw, 150px\"><\/div>\n\t\t<\/figure>\n\t<\/div>\n<div class=\"vc_btn3-container vc_btn3-center\" ><a class=\"vc_general vc_btn3 vc_btn3-size-md vc_btn3-shape-rounded vc_btn3-style-outline vc_btn3-icon-left vc_btn3-color-mulled-wine\" href=\"https:\/\/f5u.725.myftpupload.com\/wp-content\/uploads\/2024\/01\/Medidor-Digital-de-Flujo-flujometro-de-Aire-Exair.pdf\" title=\"\" target=\"_blank\" rel=\"noopener\"><i class=\"vc_btn3-icon fas fa-file-pdf\"><\/i> Download the catalog<\/a><\/div><\/div><\/div><\/div><div class=\"wpb_column vc_column_container vc_col-sm-3\"><div class=\"vc_column-inner\"><div class=\"wpb_wrapper\"><\/div><\/div><\/div><div class=\"wpb_column vc_column_container vc_col-sm-3\"><div class=\"vc_column-inner\"><div class=\"wpb_wrapper\"><\/div><\/div><\/div><div class=\"wpb_column vc_column_container vc_col-sm-3\"><div class=\"vc_column-inner\"><div class=\"wpb_wrapper\"><\/div><\/div><\/div><\/div><\/div>\n<\/section>","protected":false},"excerpt":{"rendered":"<h4>Exair Digital Air Flow Meter<\/h4>\n<p>EXAIR&#8217;s Digital Flowmeter\u2122, with data logging capability available, is the easy way to monitor compressed air consumption and waste! The digital display shows the exact amount of compressed air being used, making it easy to identify costly leaks or inefficient air products. No cutting, welding, adjustments or calibration are ever required. It is designed for permanent or temporary mounting to a compressed air pipe. If the unit needs to be removed, blocking rings are available for most models. Available for measuring air flow in SCFM or m3\/hr on 1\/2&#8243; thru 8&#8243; Schedule 40 Iron Pipe, 25mm thru 101mm Aluminum Pipe and for Copper Pipe up to 4&#8243;. Consult the factory for NEMA 4 flowmeters.<\/p>","protected":false},"featured_media":13370,"comment_status":"closed","ping_status":"closed","template":"","meta":{"_coblocks_attr":"","_coblocks_dimensions":"","_coblocks_responsive_height":"","_coblocks_accordion_ie_support":""},"product_brand":[],"product_cat":[296,302,297,303],"product_tag":[],"class_list":{"0":"post-13951","1":"product","2":"type-product","3":"status-publish","4":"has-post-thumbnail","6":"product_cat-exair","7":"product_cat-optimizacion","8":"product_cat-producto","9":"product_cat-transportadores-neumaticos","11":"first","12":"instock","13":"sold-individually","14":"shipping-taxable","15":"product-type-simple"},"_links":{"self":[{"href":"https:\/\/airtec.global\/en\/wp-json\/wp\/v2\/product\/13951","targetHints":{"allow":["GET"]}}],"collection":[{"href":"https:\/\/airtec.global\/en\/wp-json\/wp\/v2\/product"}],"about":[{"href":"https:\/\/airtec.global\/en\/wp-json\/wp\/v2\/types\/product"}],"replies":[{"embeddable":true,"href":"https:\/\/airtec.global\/en\/wp-json\/wp\/v2\/comments?post=13951"}],"wp:featuredmedia":[{"embeddable":true,"href":"https:\/\/airtec.global\/en\/wp-json\/wp\/v2\/media\/13370"}],"wp:attachment":[{"href":"https:\/\/airtec.global\/en\/wp-json\/wp\/v2\/media?parent=13951"}],"wp:term":[{"taxonomy":"product_brand","embeddable":true,"href":"https:\/\/airtec.global\/en\/wp-json\/wp\/v2\/product_brand?post=13951"},{"taxonomy":"product_cat","embeddable":true,"href":"https:\/\/airtec.global\/en\/wp-json\/wp\/v2\/product_cat?post=13951"},{"taxonomy":"product_tag","embeddable":true,"href":"https:\/\/airtec.global\/en\/wp-json\/wp\/v2\/product_tag?post=13951"}],"curies":[{"name":"wp","href":"https:\/\/api.w.org\/{rel}","templated":true}]}}