{"id":13968,"date":"2023-08-31T23:29:54","date_gmt":"2023-08-31T23:29:54","guid":{"rendered":"https:\/\/airtec-servicios.com\/?post_type=product&#038;p=13968"},"modified":"2025-07-18T18:12:59","modified_gmt":"2025-07-18T18:12:59","slug":"ionized-air-cannon-ion-air-cannon-exair-gen-4","status":"publish","type":"product","link":"https:\/\/airtec.global\/en\/product\/ionized-air-cannon-ion-air-cannon-exair-gen-4\/","title":{"rendered":"Ionized Air Cannon &#8211; Ion Air Cannon Exair Gen 4"},"content":{"rendered":"<section class=\"wpb-content-wrapper\"><div class=\"vc_row wpb_row vc_row-fluid\"><div class=\"row-container\"><div class=\"wpb_column vc_column_container vc_col-sm-6\"><div class=\"vc_column-inner\"><div class=\"wpb_wrapper\">\n\t<div class=\"wpb_video_widget wpb_content_element vc_clearfix   vc_video-aspect-ratio-169 vc_video-el-width-100 vc_video-align-left\" >\n\t\t<div class=\"wpb_wrapper\">\n\t\t\t\n\t\t\t<div class=\"wpb_video_wrapper\"><iframe title=\"EXAIR Gen4 Ion Air Cannon\" width=\"500\" height=\"281\" src=\"https:\/\/www.youtube.com\/embed\/A8FvLoaqgp4?feature=oembed\" frameborder=\"0\" allow=\"accelerometer; autoplay; clipboard-write; encrypted-media; gyroscope; picture-in-picture; web-share\" referrerpolicy=\"strict-origin-when-cross-origin\" allowfullscreen><\/iframe><\/div>\n\t\t<\/div>\n\t<\/div>\n\n\t<div class=\"wpb_raw_code wpb_content_element wpb_raw_html\" >\n\t\t<div class=\"wpb_wrapper\">\n\t\t\t<\/br>\n\t\t<\/div>\n\t<\/div>\n<\/div><\/div><\/div><div class=\"wpb_column vc_column_container vc_col-sm-6\"><div class=\"vc_column-inner\"><div class=\"wpb_wrapper\">\n\t<div class=\"wpb_raw_code wpb_content_element wpb_raw_html\" >\n\t\t<div class=\"wpb_wrapper\">\n\t\t\t<h3 style=\"color:#3C73B8\">What is the Exair Gen 4 ionized air cannon?<\/h3>\n<hr>\n<p>The EXAIR fourth generation (Gen4) ionized air cannon neutralizes static electricity and cleans at distances of up to 4.5 meters, without using moving parts. It is ideal for hard-to-reach spaces or confined areas that require a concentrated flow of static eliminating ions. Discharge air volume and air velocity are adjustable for use in light or heavy duty applications.<\/p>\n<p>The ion gun will maximize ionized air flow while minimizing compressed air consumption. Only a small amount of compressed air is used to draw in large volumes of atmospheric air, which spread the generated Ozone ions to neutralize the charges homogeneously.<\/p>\n\n\t\t<\/div>\n\t<\/div>\n<\/div><\/div><\/div><\/div><\/div><div class=\"vc_row wpb_row vc_row-fluid\"><div class=\"row-container\"><div class=\"wpb_column vc_column_container vc_col-sm-4\"><div class=\"vc_column-inner\"><div class=\"wpb_wrapper\">\n\t<div class=\"wpb_raw_code wpb_content_element wpb_raw_html\" >\n\t\t<div class=\"wpb_wrapper\">\n\t\t\t<h3 style=\"color:#3C73B8\">Applications<\/h3>\n<hr>\n\t\t<\/div>\n\t<\/div>\n\n\t<div class=\"wpb_raw_code wpb_content_element wpb_raw_html\" >\n\t\t<div class=\"wpb_wrapper\">\n\t\t\t<div class=\"custom-list-item\">\n<i class=\"checkmark-icon\"><i class=\"wp-svg-checkmark-circle checkmark-circle\"><\/i><\/i>\n<p>\nBag opening - forming and filling\n<\/p>\n<\/div>\n<div class=\"custom-list-item\">\n<i class=\"checkmark-icon\"><i class=\"wp-svg-checkmark-circle checkmark-circle\"><\/i><\/i>\n<p>\nCleaning and neutralization of parts\n<\/p>\n<\/div>\n<div class=\"custom-list-item\">\n<i class=\"checkmark-icon\"><i class=\"wp-svg-checkmark-circle checkmark-circle\"><\/i><\/i>\n<p>\nShrink wrap neutralization\n<\/p>\n<\/div>\n<div class=\"custom-list-item\">\n<i class=\"checkmark-icon\"><i class=\"wp-svg-checkmark-circle checkmark-circle\"><\/i><\/i>\n<p>\nCleaning of molded parts\n<\/p>\n<\/div>\n<div class=\"custom-list-item\">\n<i class=\"checkmark-icon\"><i class=\"wp-svg-checkmark-circle checkmark-circle\"><\/i><\/i>\n<p>\nElimination of static in assemblies\n<\/p>\n<\/div>\n<div class=\"custom-list-item\">\n<i class=\"checkmark-icon\"><i class=\"wp-svg-checkmark-circle checkmark-circle\"><\/i><\/i>\n<p>\nElimination of pre-painting dust\n<\/p>\n<\/div>\n<div class=\"custom-list-item\">\n<i class=\"checkmark-icon\"><i class=\"wp-svg-checkmark-circle checkmark-circle\"><\/i><\/i>\n<p>\nNeutralization of cutting operations\n<\/p>\n<\/div>\n<div class=\"custom-list-item\">\n<i class=\"checkmark-icon\"><i class=\"wp-svg-checkmark-circle checkmark-circle\"><\/i><\/i>\n<p>\nPackage cleaning\n<\/p>\n<\/div>\n\n\t\t<\/div>\n\t<\/div>\n\n\t<div class=\"wpb_raw_code wpb_content_element wpb_raw_html\" >\n\t\t<div class=\"wpb_wrapper\">\n\t\t\t<\/br>\n\t\t<\/div>\n\t<\/div>\n<\/div><\/div><\/div><div class=\"wpb_column vc_column_container vc_col-sm-4\"><div class=\"vc_column-inner\"><div class=\"wpb_wrapper\">\n\t<div class=\"wpb_raw_code wpb_content_element wpb_raw_html\" >\n\t\t<div class=\"wpb_wrapper\">\n\t\t\t<h3 style=\"color:#3C73B8\">Advantages<\/h3>\n<hr>\n\t\t<\/div>\n\t<\/div>\n\n\t<div class=\"wpb_raw_code wpb_content_element wpb_raw_html\" >\n\t\t<div class=\"wpb_wrapper\">\n\t\t\t<div class=\"custom-list-item\">\n<i class=\"checkmark-icon\"><i class=\"wp-svg-checkmark-circle checkmark-circle\"><\/i><\/i>\n<p>\nElectromagnetically shielded high voltage cable\n<\/p>\n<\/div>\n<div class=\"custom-list-item\">\n<i class=\"checkmark-icon\"><i class=\"wp-svg-checkmark-circle checkmark-circle\"><\/i><\/i>\n<p>\nShielded high voltage cable protects against abrasion and cuts\n<\/p>\n<\/div>\n<div class=\"custom-list-item\">\n<i class=\"checkmark-icon\"><i class=\"wp-svg-checkmark-circle checkmark-circle\"><\/i><\/i>\n<p>\nIntegrated grounding design does not require a separate ground connection\n<\/p>\n<\/div>\n<div class=\"custom-list-item\">\n<i class=\"checkmark-icon\"><i class=\"wp-svg-checkmark-circle checkmark-circle\"><\/i><\/i>\n<p>\nReplaceable emitter point\n<\/p>\n<\/div>\n<div class=\"custom-list-item\">\n<i class=\"checkmark-icon\"><i class=\"wp-svg-checkmark-circle checkmark-circle\"><\/i><\/i>\n<p>\nLow air consumption\n<\/p>\n<\/div>\n<div class=\"custom-list-item\">\n<i class=\"checkmark-icon\"><i class=\"wp-svg-checkmark-circle checkmark-circle\"><\/i><\/i>\n<p>\nFast static decay\n<\/p>\n<\/div>\n<div class=\"custom-list-item\">\n<i class=\"checkmark-icon\"><i class=\"wp-svg-checkmark-circle checkmark-circle\"><\/i><\/i>\n<p>\nSilent\n<\/p>\n<\/div>\n<div class=\"custom-list-item\">\n<i class=\"checkmark-icon\"><i class=\"wp-svg-checkmark-circle checkmark-circle\"><\/i><\/i>\n<p>\nNon-shock, non-radioactive\n<\/p>\n<\/div>\n\n\t\t<\/div>\n\t<\/div>\n\n\t<div class=\"wpb_raw_code wpb_content_element wpb_raw_html\" >\n\t\t<div class=\"wpb_wrapper\">\n\t\t\t<\/br>\n\t\t<\/div>\n\t<\/div>\n<\/div><\/div><\/div><div class=\"wpb_column vc_column_container vc_col-sm-4\"><div class=\"vc_column-inner\"><div class=\"wpb_wrapper\">\n\t<div class=\"wpb_raw_code wpb_content_element wpb_raw_html\" >\n\t\t<div class=\"wpb_wrapper\">\n\t\t\t<\/br>\n\t\t<\/div>\n\t<\/div>\n\n\t<div  class=\"wpb_single_image wpb_content_element vc_align_center\">\n\t\t\n\t\t<figure class=\"wpb_wrapper vc_figure\">\n\t\t\t<div class=\"vc_single_image-wrapper vc_box_rounded  vc_box_border_grey\"><img fetchpriority=\"high\" decoding=\"async\" width=\"377\" height=\"271\" src=\"https:\/\/airtec.global\/wp-content\/uploads\/2023\/08\/Kit-de-canon-de-iones-con-filtro-regulador-y-fuente-de-poder.png\" class=\"vc_single_image-img attachment-full\" alt=\"Kit de ca\u00f1\u00f3n de iones con filtro regulador y fuente de poder\" title=\"Kit-de-ca\u00f1\u00f3n-de-iones-con-filtro-regulador-y-fuente-de-poder\" srcset=\"https:\/\/airtec.global\/wp-content\/uploads\/2023\/08\/Kit-de-canon-de-iones-con-filtro-regulador-y-fuente-de-poder.png 377w, https:\/\/airtec.global\/wp-content\/uploads\/2023\/08\/Kit-de-canon-de-iones-con-filtro-regulador-y-fuente-de-poder-300x216.png 300w\" sizes=\"(max-width: 377px) 100vw, 377px\" \/><\/div><figcaption class=\"vc_figure-caption\">Ion cannon kit with filter regulator and power source<\/figcaption>\n\t\t<\/figure>\n\t<\/div>\n<\/div><\/div><\/div><\/div><\/div><div class=\"vc_row wpb_row vc_row-fluid\"><div class=\"row-container\"><div class=\"wpb_column vc_column_container vc_col-sm-12\"><div class=\"vc_column-inner\"><div class=\"wpb_wrapper\">\n\t<div class=\"wpb_raw_code wpb_content_element wpb_raw_html\" >\n\t\t<div class=\"wpb_wrapper\">\n\t\t\t<h3 style=\"color:#3C73B8\">Videos<\/h3>\n<hr>\n\t\t<\/div>\n\t<\/div>\n<\/div><\/div><\/div><\/div><\/div><div class=\"vc_row wpb_row vc_row-fluid\"><div class=\"row-container\"><div class=\"wpb_column vc_column_container vc_col-sm-6\"><div class=\"vc_column-inner\"><div class=\"wpb_wrapper\">\n\t<div class=\"wpb_text_column wpb_content_element\" >\n\t\t<div class=\"wpb_wrapper\">\n\t\t\t<h5><i class=\"wp-svg-screen screen\"><\/i> \u2013 How does the ion cannon air amplifier work?<\/h5>\n\n\t\t<\/div>\n\t<\/div>\n\n\t<div class=\"wpb_text_column wpb_content_element\" >\n\t\t<div class=\"wpb_wrapper\">\n\t\t\t<div style=\"width: 640px;\" class=\"wp-video\"><video class=\"wp-video-shortcode\" id=\"video-13968-1\" width=\"640\" height=\"360\" preload=\"metadata\" controls=\"controls\"><source type=\"video\/mp4\" src=\"https:\/\/airtec-servicios.com\/wp-content\/uploads\/2023\/11\/air-amplifier-entrainment-final_dvd.mp4?_=1\" \/><a href=\"https:\/\/airtec-servicios.com\/wp-content\/uploads\/2023\/11\/air-amplifier-entrainment-final_dvd.mp4\" target=\"_blank\" rel=\"noopener\">https:\/\/airtec-servicios.com\/wp-content\/uploads\/2023\/11\/air-amplifier-entrainment-final_dvd.mp4<\/a><\/video><\/div>\n\n\t\t<\/div>\n\t<\/div>\n\n\t<div class=\"wpb_raw_code wpb_content_element wpb_raw_html\" >\n\t\t<div class=\"wpb_wrapper\">\n\t\t\t<\/br>\n\t\t<\/div>\n\t<\/div>\n<\/div><\/div><\/div><div class=\"wpb_column vc_column_container vc_col-sm-6\"><div class=\"vc_column-inner\"><div class=\"wpb_wrapper\">\n\t<div class=\"wpb_text_column wpb_content_element\" >\n\t\t<div class=\"wpb_wrapper\">\n\t\t\t<h5><i class=\"wp-svg-screen screen\"><\/i> \u2013 Generation 4 static eliminators.<\/h5>\n\n\t\t<\/div>\n\t<\/div>\n\n\t<div class=\"wpb_video_widget wpb_content_element vc_clearfix   vc_video-aspect-ratio-169 vc_video-el-width-100 vc_video-align-left\" >\n\t\t<div class=\"wpb_wrapper\">\n\t\t\t\n\t\t\t<div class=\"wpb_video_wrapper\"><iframe title=\"EXAIR Gen4 Static Eliminators\" width=\"500\" height=\"281\" src=\"https:\/\/www.youtube.com\/embed\/7ZbOzK0v59w?feature=oembed\" frameborder=\"0\" allow=\"accelerometer; autoplay; clipboard-write; encrypted-media; gyroscope; picture-in-picture; web-share\" referrerpolicy=\"strict-origin-when-cross-origin\" allowfullscreen><\/iframe><\/div>\n\t\t<\/div>\n\t<\/div>\n\n\t<div class=\"wpb_raw_code wpb_content_element wpb_raw_html\" >\n\t\t<div class=\"wpb_wrapper\">\n\t\t\t<\/br>\n\t\t<\/div>\n\t<\/div>\n<\/div><\/div><\/div><\/div><\/div><div class=\"vc_row wpb_row vc_row-fluid\"><div class=\"row-container\"><div class=\"wpb_column vc_column_container vc_col-sm-12\"><div class=\"vc_column-inner\"><div class=\"wpb_wrapper\">\n\t<div class=\"wpb_raw_code wpb_content_element wpb_raw_html\" >\n\t\t<div class=\"wpb_wrapper\">\n\t\t\t<h3 style=\"color:#3C73B8\">performance<\/h3>\n<hr>\n\t\t<\/div>\n\t<\/div>\n<\/div><\/div><\/div><\/div><\/div><div class=\"vc_row wpb_row vc_row-fluid\"><div class=\"row-container\"><div class=\"wpb_column vc_column_container vc_col-sm-6\"><div class=\"vc_column-inner\"><div class=\"wpb_wrapper\">\n\t<div  class=\"wpb_single_image wpb_content_element vc_align_center\">\n\t\t\n\t\t<figure class=\"wpb_wrapper vc_figure\">\n\t\t\t<div class=\"vc_single_image-wrapper vc_box_rounded  vc_box_border_grey\"><img decoding=\"async\" width=\"299\" height=\"233\" src=\"https:\/\/airtec.global\/wp-content\/uploads\/2023\/08\/Canon-de-aire-ionizado-Exair-elimina-estatica-y-limpia-partes-y-superficies.jpg\" class=\"vc_single_image-img attachment-full\" alt=\"Ca\u00f1\u00f3n de aire ionizado Exair elimina est\u00e1tica y limpia partes y superficies.\" title=\"Ca\u00f1\u00f3n-de-aire-ionizado-Exair-elimina-est\u00e1tica-y-limpia-partes-y-superficies.\" \/><\/div><figcaption class=\"vc_figure-caption\">Exair ionized air cannon eliminates static and cleans parts and surfaces.<\/figcaption>\n\t\t<\/figure>\n\t<\/div>\n<\/div><\/div><\/div><div class=\"wpb_column vc_column_container vc_col-sm-6\"><div class=\"vc_column-inner\"><div class=\"wpb_wrapper\">\n\t<div class=\"wpb_raw_code wpb_content_element wpb_raw_html\" >\n\t\t<div class=\"wpb_wrapper\">\n\t\t\t<style>\ntable {\n  border-collapse: collapse;\n  width: 100%;\n}\n\nth, td {\n  text-align: left;\n  padding: 8px;\n}\n\ntr:nth-child(odd) {background-color: #E0E6F3;}\n<\/style>\n<table>\n<tbody>\n<tr>\n<th colspan=\"2\">Inlet Pressure<\/th>\n<th colspan=\"2\">Air Consumption<\/th>\n<th>Sound Level<\/th>\n<th>Dissipation 5kV*<\/th>\n<\/tr>\n<tr>\n<td>PSIG<\/td>\n<td>BAR<\/td>\n<td>SCFM<\/td>\n<td>SLPM<\/td>\n<td>dBA<\/td>\n<td>Seconds<\/td>\n<\/tr>\n<tr>\n<td>20<\/td>\n<td>1.4<\/td>\n<td>5.7<\/td>\n<td>161<\/td>\n<td>58<\/td>\n<td>0.75<\/td>\n<\/tr>\n<tr>\n<td>40<\/td>\n<td>2.8<\/td>\n<td>9.0<\/td>\n<td>255<\/td>\n<td>64<\/td>\n<td>0.60<\/td>\n<\/tr>\n<tr>\n<td>60<\/td>\n<td>4.1<\/td>\n<td>12.2<\/td>\n<td>345<\/td>\n<td>70<\/td>\n<td>0.50<\/td>\n<\/tr>\n<tr>\n<td>80<\/td>\n<td>5.5<\/td>\n<td>15.5<\/td>\n<td>439<\/td>\n<td>72<\/td>\n<td>0.43<\/td>\n<\/tr>\n<tr>\n<td>100<\/td>\n<td>6.9<\/td>\n<td>18.7<\/td>\n<td>529<\/td>\n<td>74<\/td>\n<td>0.37<\/td>\n<\/tr>\n<\/tbody>\n<\/table>\n\t\t<\/div>\n\t<\/div>\n<\/div><\/div><\/div><\/div><\/div><div class=\"vc_row wpb_row vc_row-fluid\"><div class=\"row-container\"><div class=\"wpb_column vc_column_container vc_col-sm-12\"><div class=\"vc_column-inner\"><div class=\"wpb_wrapper\">\n\t<div class=\"wpb_raw_code wpb_content_element wpb_raw_html\" >\n\t\t<div class=\"wpb_wrapper\">\n\t\t\t<h3 style=\"color:#3C73B8\">How does the Exair Ion Air Cannon work?<\/h3>\n<hr>\n\t\t<\/div>\n\t<\/div>\n\n\t<div class=\"wpb_text_column wpb_content_element\" >\n\t\t<div class=\"wpb_wrapper\">\n\t\t\t<p><img decoding=\"async\" class=\"size-full wp-image-1218 alignleft\" src=\"https:\/\/airtec-servicios.com\/wp-content\/uploads\/2024\/02\/Como-funciona-el-canon-de-iones-Exair.gif\" alt=\"C\u00f3mo funciona el ca\u00f1\u00f3n de iones Exair\" width=\"300\" height=\"226\" title=\"\"><\/p>\n<p>The Ion Air Cannon incorporates a super air amplifier* and an ionizing ring, energized by a power source. A small amount of compressed air is injected into the air cannon (1\ufe0f\u20e3) inducing a high volume of atmospheric air flow through it (2\ufe0f\u20e3). An emitter point on the discharge side (3\ufe0f\u20e3) ionizes the entire air stream. The result is a high conical flow of ionized air (4\ufe0f\u20e3), capable of cleaning and eliminating static at distances of up to 4.5 meters. Since more than 90% of the ionized air is atmospheric air, the ionized air cannon produces strong <strong>compressed air savings<\/strong>.<\/p>\n<p><em><img loading=\"lazy\" decoding=\"async\" class=\"wp-image-14944 alignleft\" src=\"https:\/\/airtec-servicios.com\/wp-content\/uploads\/2023\/08\/Cuarta-generacion-de-eliminadores-de-estatica-Exair-300x84-1-1.jpg\" alt=\"\" width=\"175\" height=\"49\" title=\"\"><\/em><\/p>\n<p>&nbsp;<\/p>\n<p>&nbsp;<\/p>\n<p><em>*Patent #5402938<\/em><\/p>\n\n\t\t<\/div>\n\t<\/div>\n<\/div><\/div><\/div><\/div><\/div><div class=\"vc_row wpb_row vc_row-fluid\"><div class=\"row-container\"><div class=\"wpb_column vc_column_container vc_col-sm-12\"><div class=\"vc_column-inner\"><div class=\"wpb_wrapper\">\n\t<div class=\"wpb_raw_code wpb_content_element wpb_raw_html\" >\n\t\t<div class=\"wpb_wrapper\">\n\t\t\t<h3 style=\"color:#3C73B8\">Dimensions<\/h3>\n<hr>\n\t\t<\/div>\n\t<\/div>\n\n\t<div  class=\"wpb_single_image wpb_content_element vc_align_left\">\n\t\t\n\t\t<figure class=\"wpb_wrapper vc_figure\">\n\t\t\t<div class=\"vc_single_image-wrapper   vc_box_border_grey\"><img loading=\"lazy\" decoding=\"async\" width=\"417\" height=\"372\" src=\"https:\/\/airtec.global\/wp-content\/uploads\/2023\/08\/Dimensiones-de-canon-de-iones-Exair.jpg\" class=\"vc_single_image-img attachment-full\" alt=\"\" title=\"Dimensiones-de-ca\u00f1\u00f3n-de-iones-Exair\" srcset=\"https:\/\/airtec.global\/wp-content\/uploads\/2023\/08\/Dimensiones-de-canon-de-iones-Exair.jpg 417w, https:\/\/airtec.global\/wp-content\/uploads\/2023\/08\/Dimensiones-de-canon-de-iones-Exair-300x268.jpg 300w\" sizes=\"(max-width: 417px) 100vw, 417px\"><\/div>\n\t\t<\/figure>\n\t<\/div>\n<\/div><\/div><\/div><\/div><\/div><div class=\"vc_row wpb_row vc_row-fluid\"><div class=\"row-container\"><div class=\"wpb_column vc_column_container vc_col-sm-12\"><div class=\"vc_column-inner\"><div class=\"wpb_wrapper\">\n\t<div class=\"wpb_raw_code wpb_content_element wpb_raw_html\" >\n\t\t<div class=\"wpb_wrapper\">\n\t\t\t<h3 style=\"color:#3C73B8\">Downloads<\/h3>\n<hr>\n\t\t<\/div>\n\t<\/div>\n<div class=\"vc_row wpb_row vc_inner vc_row-fluid\"><div class=\"wpb_column vc_column_container vc_col-sm-3\"><div class=\"vc_column-inner\"><div class=\"wpb_wrapper\">\n\t<div  class=\"wpb_single_image wpb_content_element vc_align_center\">\n\t\t\n\t\t<figure class=\"wpb_wrapper vc_figure\">\n\t\t\t<div class=\"vc_single_image-wrapper vc_box_border  vc_box_border_grey\"><img loading=\"lazy\" decoding=\"async\" class=\"vc_single_image-img\" src=\"https:\/\/airtec.global\/wp-content\/uploads\/2023\/08\/CANON_ION_CAT-150x200-1.png\" width=\"150\" height=\"200\" alt=\"CANON_ION_CAT-150x200\" title=\"CANON_ION_CAT-150x200\" \/><\/div>\n\t\t<\/figure>\n\t<\/div>\n<div class=\"vc_btn3-container vc_btn3-center\" ><a class=\"vc_general vc_btn3 vc_btn3-size-md vc_btn3-shape-rounded vc_btn3-style-outline vc_btn3-icon-left vc_btn3-color-mulled-wine\" href=\"https:\/\/f5u.725.myftpupload.com\/wp-content\/uploads\/2023\/10\/CATALOGO_IONIZING_CANNON.pdf\" title=\"\" target=\"_blank\" rel=\"noopener\"><i class=\"vc_btn3-icon fas fa-file-pdf\"><\/i> Download the catalog<\/a><\/div><\/div><\/div><\/div><div class=\"wpb_column vc_column_container vc_col-sm-3\"><div class=\"vc_column-inner\"><div class=\"wpb_wrapper\">\n\t<div  class=\"wpb_single_image wpb_content_element vc_align_center\">\n\t\t\n\t\t<figure class=\"wpb_wrapper vc_figure\">\n\t\t\t<div class=\"vc_single_image-wrapper vc_box_border  vc_box_border_grey\"><img loading=\"lazy\" decoding=\"async\" class=\"vc_single_image-img\" src=\"https:\/\/airtec.global\/wp-content\/uploads\/2023\/08\/CANON_TEC-150x200-1.png\" width=\"150\" height=\"200\" alt=\"CANON_TEC-150x200\" title=\"CANON_TEC-150x200\" \/><\/div>\n\t\t<\/figure>\n\t<\/div>\n<div class=\"vc_btn3-container vc_btn3-center\" ><a class=\"vc_general vc_btn3 vc_btn3-size-md vc_btn3-shape-rounded vc_btn3-style-outline vc_btn3-icon-left vc_btn3-color-mulled-wine\" href=\"https:\/\/f5u.725.myftpupload.com\/wp-content\/uploads\/2023\/10\/Gen-4-Ion_Air_Cannon-.pdf\" title=\"\" target=\"_blank\" rel=\"noopener\"><i class=\"vc_btn3-icon fas fa-file-pdf\"><\/i> Download the catalog<\/a><\/div><\/div><\/div><\/div><div class=\"wpb_column vc_column_container vc_col-sm-3\"><div class=\"vc_column-inner\"><div class=\"wpb_wrapper\"><\/div><\/div><\/div><div class=\"wpb_column vc_column_container vc_col-sm-3\"><div class=\"vc_column-inner\"><div class=\"wpb_wrapper\"><\/div><\/div><\/div><\/div><\/div><\/div><\/div><\/div><\/div>\n<\/section>","protected":false},"excerpt":{"rendered":"<h4>Quiet and efficient, it concentrates an ionized air flow to eliminate static and dust!<\/h4>\n<hr \/>\n<ul>\n<li>No moving parts, maintenance free!<\/li>\n<li>High instantaneous ionized air flow!<\/li>\n<li>Base for easy mounting and placement!<\/li>\n<li>Adjustable flow and force using slats!<\/li>\n<\/ul>\n<p><a class=\"button product_type_simple\" href=\"\/en\/contact\/\">Request A Quote.<\/a><\/p>","protected":false},"featured_media":13435,"comment_status":"closed","ping_status":"closed","template":"","meta":{"_coblocks_attr":"","_coblocks_dimensions":"","_coblocks_responsive_height":"","_coblocks_accordion_ie_support":""},"product_brand":[],"product_cat":[314,296,297],"product_tag":[],"class_list":{"0":"post-13968","1":"product","2":"type-product","3":"status-publish","4":"has-post-thumbnail","6":"product_cat-eliminadores-de-estatica","7":"product_cat-exair","8":"product_cat-producto","10":"first","11":"instock","12":"shipping-taxable","13":"product-type-simple"},"_links":{"self":[{"href":"https:\/\/airtec.global\/en\/wp-json\/wp\/v2\/product\/13968","targetHints":{"allow":["GET"]}}],"collection":[{"href":"https:\/\/airtec.global\/en\/wp-json\/wp\/v2\/product"}],"about":[{"href":"https:\/\/airtec.global\/en\/wp-json\/wp\/v2\/types\/product"}],"replies":[{"embeddable":true,"href":"https:\/\/airtec.global\/en\/wp-json\/wp\/v2\/comments?post=13968"}],"wp:featuredmedia":[{"embeddable":true,"href":"https:\/\/airtec.global\/en\/wp-json\/wp\/v2\/media\/13435"}],"wp:attachment":[{"href":"https:\/\/airtec.global\/en\/wp-json\/wp\/v2\/media?parent=13968"}],"wp:term":[{"taxonomy":"product_brand","embeddable":true,"href":"https:\/\/airtec.global\/en\/wp-json\/wp\/v2\/product_brand?post=13968"},{"taxonomy":"product_cat","embeddable":true,"href":"https:\/\/airtec.global\/en\/wp-json\/wp\/v2\/product_cat?post=13968"},{"taxonomy":"product_tag","embeddable":true,"href":"https:\/\/airtec.global\/en\/wp-json\/wp\/v2\/product_tag?post=13968"}],"curies":[{"name":"wp","href":"https:\/\/api.w.org\/{rel}","templated":true}]}}