{"id":13969,"date":"2023-08-31T23:29:54","date_gmt":"2023-08-31T23:29:54","guid":{"rendered":"https:\/\/airtec-servicios.com\/?post_type=product&#038;p=13969"},"modified":"2025-07-10T22:47:52","modified_gmt":"2025-07-10T22:47:52","slug":"pistola-de-aire-ionizado-ion-air-gun-exair-gen-4","status":"publish","type":"product","link":"https:\/\/airtec.global\/en\/product\/pistola-de-aire-ionizado-ion-air-gun-exair-gen-4\/","title":{"rendered":"Intellistat Ion Air Nozzle"},"content":{"rendered":"<section class=\"wpb-content-wrapper\"><div class=\"vc_row wpb_row vc_row-fluid\"><div class=\"row-container\"><div class=\"wpb_column vc_column_container vc_col-sm-6\"><div class=\"vc_column-inner\"><div class=\"wpb_wrapper\">\n\t<div class=\"wpb_video_widget wpb_content_element vc_clearfix   vc_video-aspect-ratio-169 vc_video-el-width-100 vc_video-align-left\" >\n\t\t<div class=\"wpb_wrapper\">\n\t\t\t\n\t\t\t<div class=\"wpb_video_wrapper\"><iframe title=\"EXAIR&#039;s Gen4  Ion Air Gun\" width=\"500\" height=\"281\" src=\"https:\/\/www.youtube.com\/embed\/IcJ8BL9p1k0?feature=oembed\" frameborder=\"0\" allow=\"accelerometer; autoplay; clipboard-write; encrypted-media; gyroscope; picture-in-picture; web-share\" referrerpolicy=\"strict-origin-when-cross-origin\" allowfullscreen><\/iframe><\/div>\n\t\t<\/div>\n\t<\/div>\n\n\t<div class=\"wpb_raw_code wpb_content_element wpb_raw_html\" >\n\t\t<div class=\"wpb_wrapper\">\n\t\t\t<\/br>\n\t\t<\/div>\n\t<\/div>\n<\/div><\/div><\/div><div class=\"wpb_column vc_column_container vc_col-sm-6\"><div class=\"vc_column-inner\"><div class=\"wpb_wrapper\">\n\t<div class=\"wpb_raw_code wpb_content_element wpb_raw_html\" >\n\t\t<div class=\"wpb_wrapper\">\n\t\t\t<h3 style=\"color:#3C73B8\">What is the Exair Ion Air Gun?<\/h3>\n<hr>\n<p>The Exair Ion Air Gun is part of the fourth generation of antistatic products that combine an incredibly fast electrostatic charge reduction effect with low <strong>compressed air savingso<\/strong> to save compressed air. It is the ideal way to remove static, contaminants or dust from three-dimensional parts prior to assembly, packaging, painting or finishing. The Exair Ion Air Gun neutralizes static electricity and cleans at distances up to 15 feet (4.6 meters).<\/p>\n<p>The Exair Ion Air Gun is quiet, lightweight and features a hook for easy storage. The 3 meters of shielded power cable is extremely flexible and rugged, designed for industrial use.<\/p>\n\t\t<\/div>\n\t<\/div>\n<\/div><\/div><\/div><\/div><\/div><div class=\"vc_row wpb_row vc_row-fluid\"><div class=\"row-container\"><div class=\"wpb_column vc_column_container vc_col-sm-4\"><div class=\"vc_column-inner\"><div class=\"wpb_wrapper\">\n\t<div class=\"wpb_raw_code wpb_content_element wpb_raw_html\" >\n\t\t<div class=\"wpb_wrapper\">\n\t\t\t<h3 style=\"color:#3C73B8\">Applications<\/h3>\n<hr>\n\t\t<\/div>\n\t<\/div>\n\n\t<div class=\"wpb_raw_code wpb_content_element wpb_raw_html\" >\n\t\t<div class=\"wpb_wrapper\">\n\t\t\t<div class=\"custom-list-item\">\n<i class=\"checkmark-icon\"><i class=\"wp-svg-checkmark-circle checkmark-circle\"><\/i><\/i>\n<p>\nEliminates dust and static before painting processes.\n<\/p>\n<\/div>\n<div class=\"custom-list-item\">\n<i class=\"checkmark-icon\"><i class=\"wp-svg-checkmark-circle checkmark-circle\"><\/i><\/i>\n<p>\nCleans and neutralizes volumetric parts.\n<\/p>\n<\/div>\n<div class=\"custom-list-item\">\n<i class=\"checkmark-icon\"><i class=\"wp-svg-checkmark-circle checkmark-circle\"><\/i><\/i>\n<p>\nCleaning of lenses or headlights.\n<\/p>\n<\/div>\n<div class=\"custom-list-item\">\n<i class=\"checkmark-icon\"><i class=\"wp-svg-checkmark-circle checkmark-circle\"><\/i><\/i>\n<p>\nFinishing of printing operations.\n<\/p>\n<\/div>\n<div class=\"custom-list-item\">\n<i class=\"checkmark-icon\"><i class=\"wp-svg-checkmark-circle checkmark-circle\"><\/i><\/i>\n<p>\nStatic elimination in textile processes.\n<\/p>\n<\/div>\n<div class=\"custom-list-item\">\n<i class=\"checkmark-icon\"><i class=\"wp-svg-checkmark-circle checkmark-circle\"><\/i><\/i>\n<p>\nTreatment of furniture or wooden parts.\n<\/p>\n<\/div>\n<div class=\"custom-list-item\">\n<i class=\"checkmark-icon\"><i class=\"wp-svg-checkmark-circle checkmark-circle\"><\/i><\/i>\n<p>\nStatic elimination in plastic film rolls before handling.\n<\/p>\n<\/div>\n<div class=\"custom-list-item\">\n<i class=\"checkmark-icon\"><i class=\"wp-svg-checkmark-circle checkmark-circle\"><\/i><\/i>\n<p>\nStatic elimination before packaging pieces of non-conductive materials.\n<\/p>\n<\/div>\n\n\t\t<\/div>\n\t<\/div>\n\n\t<div class=\"wpb_raw_code wpb_content_element wpb_raw_html\" >\n\t\t<div class=\"wpb_wrapper\">\n\t\t\t<\/br>\n\t\t<\/div>\n\t<\/div>\n<\/div><\/div><\/div><div class=\"wpb_column vc_column_container vc_col-sm-4\"><div class=\"vc_column-inner\"><div class=\"wpb_wrapper\">\n\t<div class=\"wpb_raw_code wpb_content_element wpb_raw_html\" >\n\t\t<div class=\"wpb_wrapper\">\n\t\t\t<h3 style=\"color:#3C73B8\">Advantages<\/h3>\n<hr>\n\t\t<\/div>\n\t<\/div>\n\n\t<div class=\"wpb_raw_code wpb_content_element wpb_raw_html\" >\n\t\t<div class=\"wpb_wrapper\">\n\t\t\t<div class=\"custom-list-item\">\n<i class=\"checkmark-icon\"><i class=\"wp-svg-checkmark-circle checkmark-circle\"><\/i><\/i>\n<p>\nErgonomic, light and easy to use.\n<\/p>\n<\/div>\n<div class=\"custom-list-item\">\n<i class=\"checkmark-icon\"><i class=\"wp-svg-checkmark-circle checkmark-circle\"><\/i><\/i>\n<p>\nQuickly eliminates static charges.\n<\/p>\n<\/div>\n<div class=\"custom-list-item\">\n<i class=\"checkmark-icon\"><i class=\"wp-svg-checkmark-circle checkmark-circle\"><\/i><\/i>\n<p>\nLow compressed air consumption.\n<\/p>\n<\/div>\n<div class=\"custom-list-item\">\n<i class=\"checkmark-icon\"><i class=\"wp-svg-checkmark-circle checkmark-circle\"><\/i><\/i>\n<p>\nQuiet.\n<\/p>\n<\/div>\n<div class=\"custom-list-item\">\n<i class=\"checkmark-icon\"><i class=\"wp-svg-checkmark-circle checkmark-circle\"><\/i><\/i>\n<p>\nNo moving parts. Maintenance free.\n<\/p>\n<\/div>\n<div class=\"custom-list-item\">\n<i class=\"checkmark-icon\"><i class=\"wp-svg-checkmark-circle checkmark-circle\"><\/i><\/i>\n<p>\nEffective up to 4 meters away.\n<\/p>\n<\/div>\n<div class=\"custom-list-item\">\n<i class=\"checkmark-icon\"><i class=\"wp-svg-checkmark-circle checkmark-circle\"><\/i><\/i>\n<p>\nNo risk of causing electric shocks.\n<\/p>\n<\/div>\n<div class=\"custom-list-item\">\n<i class=\"checkmark-icon\"><i class=\"wp-svg-checkmark-circle checkmark-circle\"><\/i><\/i>\n<p>\nPowerful air flow for parts cleaning.\n<\/p>\n<\/div>\n\n\t\t<\/div>\n\t<\/div>\n\n\t<div class=\"wpb_raw_code wpb_content_element wpb_raw_html\" >\n\t\t<div class=\"wpb_wrapper\">\n\t\t\t<\/br>\n\t\t<\/div>\n\t<\/div>\n<\/div><\/div><\/div><div class=\"wpb_column vc_column_container vc_col-sm-4\"><div class=\"vc_column-inner\"><div class=\"wpb_wrapper\">\n\t<div class=\"wpb_raw_code wpb_content_element wpb_raw_html\" >\n\t\t<div class=\"wpb_wrapper\">\n\t\t\t<\/br>\n\t\t<\/div>\n\t<\/div>\n\n\t<div  class=\"wpb_single_image wpb_content_element vc_align_center\">\n\t\t\n\t\t<figure class=\"wpb_wrapper vc_figure\">\n\t\t\t<div class=\"vc_single_image-wrapper vc_box_rounded  vc_box_border_grey\"><img fetchpriority=\"high\" decoding=\"async\" width=\"377\" height=\"271\" src=\"https:\/\/airtec.global\/wp-content\/uploads\/2023\/08\/Pistola-de-aire-Ionizado-Exair-es-una-solucion-sencilla-para-eliminacion-de-estatica-en-procesos-manuales.png\" class=\"vc_single_image-img attachment-full\" alt=\"Pistola de aire Ionizado Exair es una soluci\u00f3n sencilla para eliminaci\u00f3n de est\u00e1tica en procesos manuales.\" title=\"Pistola-de-aire-Ionizado-Exair-es-una-soluci\u00f3n-sencilla-para-eliminaci\u00f3n-de-est\u00e1tica-en-procesos-manuales.\" srcset=\"https:\/\/airtec.global\/wp-content\/uploads\/2023\/08\/Pistola-de-aire-Ionizado-Exair-es-una-solucion-sencilla-para-eliminacion-de-estatica-en-procesos-manuales.png 377w, https:\/\/airtec.global\/wp-content\/uploads\/2023\/08\/Pistola-de-aire-Ionizado-Exair-es-una-solucion-sencilla-para-eliminacion-de-estatica-en-procesos-manuales-300x216.png 300w\" sizes=\"(max-width: 377px) 100vw, 377px\" \/><\/div><figcaption class=\"vc_figure-caption\">Exair Ionized Air Gun is a simple solution for static elimination in manual processes.<\/figcaption>\n\t\t<\/figure>\n\t<\/div>\n<\/div><\/div><\/div><\/div><\/div><div class=\"vc_row wpb_row vc_row-fluid\"><div class=\"row-container\"><div class=\"wpb_column vc_column_container vc_col-sm-12\"><div class=\"vc_column-inner\"><div class=\"wpb_wrapper\">\n\t<div class=\"wpb_raw_code wpb_content_element wpb_raw_html\" >\n\t\t<div class=\"wpb_wrapper\">\n\t\t\t<h3 style=\"color:#3C73B8\">Technical Information<\/h3>\n<hr>\n\t\t<\/div>\n\t<\/div>\n<\/div><\/div><\/div><\/div><\/div><div class=\"vc_row wpb_row vc_row-fluid\"><div class=\"row-container\"><div class=\"wpb_column vc_column_container vc_col-sm-6\"><div class=\"vc_column-inner\"><div class=\"wpb_wrapper\">\n\t<div  class=\"wpb_single_image wpb_content_element vc_align_center\">\n\t\t\n\t\t<figure class=\"wpb_wrapper vc_figure\">\n\t\t\t<div class=\"vc_single_image-wrapper   vc_box_border_grey\"><img decoding=\"async\" width=\"439\" height=\"483\" src=\"https:\/\/airtec.global\/wp-content\/uploads\/2023\/08\/Pistola-de-aire-Ionizado-Exair-elimina-estatica-usando-iones-de-ozono-que-genera-instantaneamente.png\" class=\"vc_single_image-img attachment-full\" alt=\"Pistola de aire Ionizado Exair elimina est\u00e1tica usando iones de ozono que genera instant\u00e1neamente.\" title=\"Pistola-de-aire-Ionizado-Exair-elimina-est\u00e1tica-usando-iones-de-ozono-que-genera-instantaneamente.\" srcset=\"https:\/\/airtec.global\/wp-content\/uploads\/2023\/08\/Pistola-de-aire-Ionizado-Exair-elimina-estatica-usando-iones-de-ozono-que-genera-instantaneamente.png 439w, https:\/\/airtec.global\/wp-content\/uploads\/2023\/08\/Pistola-de-aire-Ionizado-Exair-elimina-estatica-usando-iones-de-ozono-que-genera-instantaneamente-273x300.png 273w\" sizes=\"(max-width: 439px) 100vw, 439px\" \/><\/div><figcaption class=\"vc_figure-caption\">Exair Ionized Air Gun eliminates static using ozone ions that it generates instantly.<\/figcaption>\n\t\t<\/figure>\n\t<\/div>\n<\/div><\/div><\/div><div class=\"wpb_column vc_column_container vc_col-sm-6\"><div class=\"vc_column-inner\"><div class=\"wpb_wrapper\">\n\t<div class=\"wpb_raw_code wpb_content_element wpb_raw_html\" >\n\t\t<div class=\"wpb_wrapper\">\n\t\t\t<style>\ntable {\n  border-collapse: collapse;\n  width: 100%;\n}\n\nth, td {\n  text-align: left;\n  padding: 8px;\n}\n\ntr:nth-child(odd) {background-color: #E0E6F3;}\n<\/style>\n<table>\n<tbody>\n<tr>\n<th colspan=\"2\">Inlet Pressure<\/th>\n<th colspan=\"2\">Air Consumption<\/th>\n<th>Sound Level<\/th>\n<th>Dissipation 5kV*<\/th>\n<\/tr>\n<tr>\n<td>PSIG<\/td>\n<td>BAR<\/td>\n<td>SCFM<\/td>\n<td>SLPM<\/td>\n<td>dBA<\/td>\n<td>Seconds<\/td>\n<\/tr>\n<tr>\n<td>20<\/td>\n<td>1.4<\/td>\n<td>7.4<\/td>\n<td>209<\/td>\n<td>67<\/td>\n<td>0.45<\/td>\n<\/tr>\n<tr>\n<td>40<\/td>\n<td>2.8<\/td>\n<td>11.5<\/td>\n<td>325<\/td>\n<td>74<\/td>\n<td>0.33<\/td>\n<\/tr>\n<tr>\n<td>60<\/td>\n<td>4.1<\/td>\n<td>15.8<\/td>\n<td>447<\/td>\n<td>79<\/td>\n<td>0.24<\/td>\n<\/tr>\n<tr>\n<td>80<\/td>\n<td>5.5<\/td>\n<td>22<\/td>\n<td>622<\/td>\n<td>82<\/td>\n<td>0.18<\/td>\n<\/tr>\n<tr>\n<td>100<\/td>\n<td>6.9<\/td>\n<td>24<\/td>\n<td>679<\/td>\n<td>85<\/td>\n<td>0.18<\/td>\n<\/tr>\n<\/tbody>\n<\/table>\n\t\t<\/div>\n\t<\/div>\n<\/div><\/div><\/div><\/div><\/div><div class=\"vc_row wpb_row vc_row-fluid\"><div class=\"row-container\"><div class=\"wpb_column vc_column_container vc_col-sm-12\"><div class=\"vc_column-inner\"><div class=\"wpb_wrapper\">\n\t<div class=\"wpb_raw_code wpb_content_element wpb_raw_html\" >\n\t\t<div class=\"wpb_wrapper\">\n\t\t\t<h3 style=\"color:#3C73B8\">How does the Exair Ion Air Gun work?<\/h3>\n<hr>\n\t\t<\/div>\n\t<\/div>\n\n\t<div class=\"wpb_text_column wpb_content_element\" >\n\t\t<div class=\"wpb_wrapper\">\n\t\t\t<p><img decoding=\"async\" class=\"size-full wp-image-1236 alignleft\" src=\"https:\/\/airtec-servicios.com\/wp-content\/uploads\/2024\/02\/Funcionamiento-de-la-pistola-de-aire-ionizado-para-eliminar-estatica-Exair.gif\" alt=\"Funcionamiento de la pistola de aire ionizado para eliminar est\u00e1tica Exair\" width=\"200\" height=\"117\" title=\"\"><\/p>\n<p>The Exair Ion Air Gun incorporates a high velocity air jet and an electrical energy emitting point. A small amount of compressed air is injected into the air jet (1) inducing a high volume of surrounding air flow(2) to pass through it. The emitting (shockless) point on the discharge side (3) ionizes any air stream. The result is a high volume of ionized airflow (4), capable of neutralizing high static charges in fractions of a second. An optional filter and regulator clean the compressed air and allow infinite adjustments of flow and velocity in the air stream.<\/p>\n\n\t\t<\/div>\n\t<\/div>\n<\/div><\/div><\/div><\/div><\/div><div class=\"vc_row wpb_row vc_row-fluid\"><div class=\"row-container\"><div class=\"wpb_column vc_column_container vc_col-sm-12\"><div class=\"vc_column-inner\"><div class=\"wpb_wrapper\">\n\t<div class=\"wpb_raw_code wpb_content_element wpb_raw_html\" >\n\t\t<div class=\"wpb_wrapper\">\n\t\t\t<h3 style=\"color:#3C73B8\">Videos<\/h3>\n<hr>\n\t\t<\/div>\n\t<\/div>\n<\/div><\/div><\/div><\/div><\/div><div class=\"vc_row wpb_row vc_row-fluid\"><div class=\"row-container\"><div class=\"wpb_column vc_column_container vc_col-sm-6\"><div class=\"vc_column-inner\"><div class=\"wpb_wrapper\">\n\t<div class=\"wpb_text_column wpb_content_element\" >\n\t\t<div class=\"wpb_wrapper\">\n\t\t\t<h5><i class=\"wp-svg-screen screen\"><\/i> \u2013 Cleaning instructions for Exair Ionizing Air Gun.<\/h5>\n\n\t\t<\/div>\n\t<\/div>\n\n\t<div class=\"wpb_video_widget wpb_content_element vc_clearfix   vc_video-aspect-ratio-169 vc_video-el-width-100 vc_video-align-left\" >\n\t\t<div class=\"wpb_wrapper\">\n\t\t\t\n\t\t\t<div class=\"wpb_video_wrapper\"><iframe title=\"Ion Air Gun   Ion Air Jet Cleaning\" width=\"500\" height=\"281\" src=\"https:\/\/www.youtube.com\/embed\/Q8NdwBWqHmE?feature=oembed\" frameborder=\"0\" allow=\"accelerometer; autoplay; clipboard-write; encrypted-media; gyroscope; picture-in-picture; web-share\" referrerpolicy=\"strict-origin-when-cross-origin\" allowfullscreen><\/iframe><\/div>\n\t\t<\/div>\n\t<\/div>\n<\/div><\/div><\/div><div class=\"wpb_column vc_column_container vc_col-sm-6\"><div class=\"vc_column-inner\"><div class=\"wpb_wrapper\"><\/div><\/div><\/div><\/div><\/div><div class=\"vc_row wpb_row vc_row-fluid\"><div class=\"row-container\"><div class=\"wpb_column vc_column_container vc_col-sm-12\"><div class=\"vc_column-inner\"><div class=\"wpb_wrapper\">\n\t<div class=\"wpb_raw_code wpb_content_element wpb_raw_html\" >\n\t\t<div class=\"wpb_wrapper\">\n\t\t\t<h3 style=\"color:#3C73B8\">Downloads<\/h3>\n<hr>\n\t\t<\/div>\n\t<\/div>\n<div class=\"vc_row wpb_row vc_inner vc_row-fluid\"><div class=\"wpb_column vc_column_container vc_col-sm-3\"><div class=\"vc_column-inner\"><div class=\"wpb_wrapper\">\n\t<div  class=\"wpb_single_image wpb_content_element vc_align_center\">\n\t\t\n\t\t<figure class=\"wpb_wrapper vc_figure\">\n\t\t\t<div class=\"vc_single_image-wrapper vc_box_border  vc_box_border_grey\"><img loading=\"lazy\" decoding=\"async\" class=\"vc_single_image-img\" src=\"https:\/\/airtec.global\/wp-content\/uploads\/2023\/08\/air_gun_cat-150x200-1.png\" width=\"150\" height=\"200\" alt=\"air_gun_cat-150x200\" title=\"air_gun_cat-150x200\" \/><\/div>\n\t\t<\/figure>\n\t<\/div>\n<div class=\"vc_btn3-container vc_btn3-center\" ><a class=\"vc_general vc_btn3 vc_btn3-size-md vc_btn3-shape-rounded vc_btn3-style-outline vc_btn3-icon-left vc_btn3-color-mulled-wine\" href=\"https:\/\/f5u.725.myftpupload.com\/wp-content\/uploads\/2023\/10\/catalogo_air_gun.pdf\" title=\"\" target=\"_blank\" rel=\"noopener\"><i class=\"vc_btn3-icon fas fa-file-pdf\"><\/i> Download the catalog<\/a><\/div><\/div><\/div><\/div><div class=\"wpb_column vc_column_container vc_col-sm-3\"><div class=\"vc_column-inner\"><div class=\"wpb_wrapper\">\n\t<div  class=\"wpb_single_image wpb_content_element vc_align_center\">\n\t\t\n\t\t<figure class=\"wpb_wrapper vc_figure\">\n\t\t\t<div class=\"vc_single_image-wrapper vc_box_border  vc_box_border_grey\"><img loading=\"lazy\" decoding=\"async\" class=\"vc_single_image-img\" src=\"https:\/\/airtec.global\/wp-content\/uploads\/2023\/08\/air_gun_tec-150x200-1.png\" width=\"150\" height=\"200\" alt=\"air_gun_tec-150x200\" title=\"air_gun_tec-150x200\" \/><\/div>\n\t\t<\/figure>\n\t<\/div>\n<div class=\"vc_btn3-container vc_btn3-center\" ><a class=\"vc_general vc_btn3 vc_btn3-size-md vc_btn3-shape-rounded vc_btn3-style-outline vc_btn3-icon-left vc_btn3-color-mulled-wine\" href=\"https:\/\/f5u.725.myftpupload.com\/wp-content\/uploads\/2023\/10\/Gen-4-Ion-Air-Gun-Airtec-Global-.pdf\" title=\"\" target=\"_blank\" rel=\"noopener\"><i class=\"vc_btn3-icon fas fa-file-pdf\"><\/i> Download the technical datasheet<\/a><\/div><\/div><\/div><\/div><div class=\"wpb_column vc_column_container vc_col-sm-3\"><div class=\"vc_column-inner\"><div class=\"wpb_wrapper\"><\/div><\/div><\/div><div class=\"wpb_column vc_column_container vc_col-sm-3\"><div class=\"vc_column-inner\"><div class=\"wpb_wrapper\"><\/div><\/div><\/div><\/div><\/div><\/div><\/div><\/div><\/div>\n<\/section>","protected":false},"excerpt":{"rendered":"<h4>Powerful ionized air gun to eliminate static!<\/h4>\n<hr \/>\n<ul>\n<li>No moving parts, maintenance free!<\/li>\n<li>High instantaneous ionized air flow!<\/li>\n<li>High charge decay rate (~5 kV \/ 0.5 s) !<\/li>\n<li>Ideal for manual, operator-dependent applications!<\/li>\n<\/ul>\n<p><a class=\"button product_type_simple\" href=\"\/en\/contact\/\">Request A Quote.<\/a><\/p>","protected":false},"featured_media":13443,"comment_status":"closed","ping_status":"closed","template":"","meta":{"_coblocks_attr":"","_coblocks_dimensions":"","_coblocks_responsive_height":"","_coblocks_accordion_ie_support":""},"product_brand":[],"product_cat":[314,296,297],"product_tag":[],"class_list":{"0":"post-13969","1":"product","2":"type-product","3":"status-publish","4":"has-post-thumbnail","6":"product_cat-eliminadores-de-estatica","7":"product_cat-exair","8":"product_cat-producto","10":"first","11":"instock","12":"shipping-taxable","13":"product-type-simple"},"_links":{"self":[{"href":"https:\/\/airtec.global\/en\/wp-json\/wp\/v2\/product\/13969","targetHints":{"allow":["GET"]}}],"collection":[{"href":"https:\/\/airtec.global\/en\/wp-json\/wp\/v2\/product"}],"about":[{"href":"https:\/\/airtec.global\/en\/wp-json\/wp\/v2\/types\/product"}],"replies":[{"embeddable":true,"href":"https:\/\/airtec.global\/en\/wp-json\/wp\/v2\/comments?post=13969"}],"wp:featuredmedia":[{"embeddable":true,"href":"https:\/\/airtec.global\/en\/wp-json\/wp\/v2\/media\/13443"}],"wp:attachment":[{"href":"https:\/\/airtec.global\/en\/wp-json\/wp\/v2\/media?parent=13969"}],"wp:term":[{"taxonomy":"product_brand","embeddable":true,"href":"https:\/\/airtec.global\/en\/wp-json\/wp\/v2\/product_brand?post=13969"},{"taxonomy":"product_cat","embeddable":true,"href":"https:\/\/airtec.global\/en\/wp-json\/wp\/v2\/product_cat?post=13969"},{"taxonomy":"product_tag","embeddable":true,"href":"https:\/\/airtec.global\/en\/wp-json\/wp\/v2\/product_tag?post=13969"}],"curies":[{"name":"wp","href":"https:\/\/api.w.org\/{rel}","templated":true}]}}