{"id":15375,"date":"2023-11-14T19:32:29","date_gmt":"2023-11-14T19:32:29","guid":{"rendered":"https:\/\/airtec-servicios.com\/?post_type=product&#038;p=15375"},"modified":"2025-07-22T05:51:45","modified_gmt":"2025-07-22T05:51:45","slug":"sullair-es-s-energy-series-encapsulated-rotary-screw-air-compressors-5-25hp","status":"publish","type":"product","link":"https:\/\/airtec.global\/en\/product\/sullair-es-s-energy-series-encapsulated-rotary-screw-air-compressors-5-25hp\/","title":{"rendered":"Sullair ES -S-Energy Series Sulair Encapsulated Rotary Screw Air Compressors 5 to 25 hp (4-18 kW)"},"content":{"rendered":"<section class=\"wpb-content-wrapper\"><div class=\"vc_row wpb_row vc_row-fluid\"><div class=\"row-container\"><div class=\"wpb_column vc_column_container vc_col-sm-6\"><div class=\"vc_column-inner\"><div class=\"wpb_wrapper\">\n\t<div  class=\"wpb_single_image wpb_content_element vc_align_left\">\n\t\t\n\t\t<figure class=\"wpb_wrapper vc_figure\">\n\t\t\t<div class=\"vc_single_image-wrapper   vc_box_border_grey\"><img fetchpriority=\"high\" decoding=\"async\" width=\"800\" height=\"800\" src=\"https:\/\/airtec.global\/wp-content\/uploads\/2023\/11\/PIC_S-energy-3700B-head-on.png\" class=\"vc_single_image-img attachment-full\" alt=\"\" title=\"PIC_S-energy 3700B head-on\" srcset=\"https:\/\/airtec.global\/wp-content\/uploads\/2023\/11\/PIC_S-energy-3700B-head-on.png 800w, https:\/\/airtec.global\/wp-content\/uploads\/2023\/11\/PIC_S-energy-3700B-head-on-300x300.png 300w, https:\/\/airtec.global\/wp-content\/uploads\/2023\/11\/PIC_S-energy-3700B-head-on-150x150.png 150w, https:\/\/airtec.global\/wp-content\/uploads\/2023\/11\/PIC_S-energy-3700B-head-on-768x768.png 768w, https:\/\/airtec.global\/wp-content\/uploads\/2023\/11\/PIC_S-energy-3700B-head-on-600x600.png 600w, https:\/\/airtec.global\/wp-content\/uploads\/2023\/11\/PIC_S-energy-3700B-head-on-100x100.png 100w\" sizes=\"(max-width: 800px) 100vw, 800px\"><\/div>\n\t\t<\/figure>\n\t<\/div>\n<\/div><\/div><\/div><div class=\"wpb_column vc_column_container vc_col-sm-6\"><div class=\"vc_column-inner\"><div class=\"wpb_wrapper\">\n\t<div class=\"wpb_raw_code wpb_content_element wpb_raw_html\" >\n\t\t<div class=\"wpb_wrapper\">\n\t\t\t<h3 style=\"color:#3C73B8\">\nwhat you should know\n<\/h3>\n<hr>\n\t\t<\/div>\n\t<\/div>\n\n\t<div class=\"wpb_text_column wpb_content_element \" >\n\t\t<div class=\"wpb_wrapper\">\n\t\t\t<p style=\"margin-top: -15px;\">According to Best Practices for Compressed Air Systems, \u201cCompressed Air Challenge\u201d [second edition, 2007] energy costs currently account for 82% of total operating expenses.<\/p>\n<p style=\"margin-top: -15px;\">Energy savings from Sullair S-energy\u00ae compressors can significantly reduce lifecycle costs.<\/p>\n<p>Sullair S-energy compressors significantly reduce operating and energy costs over the entire compressor life cycle.<\/p>\n<p>Contributing to the energy savings include:<\/p>\n<div class=\"custom-list-item\">\n<p><i class=\"checkmark-icon\"><i class=\"wp-svg-checkmark-circle checkmark-circle\"><\/i>Sullair compressor unit with a low restriction inlet valve.<\/i><\/p>\n<\/div>\n<div class=\"custom-list-item\">\n<p><i class=\"checkmark-icon\"><i class=\"wp-svg-checkmark-circle checkmark-circle\"><\/i>High efficiency fan.<\/i><\/p>\n<\/div>\n<div class=\"custom-list-item\">\n<p><i class=\"checkmark-icon\"><i class=\"wp-svg-checkmark-circle checkmark-circle\"><\/i>Low pressure air-fluid separation system that prevents energy loss. Sullair designs offer cost savings over the life of the product.<\/i><\/p>\n<\/div>\n<div class=\"custom-list-item\">\n<p><i class=\"checkmark-icon\"><i class=\"wp-svg-checkmark-circle checkmark-circle\"><\/i><\/i><\/p>\n<div class=\"custom-list-item\">\n<p>Improved air filtration results in:<\/p>\n<\/div>\n<\/div>\n<div class=\"custom-list-item\">\n<p><i class=\"checkmark-icon\"><i class=\"wp-svg-checkmark-circle checkmark-circle\"><\/i>Extended separator life.<\/i><\/p>\n<\/div>\n<div class=\"custom-list-item\">\n<p><i class=\"checkmark-icon\"><i class=\"wp-svg-checkmark-circle checkmark-circle\"><\/i>Improved fluid filter life.<\/i><\/p>\n<\/div>\n<div class=\"custom-list-item\">\n<p><i class=\"checkmark-icon\"><i class=\"wp-svg-checkmark-circle checkmark-circle\"><\/i>Less lubricant contamination.<\/i><\/p>\n<\/div>\n\n\t\t<\/div>\n\t<\/div>\n<\/div><\/div><\/div><\/div><\/div><div class=\"vc_row wpb_row vc_row-fluid\"><div class=\"row-container\"><div class=\"wpb_column vc_column_container vc_col-sm-12\"><div class=\"vc_column-inner\"><div class=\"wpb_wrapper\"><div class=\"vc_row wpb_row vc_inner vc_row-fluid\"><div class=\"wpb_column vc_column_container vc_col-sm-4\"><div class=\"vc_column-inner\"><div class=\"wpb_wrapper\">\n\t<div class=\"wpb_raw_code wpb_content_element wpb_raw_html\" >\n\t\t<div class=\"wpb_wrapper\">\n\t\t\t<h3 style=\"color:#3C73B8\">\nAplicaciones\n<\/h3>\n<hr>\n<p>Los clientes que han trabajado con Sullair han encontrado que los intangibles marcan toda la diferencia<\/p>\n<p>Cosas como la confianza, y la tranquilidad.<\/p>\n<div class=\"custom-list-item\">\n<i class=\"checkmark-icon\"><i class=\"wp-svg-checkmark-circle checkmark-circle\"><\/i><\/i>\n<p>\nEllos trabajan cada d\u00eda poniendo toda su fe en su equipo, as\u00ed como tambi\u00e9n en el conocimiento de que los distribuidores dedicados y el personal de Sullair los tienen cubiertos en cada paso del camino. \n<\/p>\n<\/div>\n<div class=\"custom-list-item\">\n<i class=\"checkmark-icon\"><i class=\"wp-svg-checkmark-circle checkmark-circle\"><\/i><\/i>\n<p>\nUsted tiene expectativas elevadas para sus operaciones, y nosotros hacemos equipos que comparten su \u00e9tica de trabajo.\n<\/p>\n<\/div>\n<div class=\"custom-list-item\">\n<i class=\"checkmark-icon\"><i class=\"wp-svg-checkmark-circle checkmark-circle\"><\/i><\/i>\n<p>\nLas soluciones de aire comprimido de Sullair hacen lo que se supone deben hacer, y lo hacen extremadamente bien por un tiempo muy largo.\n<\/p>\n<\/div>\n<div class=\"custom-list-item\">\n<i class=\"checkmark-icon\"><i class=\"wp-svg-checkmark-circle checkmark-circle\"><\/i><\/i>\n<p>\nTrabajar con nosotros significa no solo acceso a aire limpio y de calidad, sino tambi\u00e9n a las herramientas que usted necesita para optimizar este vital recurso\n<\/p>\n<\/div>\n\t\t<\/div>\n\t<\/div>\n<\/div><\/div><\/div><div class=\"wpb_column vc_column_container vc_col-sm-4\"><div class=\"vc_column-inner\"><div class=\"wpb_wrapper\">\n\t<div class=\"wpb_raw_code wpb_content_element wpb_raw_html\" >\n\t\t<div class=\"wpb_wrapper\">\n\t\t\t<h3 style=\"color:#3C73B8\">Ventajas<\/h3>\n<hr>\n\n\t\t<\/div>\n\t<\/div>\n\n\t<div class=\"wpb_text_column wpb_content_element \" >\n\t\t<div class=\"wpb_wrapper\">\n\t\t\t<ol>\n<li><strong>Postenfriador\/enfriador de aceite<\/strong><\/li>\n<\/ol>\n<div class=\"custom-list-item\">\n<p><i class=\"checkmark-icon\"><i class=\"wp-svg-checkmark-circle checkmark-circle\"><\/i><\/i>Enfriado por aire<\/p>\n<\/div>\n<div class=\"custom-list-item\">\n<p><i class=\"checkmark-icon\"><i class=\"wp-svg-checkmark-circle checkmark-circle\"><\/i><\/i>Acceso simplificado<\/p>\n<\/div>\n<div class=\"custom-list-item\">\n<p><i class=\"checkmark-icon\"><i class=\"wp-svg-checkmark-circle checkmark-circle\"><\/i><\/i>Limpieza f\u00e1cil<\/p>\n<\/div>\n<ol>\n<li><strong>Filtro de aire de servicio pesado<\/strong><\/li>\n<\/ol>\n<div class=\"custom-list-item\">\n<p><i class=\"checkmark-icon\"><i class=\"wp-svg-checkmark-circle checkmark-circle\"><\/i><\/i>Protege las fallas prematuras de componentes clave<\/p>\n<\/div>\n<div class=\"custom-list-item\"><i class=\"checkmark-icon\"><i class=\"wp-svg-checkmark-circle checkmark-circle\"><\/i><\/i>Extiende la vida \u00fatil del separador, del filtro de fluidos y de los fluidos<\/div>\n<ol>\n<li><strong>Sistema de control vers\u00e1til de Sullair<\/strong><\/li>\n<\/ol>\n<div class=\"custom-list-item\"><i class=\"checkmark-icon\"><i class=\"wp-svg-checkmark-circle checkmark-circle\"><\/i><\/i>Permite que el compresor opere en modulaci\u00f3n o con carga\/sin carga<\/div>\n<div class=\"custom-list-item\"><i class=\"checkmark-icon\"><i class=\"wp-svg-checkmark-circle checkmark-circle\"><\/i><\/i>Iguala la producci\u00f3n a la demanda<\/div>\n<div class=\"custom-list-item\"><i class=\"checkmark-icon\"><i class=\"wp-svg-checkmark-circle checkmark-circle\"><\/i><\/i>Estabiliza la presi\u00f3n del sistema<\/div>\n<div class=\"custom-list-item\"><i class=\"checkmark-icon\"><i class=\"wp-svg-checkmark-circle checkmark-circle\"><\/i><\/i>Prolonga la vida del separador<\/div>\n<div class=\"custom-list-item\"><i class=\"checkmark-icon\"><i class=\"wp-svg-checkmark-circle checkmark-circle\"><\/i><\/i>Paquete de instrumentaci\u00f3n<\/div>\n\n\t\t<\/div>\n\t<\/div>\n<\/div><\/div><\/div><div class=\"wpb_column vc_column_container vc_col-sm-4\"><div class=\"vc_column-inner\"><div class=\"wpb_wrapper\">\n\t<div class=\"wpb_raw_code wpb_content_element wpb_raw_html\" >\n\t\t<div class=\"wpb_wrapper\">\n\t\t\t<br>\n\t\t<\/div>\n\t<\/div>\n\n\t<div  class=\"wpb_single_image wpb_content_element vc_align_left\">\n\t\t\n\t\t<figure class=\"wpb_wrapper vc_figure\">\n\t\t\t<div class=\"vc_single_image-wrapper   vc_box_border_grey\"><img decoding=\"async\" width=\"800\" height=\"800\" src=\"https:\/\/airtec.global\/wp-content\/uploads\/2023\/11\/PIC_1100e-S-energy.png\" class=\"vc_single_image-img attachment-full\" alt=\"\" title=\"PIC_1100e S-energy\" srcset=\"https:\/\/airtec.global\/wp-content\/uploads\/2023\/11\/PIC_1100e-S-energy.png 800w, https:\/\/airtec.global\/wp-content\/uploads\/2023\/11\/PIC_1100e-S-energy-300x300.png 300w, https:\/\/airtec.global\/wp-content\/uploads\/2023\/11\/PIC_1100e-S-energy-150x150.png 150w, https:\/\/airtec.global\/wp-content\/uploads\/2023\/11\/PIC_1100e-S-energy-768x768.png 768w, https:\/\/airtec.global\/wp-content\/uploads\/2023\/11\/PIC_1100e-S-energy-600x600.png 600w, https:\/\/airtec.global\/wp-content\/uploads\/2023\/11\/PIC_1100e-S-energy-100x100.png 100w\" sizes=\"(max-width: 800px) 100vw, 800px\"><\/div>\n\t\t<\/figure>\n\t<\/div>\n<\/div><\/div><\/div><\/div><div class=\"vc_row wpb_row vc_inner vc_row-fluid\"><div class=\"wpb_column vc_column_container vc_col-sm-6\"><div class=\"vc_column-inner\"><div class=\"wpb_wrapper\">\n\t<div class=\"wpb_raw_code wpb_content_element wpb_raw_html\" >\n\t\t<div class=\"wpb_wrapper\">\n\t\t\t<h3 style=\"color:#3C73B8\">Videos<\/h3>\n<hr>\n\t\t<\/div>\n\t<\/div>\n\n\t<div class=\"wpb_video_widget wpb_content_element vc_clearfix   vc_video-aspect-ratio-169 vc_video-el-width-100 vc_video-align-left\" >\n\t\t<div class=\"wpb_wrapper\">\n\t\t\t<h2 class=\"wpb_heading wpb_video_heading\">Hitachi Serie ES S-Energy Sullair<\/h2>\n\t\t\t<div class=\"wpb_video_wrapper\"><iframe title=\"Sullair Serie ES S Energy Compresores Sullair de Aire de Tornillo Rotatorio - Airtec\" width=\"500\" height=\"281\" src=\"https:\/\/www.youtube.com\/embed\/u_yRzooXdSg?feature=oembed\" frameborder=\"0\" allow=\"accelerometer; autoplay; clipboard-write; encrypted-media; gyroscope; picture-in-picture; web-share\" referrerpolicy=\"strict-origin-when-cross-origin\" allowfullscreen><\/iframe><\/div>\n\t\t<\/div>\n\t<\/div>\n<\/div><\/div><\/div><div class=\"wpb_column vc_column_container vc_col-sm-6\"><div class=\"vc_column-inner\"><div class=\"wpb_wrapper\"><\/div><\/div><\/div><\/div>\n\t<div class=\"wpb_raw_code wpb_content_element wpb_raw_html\" >\n\t\t<div class=\"wpb_wrapper\">\n\t\t\t<h3 style=\"color:#3C73B8\">Descargas<\/h3>\n<hr>\n\t\t<\/div>\n\t<\/div>\n<\/div><\/div><\/div><\/div><\/div><div class=\"vc_row wpb_row vc_row-fluid\"><div class=\"row-container\"><div class=\"wpb_column vc_column_container vc_col-sm-3\"><div class=\"vc_column-inner\"><div class=\"wpb_wrapper\">\n\t<div  class=\"wpb_single_image wpb_content_element vc_align_center\">\n\t\t\n\t\t<figure class=\"wpb_wrapper vc_figure\">\n\t\t\t<div class=\"vc_single_image-wrapper   vc_box_border_grey\"><img decoding=\"async\" width=\"150\" height=\"195\" src=\"https:\/\/airtec.global\/wp-content\/uploads\/2023\/11\/ES-6-s-energy.png\" class=\"vc_single_image-img attachment-full\" alt=\"\" title=\"ES-6-s-energy\"><\/div>\n\t\t<\/figure>\n\t<\/div>\n<div class=\"vc_btn3-container vc_btn3-center\" ><a class=\"vc_general vc_btn3 vc_btn3-size-md vc_btn3-shape-rounded vc_btn3-style-outline vc_btn3-icon-left vc_btn3-color-mulled-wine\" href=\"https:\/\/f5u.725.myftpupload.com\/wp-content\/uploads\/2023\/11\/LIT-Sullair-S-Energy-ES-6-Brochure_SAPES6ES201809-2_ES.pdf\" title=\"\" target=\"_blank\" rel=\"noopener\"><i class=\"vc_btn3-icon fas fa-file-pdf\"><\/i> Descarga Cat\u00e1logo<\/a><\/div><\/div><\/div><\/div><div class=\"wpb_column vc_column_container vc_col-sm-3\"><div class=\"vc_column-inner\"><div class=\"wpb_wrapper\"><\/div><\/div><\/div><div class=\"wpb_column vc_column_container vc_col-sm-3\"><div class=\"vc_column-inner\"><div class=\"wpb_wrapper\"><\/div><\/div><\/div><div class=\"wpb_column vc_column_container vc_col-sm-3\"><div class=\"vc_column-inner\"><div class=\"wpb_wrapper\"><\/div><\/div><\/div><\/div><\/div>\n<\/section>","protected":false},"excerpt":{"rendered":"<p>&nbsp;<\/p>\n<h4><span data-sheets-value=\"{&quot;1&quot;:2,&quot;2&quot;:&quot;Sensores de Punto de Roc\u00edo SUTO&quot;}\" data-sheets-userformat=\"{&quot;2&quot;:14975,&quot;3&quot;:{&quot;1&quot;:0},&quot;4&quot;:{&quot;1&quot;:2,&quot;2&quot;:15921906},&quot;5&quot;:{&quot;1&quot;:[{&quot;1&quot;:2,&quot;2&quot;:0,&quot;5&quot;:{&quot;1&quot;:0}},{&quot;1&quot;:0,&quot;2&quot;:0,&quot;3&quot;:3},{&quot;1&quot;:1,&quot;2&quot;:0,&quot;4&quot;:1}]},&quot;6&quot;:{&quot;1&quot;:[{&quot;1&quot;:2,&quot;2&quot;:0,&quot;5&quot;:{&quot;1&quot;:2,&quot;2&quot;:0}},{&quot;1&quot;:0,&quot;2&quot;:0,&quot;3&quot;:3},{&quot;1&quot;:1,&quot;2&quot;:0,&quot;4&quot;:1}]},&quot;7&quot;:{&quot;1&quot;:[{&quot;1&quot;:2,&quot;2&quot;:0,&quot;5&quot;:{&quot;1&quot;:0}},{&quot;1&quot;:0,&quot;2&quot;:0,&quot;3&quot;:3},{&quot;1&quot;:1,&quot;2&quot;:0,&quot;4&quot;:1}]},&quot;8&quot;:{&quot;1&quot;:[{&quot;1&quot;:2,&quot;2&quot;:0,&quot;5&quot;:{&quot;1&quot;:0}},{&quot;1&quot;:0,&quot;2&quot;:0,&quot;3&quot;:3},{&quot;1&quot;:1,&quot;2&quot;:0,&quot;4&quot;:1}]},&quot;9&quot;:0,&quot;12&quot;:0,&quot;14&quot;:{&quot;1&quot;:3,&quot;3&quot;:1},&quot;15&quot;:&quot;Calibri&quot;,&quot;16&quot;:11}\">Sulair Encapsulated Rotary Screw Air Compressors 5 to 25 hp<\/span><\/h4>\n<hr \/>\n<ul>\n<li>Simple, compact design:<br \/>\nSullair&#8217;s encapsulated compressors use simplicity of design to provide exceptional reliability and extremely low maintenance.<\/li>\n<li>Designed to take up little space and with 40% fewer parts than conventional models, these compact machines redefine industry standards for continuous-duty compressors in the 5 to 10 hp range.<\/li>\n<li>Rotary screw reliability:<br \/>\nThese S-energy\u00ae encapsulated compressors use a single-stage rotary screw airend with Sullair&#8217;s patented E-profile rotors and rugged bearing design.<\/li>\n<li>Low maintenance costs:<br \/>\nThanks to a simplified design that uses fewer parts and connections, S-energy\u00ae compressors require minimal routine maintenance.<\/li>\n<\/ul>\n<p><a class=\"button product_type_simple\" href=\"\/contact\/\">Request A Quote.<\/a><\/p>\n","protected":false},"featured_media":15379,"comment_status":"closed","ping_status":"closed","template":"","meta":{"_coblocks_attr":"","_coblocks_dimensions":"","_coblocks_responsive_height":"","_coblocks_accordion_ie_support":""},"product_brand":[],"product_cat":[306,349,297],"product_tag":[],"class_list":{"0":"post-15375","1":"product","2":"type-product","3":"status-publish","4":"has-post-thumbnail","6":"product_cat-hitachi","7":"product_cat-lubricated-rotary-screw-air-compressors","8":"product_cat-producto","10":"first","11":"instock","12":"shipping-taxable","13":"product-type-simple"},"_links":{"self":[{"href":"https:\/\/airtec.global\/en\/wp-json\/wp\/v2\/product\/15375","targetHints":{"allow":["GET"]}}],"collection":[{"href":"https:\/\/airtec.global\/en\/wp-json\/wp\/v2\/product"}],"about":[{"href":"https:\/\/airtec.global\/en\/wp-json\/wp\/v2\/types\/product"}],"replies":[{"embeddable":true,"href":"https:\/\/airtec.global\/en\/wp-json\/wp\/v2\/comments?post=15375"}],"wp:featuredmedia":[{"embeddable":true,"href":"https:\/\/airtec.global\/en\/wp-json\/wp\/v2\/media\/15379"}],"wp:attachment":[{"href":"https:\/\/airtec.global\/en\/wp-json\/wp\/v2\/media?parent=15375"}],"wp:term":[{"taxonomy":"product_brand","embeddable":true,"href":"https:\/\/airtec.global\/en\/wp-json\/wp\/v2\/product_brand?post=15375"},{"taxonomy":"product_cat","embeddable":true,"href":"https:\/\/airtec.global\/en\/wp-json\/wp\/v2\/product_cat?post=15375"},{"taxonomy":"product_tag","embeddable":true,"href":"https:\/\/airtec.global\/en\/wp-json\/wp\/v2\/product_tag?post=15375"}],"curies":[{"name":"wp","href":"https:\/\/api.w.org\/{rel}","templated":true}]}}