{"id":15486,"date":"2023-11-21T20:58:44","date_gmt":"2023-11-21T20:58:44","guid":{"rendered":"https:\/\/airtec-servicios.com\/?post_type=product&#038;p=15486"},"modified":"2025-07-17T00:06:03","modified_gmt":"2025-07-17T00:06:03","slug":"paint-application-pumps","status":"publish","type":"product","link":"https:\/\/airtec.global\/en\/product\/paint-application-pumps\/","title":{"rendered":"Paint Application Pumps"},"content":{"rendered":"<section class=\"wpb-content-wrapper\"><div class=\"vc_row wpb_row vc_row-fluid\"><div class=\"row-container\"><div class=\"wpb_column vc_column_container vc_col-sm-6\"><div class=\"vc_column-inner\"><div class=\"wpb_wrapper\">\n\t<div class=\"wpb_raw_code wpb_content_element wpb_raw_html\" >\n\t\t<div class=\"wpb_wrapper\">\n\t\t\t<br>\n<h3 style=\"color:#3C73B8\">\nWhat you should know\n<\/h3>\n<hr>\n\t\t<\/div>\n\t<\/div>\n\n\t<div class=\"wpb_text_column wpb_content_element\" >\n\t\t<div class=\"wpb_wrapper\">\n\t\t\t<p>BINKS pumps feature long-lasting ceramic pistons resistant to wear from highly abrasive fluids, offering up to three times the durability of hard chrome coatings.<\/p>\n<p>They eliminate ice buildup, allowing for 2.5 times longer operation than competitors before requiring maintenance.<\/p>\n<p>Their patented air valve technology enables quick, pulsation-free changeover, improving finish consistency.<\/p>\n<p>Lubricant-free motor and air valve design reduces maintenance.<\/p>\n\n\t\t<\/div>\n\t<\/div>\n<\/div><\/div><\/div><div class=\"wpb_column vc_column_container vc_col-sm-6\"><div class=\"vc_column-inner\"><div class=\"wpb_wrapper\">\n\t<div class=\"wpb_raw_code wpb_content_element wpb_raw_html\" >\n\t\t<div class=\"wpb_wrapper\">\n\t\t\t<br>\n\t\t<\/div>\n\t<\/div>\n\n\t<div  class=\"wpb_single_image wpb_content_element vc_align_center\">\n\t\t\n\t\t<figure class=\"wpb_wrapper vc_figure\">\n\t\t\t<div class=\"vc_single_image-wrapper   vc_box_border_grey\"><img fetchpriority=\"high\" decoding=\"async\" width=\"300\" height=\"300\" src=\"https:\/\/airtec.global\/wp-content\/uploads\/2023\/11\/Binks-Bomba-de-Pintura-Carlisle-300x300.png\" class=\"vc_single_image-img attachment-medium\" alt=\"\" title=\"Binks Bomba de Pintura Carlisle\" srcset=\"https:\/\/airtec.global\/wp-content\/uploads\/2023\/11\/Binks-Bomba-de-Pintura-Carlisle-300x300.png 300w, https:\/\/airtec.global\/wp-content\/uploads\/2023\/11\/Binks-Bomba-de-Pintura-Carlisle-150x150.png 150w, https:\/\/airtec.global\/wp-content\/uploads\/2023\/11\/Binks-Bomba-de-Pintura-Carlisle-768x768.png 768w, https:\/\/airtec.global\/wp-content\/uploads\/2023\/11\/Binks-Bomba-de-Pintura-Carlisle-600x600.png 600w, https:\/\/airtec.global\/wp-content\/uploads\/2023\/11\/Binks-Bomba-de-Pintura-Carlisle-100x100.png 100w, https:\/\/airtec.global\/wp-content\/uploads\/2023\/11\/Binks-Bomba-de-Pintura-Carlisle.png 800w\" sizes=\"(max-width: 300px) 100vw, 300px\"><\/div>\n\t\t<\/figure>\n\t<\/div>\n\n\t<div class=\"wpb_text_column wpb_content_element\" >\n\t\t<div class=\"wpb_wrapper\">\n\t\t\t\n\t\t<\/div>\n\t<\/div>\n<\/div><\/div><\/div><\/div><\/div><div class=\"vc_row wpb_row vc_row-fluid\"><div class=\"row-container\"><div class=\"wpb_column vc_column_container vc_col-sm-12\"><div class=\"vc_column-inner\"><div class=\"wpb_wrapper\"><div class=\"vc_row wpb_row vc_inner vc_row-fluid\"><div class=\"wpb_column vc_column_container vc_col-sm-6\"><div class=\"vc_column-inner\"><div class=\"wpb_wrapper\">\n\t<div class=\"wpb_raw_code wpb_content_element wpb_raw_html\" >\n\t\t<div class=\"wpb_wrapper\">\n\t\t\t<h3 style=\"color:#3C73B8\">\nApplications\n<\/h3>\n<hr>\n<div class=\"custom-list-item\">\n<i class=\"checkmark-icon\"><i class=\"wp-svg-checkmark-circle checkmark-circle\"><\/i><\/i>\n<p>\nAerospace\n<\/p>\n<\/div>\n<div class=\"custom-list-item\">\n<i class=\"checkmark-icon\"><i class=\"wp-svg-checkmark-circle checkmark-circle\"><\/i><\/i>\n<p>\nAutomotive OEM and Tiers\n<\/p>\n<\/div>\n<div class=\"custom-list-item\">\n<i class=\"checkmark-icon\"><i class=\"wp-svg-checkmark-circle checkmark-circle\"><\/i><\/i>\n<p>\nAutomotive Finishing\n<\/p>\n<\/div>\n<div class=\"custom-list-item\">\n<i class=\"checkmark-icon\"><i class=\"wp-svg-checkmark-circle checkmark-circle\"><\/i><\/i>\n<p>\nGeneral Industry\n<\/p>\n<\/div>\n<div class=\"custom-list-item\">\n<i class=\"checkmark-icon\"><i class=\"wp-svg-checkmark-circle checkmark-circle\"><\/i><\/i>\n<p>\nGlass\n<\/p>\n<\/div>\n<div class=\"custom-list-item\">\n<i class=\"checkmark-icon\"><i class=\"wp-svg-checkmark-circle checkmark-circle\"><\/i><\/i>\n<p>\nProtective Coatings\n<\/p>\n<\/div>\n<div class=\"custom-list-item\">\n<i class=\"checkmark-icon\"><i class=\"wp-svg-checkmark-circle checkmark-circle\"><\/i><\/i>\n<p>\nWood\n<\/p>\n<\/div>\n\t\t<\/div>\n\t<\/div>\n<\/div><\/div><\/div><div class=\"wpb_column vc_column_container vc_col-sm-6\"><div class=\"vc_column-inner\"><div class=\"wpb_wrapper\">\n\t<div class=\"wpb_raw_code wpb_content_element wpb_raw_html\" >\n\t\t<div class=\"wpb_wrapper\">\n\t\t\t<h3 style=\"color:#3C73B8\">\nAdvantages\n<\/h3>\n<hr>\n<div class=\"custom-list-item\">\n<i class=\"checkmark-icon\"><i class=\"wp-svg-checkmark-circle checkmark-circle\"><\/i><\/i>\n<p>\nLong life ceramic pistons.\n<\/p>\n<\/div>\n<div class=\"custom-list-item\">\n<i class=\"checkmark-icon\"><i class=\"wp-svg-checkmark-circle checkmark-circle\"><\/i><\/i>\n<p>\nWear resistance and low risk of icing.\n<\/p>\n<\/div>\n<div class=\"custom-list-item\">\n<i class=\"checkmark-icon\"><i class=\"wp-svg-checkmark-circle checkmark-circle\"><\/i><\/i>\n<p>\nQuick change without pulsation.\n<\/p>\n<\/div>\n<div class=\"custom-list-item\">\n<i class=\"checkmark-icon\"><i class=\"wp-svg-checkmark-circle checkmark-circle\"><\/i><\/i>\n<p>\nLubricant-free operation for reduced maintenance and ease of use.\n<\/p>\n<\/div>\n\t\t<\/div>\n\t<\/div>\n<\/div><\/div><\/div><\/div><div class=\"vc_row wpb_row vc_inner vc_row-fluid\"><div class=\"wpb_column vc_column_container vc_col-sm-6\"><div class=\"vc_column-inner\"><div class=\"wpb_wrapper\">\n\t<div class=\"wpb_raw_code wpb_content_element wpb_raw_html\" >\n\t\t<div class=\"wpb_wrapper\">\n\t\t\t<h3 style=\"color:#3C73B8\">Videos<\/h3>\n<hr>\n\t\t<\/div>\n\t<\/div>\n<\/div><\/div><\/div><div class=\"wpb_column vc_column_container vc_col-sm-6\"><div class=\"vc_column-inner\"><div class=\"wpb_wrapper\"><\/div><\/div><\/div><\/div>\n\t<div class=\"wpb_raw_code wpb_content_element wpb_raw_html\" >\n\t\t<div class=\"wpb_wrapper\">\n\t\t\t<h3 style=\"color:#3C73B8\">Downloads<\/h3>\n<hr>\n\t\t<\/div>\n\t<\/div>\n<\/div><\/div><\/div><\/div><\/div><div class=\"vc_row wpb_row vc_row-fluid\"><div class=\"row-container\"><div class=\"wpb_column vc_column_container vc_col-sm-3\"><div class=\"vc_column-inner\"><div class=\"wpb_wrapper\">\n\t<div  class=\"wpb_single_image wpb_content_element vc_align_center\">\n\t\t\n\t\t<figure class=\"wpb_wrapper vc_figure\">\n\t\t\t<div class=\"vc_single_image-wrapper   vc_box_border_grey\"><img decoding=\"async\" width=\"157\" height=\"200\" src=\"https:\/\/airtec.global\/wp-content\/uploads\/2023\/11\/bombas-aplicaciones-pintura.png\" class=\"vc_single_image-img attachment-full\" alt=\"\" title=\"bombas-aplicaciones-pintura\"><\/div>\n\t\t<\/figure>\n\t<\/div>\n<div class=\"vc_btn3-container vc_btn3-center\" ><a class=\"vc_general vc_btn3 vc_btn3-size-md vc_btn3-shape-rounded vc_btn3-style-outline vc_btn3-icon-left vc_btn3-color-mulled-wine\" href=\"https:\/\/f5u.725.myftpupload.com\/wp-content\/uploads\/2023\/11\/Bombas-para-Aplicacion-de-Pintura.pdf\" title=\"\" target=\"_blank\" rel=\"noopener\"><i class=\"vc_btn3-icon fas fa-file-pdf\"><\/i> Download the Manual for Paint Application Pumps.<\/a><\/div><\/div><\/div><\/div><div class=\"wpb_column vc_column_container vc_col-sm-3\"><div class=\"vc_column-inner\"><div class=\"wpb_wrapper\"><\/div><\/div><\/div><div class=\"wpb_column vc_column_container vc_col-sm-3\"><div class=\"vc_column-inner\"><div class=\"wpb_wrapper\"><\/div><\/div><\/div><\/div><\/div>\n<\/section>","protected":false},"excerpt":{"rendered":"<p>&nbsp;<\/p>\n<h4><span data-sheets-value=\"{&quot;1&quot;:2,&quot;2&quot;:&quot;Sensores de Punto de Roc\u00edo SUTO&quot;}\" data-sheets-userformat=\"{&quot;2&quot;:14975,&quot;3&quot;:{&quot;1&quot;:0},&quot;4&quot;:{&quot;1&quot;:2,&quot;2&quot;:15921906},&quot;5&quot;:{&quot;1&quot;:[{&quot;1&quot;:2,&quot;2&quot;:0,&quot;5&quot;:{&quot;1&quot;:0}},{&quot;1&quot;:0,&quot;2&quot;:0,&quot;3&quot;:3},{&quot;1&quot;:1,&quot;2&quot;:0,&quot;4&quot;:1}]},&quot;6&quot;:{&quot;1&quot;:[{&quot;1&quot;:2,&quot;2&quot;:0,&quot;5&quot;:{&quot;1&quot;:2,&quot;2&quot;:0}},{&quot;1&quot;:0,&quot;2&quot;:0,&quot;3&quot;:3},{&quot;1&quot;:1,&quot;2&quot;:0,&quot;4&quot;:1}]},&quot;7&quot;:{&quot;1&quot;:[{&quot;1&quot;:2,&quot;2&quot;:0,&quot;5&quot;:{&quot;1&quot;:0}},{&quot;1&quot;:0,&quot;2&quot;:0,&quot;3&quot;:3},{&quot;1&quot;:1,&quot;2&quot;:0,&quot;4&quot;:1}]},&quot;8&quot;:{&quot;1&quot;:[{&quot;1&quot;:2,&quot;2&quot;:0,&quot;5&quot;:{&quot;1&quot;:0}},{&quot;1&quot;:0,&quot;2&quot;:0,&quot;3&quot;:3},{&quot;1&quot;:1,&quot;2&quot;:0,&quot;4&quot;:1}]},&quot;9&quot;:0,&quot;12&quot;:0,&quot;14&quot;:{&quot;1&quot;:3,&quot;3&quot;:1},&quot;15&quot;:&quot;Calibri&quot;,&quot;16&quot;:11}\">Air-assisted pumps for application of coatings and spray finishing<\/span><\/h4>\n<ul>\n<li><span data-sheets-root=\"1\" data-sheets-value=\"{&quot;1&quot;:2,&quot;2&quot;:&quot;Binks ha desarrollado una gama completa de agitadores utilizando tanques de presi\u00f3n existente. Las unidades de accionamiento de agitadores de engranajes ofrecen una excelente evacuaci\u00f3n de aceite. No se requeire protectores de seguridad ya qu eno hay partes de transmisi\u00f3n expuestas. La reducci\u00f3n es de 20:1 lo que signifca un menor consumo de aire para la misma velovidad de salida del eje. Compatibilidad en tanques de presi\u00f3n actuales y pasados. &quot;}\" data-sheets-userformat=\"{&quot;2&quot;:515,&quot;3&quot;:{&quot;1&quot;:0},&quot;4&quot;:{&quot;1&quot;:2,&quot;2&quot;:16776960},&quot;12&quot;:0}\">BINKS paint pumps are air-assisted airless piston pumps designed for the application of thin to medium viscosity coatings with airless spray finishes.<\/span><\/li>\n<li><span data-sheets-root=\"1\" data-sheets-value=\"{&quot;1&quot;:2,&quot;2&quot;:&quot;Binks ha desarrollado una gama completa de agitadores utilizando tanques de presi\u00f3n existente. Las unidades de accionamiento de agitadores de engranajes ofrecen una excelente evacuaci\u00f3n de aceite. No se requeire protectores de seguridad ya qu eno hay partes de transmisi\u00f3n expuestas. La reducci\u00f3n es de 20:1 lo que signifca un menor consumo de aire para la misma velovidad de salida del eje. Compatibilidad en tanques de presi\u00f3n actuales y pasados. &quot;}\" data-sheets-userformat=\"{&quot;2&quot;:515,&quot;3&quot;:{&quot;1&quot;:0},&quot;4&quot;:{&quot;1&quot;:2,&quot;2&quot;:16776960},&quot;12&quot;:0}\">BINKS spray pumps use air-operated pump technology with a patented magnetic detent design that allows for quick, pulsation-free changeover. Pistons are ceramic coated, the most durable surface for resisting wear from abrasive materials.<\/span><\/li>\n<li><span data-sheets-root=\"1\" data-sheets-value=\"{&quot;1&quot;:2,&quot;2&quot;:&quot;Binks ha desarrollado una gama completa de agitadores utilizando tanques de presi\u00f3n existente. Las unidades de accionamiento de agitadores de engranajes ofrecen una excelente evacuaci\u00f3n de aceite. No se requeire protectores de seguridad ya qu eno hay partes de transmisi\u00f3n expuestas. La reducci\u00f3n es de 20:1 lo que signifca un menor consumo de aire para la misma velovidad de salida del eje. Compatibilidad en tanques de presi\u00f3n actuales y pasados. &quot;}\" data-sheets-userformat=\"{&quot;2&quot;:515,&quot;3&quot;:{&quot;1&quot;:0},&quot;4&quot;:{&quot;1&quot;:2,&quot;2&quot;:16776960},&quot;12&quot;:0}\">High-performance paint pumps BINKS ensure consistent paint application with minimal maintenance. These industrial paint application pumps are ideal for high-demand environments, delivering precision and efficiency.<\/span><\/li>\n<li><\/li>\n<\/ul>\n<p><a class=\"button product_type_simple\" href=\"\/contact\/\">Request A Quote.<\/a><\/p>\n","protected":false},"featured_media":15487,"comment_status":"closed","ping_status":"closed","template":"","meta":{"_coblocks_attr":"","_coblocks_dimensions":"","_coblocks_responsive_height":"","_coblocks_accordion_ie_support":""},"product_brand":[],"product_cat":[297,352,357],"product_tag":[],"class_list":{"0":"post-15486","1":"product","2":"type-product","3":"status-publish","4":"has-post-thumbnail","6":"product_cat-producto","7":"product_cat-carlisle","8":"product_cat-industrial-paint-application-pumps","10":"first","11":"instock","12":"shipping-taxable","13":"product-type-simple"},"_links":{"self":[{"href":"https:\/\/airtec.global\/en\/wp-json\/wp\/v2\/product\/15486","targetHints":{"allow":["GET"]}}],"collection":[{"href":"https:\/\/airtec.global\/en\/wp-json\/wp\/v2\/product"}],"about":[{"href":"https:\/\/airtec.global\/en\/wp-json\/wp\/v2\/types\/product"}],"replies":[{"embeddable":true,"href":"https:\/\/airtec.global\/en\/wp-json\/wp\/v2\/comments?post=15486"}],"wp:featuredmedia":[{"embeddable":true,"href":"https:\/\/airtec.global\/en\/wp-json\/wp\/v2\/media\/15487"}],"wp:attachment":[{"href":"https:\/\/airtec.global\/en\/wp-json\/wp\/v2\/media?parent=15486"}],"wp:term":[{"taxonomy":"product_brand","embeddable":true,"href":"https:\/\/airtec.global\/en\/wp-json\/wp\/v2\/product_brand?post=15486"},{"taxonomy":"product_cat","embeddable":true,"href":"https:\/\/airtec.global\/en\/wp-json\/wp\/v2\/product_cat?post=15486"},{"taxonomy":"product_tag","embeddable":true,"href":"https:\/\/airtec.global\/en\/wp-json\/wp\/v2\/product_tag?post=15486"}],"curies":[{"name":"wp","href":"https:\/\/api.w.org\/{rel}","templated":true}]}}