{"id":15579,"date":"2023-12-20T16:21:11","date_gmt":"2023-12-20T16:21:11","guid":{"rendered":"https:\/\/airtec-servicios.com\/?post_type=product&#038;p=15579"},"modified":"2025-07-22T14:12:35","modified_gmt":"2025-07-22T14:12:35","slug":"intelligent-controls-industrial-compressed-air-systems","status":"publish","type":"product","link":"https:\/\/airtec.global\/en\/product\/intelligent-controls-industrial-compressed-air-systems\/","title":{"rendered":"Intelligent Controls for Industrial Compressed Air Systems"},"content":{"rendered":"<section class=\"wpb-content-wrapper\"><div class=\"vc_row wpb_row vc_row-fluid\"><div class=\"row-container\"><div class=\"wpb_column vc_column_container vc_col-sm-6\"><div class=\"vc_column-inner\"><div class=\"wpb_wrapper\">\n\t<div  class=\"wpb_single_image wpb_content_element vc_align_left\">\n\t\t\n\t\t<figure class=\"wpb_wrapper vc_figure\">\n\t\t\t<div class=\"vc_single_image-wrapper   vc_box_border_grey\"><img fetchpriority=\"high\" decoding=\"async\" width=\"720\" height=\"450\" src=\"https:\/\/airtec.global\/wp-content\/uploads\/2023\/12\/Metacentre-SX.jpg\" class=\"vc_single_image-img attachment-full\" alt=\"\" title=\"Metacentre SX\" srcset=\"https:\/\/airtec.global\/wp-content\/uploads\/2023\/12\/Metacentre-SX.jpg 720w, https:\/\/airtec.global\/wp-content\/uploads\/2023\/12\/Metacentre-SX-300x188.jpg 300w, https:\/\/airtec.global\/wp-content\/uploads\/2023\/12\/Metacentre-SX-600x375.jpg 600w\" sizes=\"(max-width: 720px) 100vw, 720px\"><\/div>\n\t\t<\/figure>\n\t<\/div>\n<\/div><\/div><\/div><div class=\"wpb_column vc_column_container vc_col-sm-6\"><div class=\"vc_column-inner\"><div class=\"wpb_wrapper\">\n\t<div class=\"wpb_raw_code wpb_content_element wpb_raw_html\" >\n\t\t<div class=\"wpb_wrapper\">\n\t\t\t<br>\n<h3 style=\"color:#3C73B8\">\nWhat you should know\n<\/h3>\n<hr>\n\t\t<\/div>\n\t<\/div>\n\n\t<div class=\"wpb_text_column wpb_content_element\" >\n\t\t<div class=\"wpb_wrapper\">\n\t\t\t\n\t\t<\/div>\n\t<\/div>\n\n\t<div class=\"wpb_text_column wpb_content_element\" >\n\t\t<div class=\"wpb_wrapper\">\n\t\t\t<p><span data-sheets-root=\"1\" data-sheets-value=\"{&quot;1&quot;:2,&quot;2&quot;:&quot;En t\u00e9rminos sencillos, los productos de Metacentre se pueden utilizar para operar compresores de aire de manera m\u00e1s eficiente. Incluso si un equipo de mantenimiento o un proveedor de aire comprimido cree que el sistema es lo m\u00e1s eficiente posible (esto incluye el uso de nuevos compresores VSD), \u00a1invariablemente no lo es! Utilizando un sistema aut\u00f3nomo de control y gesti\u00f3n para coincidir de manera precisa la generaci\u00f3n eficiente de aire comprimido con la demanda, puede ser para instalaciones con m\u00faltiples compresores, estos productos pueden reducir el consumo de energ\u00eda en m\u00e1s del 30%, proporcionando t\u00edpicamente ahorros en las decenas de miles de libras, d\u00f3lares o euros por a\u00f1o.&quot;}\" data-sheets-userformat=\"{&quot;2&quot;:515,&quot;3&quot;:{&quot;1&quot;:0},&quot;4&quot;:{&quot;1&quot;:2,&quot;2&quot;:13228792},&quot;12&quot;:0}\">Simply put, Metacentre products can be used to operate air compressors more efficiently.<\/span><\/p>\n<p><span data-sheets-root=\"1\" data-sheets-value=\"{&quot;1&quot;:2,&quot;2&quot;:&quot;En t\u00e9rminos sencillos, los productos de Metacentre se pueden utilizar para operar compresores de aire de manera m\u00e1s eficiente. Incluso si un equipo de mantenimiento o un proveedor de aire comprimido cree que el sistema es lo m\u00e1s eficiente posible (esto incluye el uso de nuevos compresores VSD), \u00a1invariablemente no lo es! Utilizando un sistema aut\u00f3nomo de control y gesti\u00f3n para coincidir de manera precisa la generaci\u00f3n eficiente de aire comprimido con la demanda, puede ser para instalaciones con m\u00faltiples compresores, estos productos pueden reducir el consumo de energ\u00eda en m\u00e1s del 30%, proporcionando t\u00edpicamente ahorros en las decenas de miles de libras, d\u00f3lares o euros por a\u00f1o.&quot;}\" data-sheets-userformat=\"{&quot;2&quot;:515,&quot;3&quot;:{&quot;1&quot;:0},&quot;4&quot;:{&quot;1&quot;:2,&quot;2&quot;:13228792},&quot;12&quot;:0}\">Even if a maintenance team or compressed air supplier believes that the system is as efficient as possible (this includes the use of new VSD compressors), it is invariably not! By using a stand-alone control and management system to precisely match efficient compressed air generation with demand, it may be for multiple compressor installations, these products can reduce energy consumption by over 30%, typically providing savings in the tens of thousands of pounds, dollars or euros per year.<\/span><\/p>\n\n\t\t<\/div>\n\t<\/div>\n<\/div><\/div><\/div><\/div><\/div><div class=\"vc_row wpb_row vc_row-fluid\"><div class=\"row-container\"><div class=\"wpb_column vc_column_container vc_col-sm-12\"><div class=\"vc_column-inner\"><div class=\"wpb_wrapper\"><div class=\"vc_row wpb_row vc_inner vc_row-fluid\"><div class=\"wpb_column vc_column_container vc_col-sm-6\"><div class=\"vc_column-inner\"><div class=\"wpb_wrapper\">\n\t<div class=\"wpb_raw_code wpb_content_element wpb_raw_html\" >\n\t\t<div class=\"wpb_wrapper\">\n\t\t\t<h3 style=\"color:#3C73B8\">\nApplications\n<\/h3>\n<hr>\n<div class=\"custom-list-item\">\n<i class=\"checkmark-icon\"><i class=\"wp-svg-checkmark-circle checkmark-circle\"><\/i><\/i>\n<p>\nFast return on investment.\n<\/p>\n<\/div>\n<div class=\"custom-list-item\">\n<i class=\"checkmark-icon\"><i class=\"wp-svg-checkmark-circle checkmark-circle\"><\/i><\/i>\n<p>\nVSD (Variable Frequency Drive) integration, intelligent compressor selection.\n<\/p>\n<\/div>\n<div class=\"custom-list-item\">\n<i class=\"checkmark-icon\"><i class=\"wp-svg-checkmark-circle checkmark-circle\"><\/i><\/i>\n<p>\nManagement reports.\n<\/p>\n<\/div>\n<div class=\"custom-list-item\">\n<i class=\"checkmark-icon\"><i class=\"wp-svg-checkmark-circle checkmark-circle\"><\/i><\/i>\n<p>\nOn-site system integration.\n<\/p>\n<\/div>\n<div class=\"custom-list-item\">\n<i class=\"checkmark-icon\"><i class=\"wp-svg-checkmark-circle checkmark-circle\"><\/i><\/i>\n<p>\nCondition monitoring, event routing and alarms via email and SMS.\n<\/p>\n<\/div>\n\n\t\t<\/div>\n\t<\/div>\n<\/div><\/div><\/div><div class=\"wpb_column vc_column_container vc_col-sm-6\"><div class=\"vc_column-inner\"><div class=\"wpb_wrapper\">\n\t<div class=\"wpb_raw_code wpb_content_element wpb_raw_html\" >\n\t\t<div class=\"wpb_wrapper\">\n\t\t\t<h3 style=\"color:#3C73B8\">\nAdvantages\n<\/h3>\n<hr>\n<div class=\"custom-list-item\">\n<i class=\"checkmark-icon\"><i class=\"wp-svg-checkmark-circle checkmark-circle\"><\/i><\/i>\n<p>\nReduce energy costs.\n<\/p>\n<\/div>\n<div class=\"custom-list-item\">\n<i class=\"checkmark-icon\"><i class=\"wp-svg-checkmark-circle checkmark-circle\"><\/i><\/i>\n<p>\nReduce carbon footprint.\n<\/p>\n<\/div>\n<div class=\"custom-list-item\">\n<i class=\"checkmark-icon\"><i class=\"wp-svg-checkmark-circle checkmark-circle\"><\/i><\/i>\n<p>\nReduce CO2 emissions.\n<\/p>\n<\/div>\n<div class=\"custom-list-item\">\n<i class=\"checkmark-icon\"><i class=\"wp-svg-checkmark-circle checkmark-circle\"><\/i><\/i>\n<p>\nIncrease company's green credentials.\n<\/p>\n<\/div>\n\t\t<\/div>\n\t<\/div>\n<\/div><\/div><\/div><\/div><div class=\"vc_row wpb_row vc_inner vc_row-fluid\"><div class=\"wpb_column vc_column_container vc_col-sm-6\"><div class=\"vc_column-inner\"><div class=\"wpb_wrapper\">\n\t<div class=\"wpb_raw_code wpb_content_element wpb_raw_html\" >\n\t\t<div class=\"wpb_wrapper\">\n\t\t\t<h3 style=\"color:#3C73B8\">Videos<\/h3>\n<hr>\n\t\t<\/div>\n\t<\/div>\n\n\t<div class=\"wpb_video_widget wpb_content_element vc_clearfix   vc_video-aspect-ratio-169 vc_video-el-width-100 vc_video-align-left\" >\n\t\t<div class=\"wpb_wrapper\">\n\t\t\t\n\t\t\t<div class=\"wpb_video_wrapper\"><iframe title=\"Control de Compresores Metacentre EnergAir y Airtec\" width=\"500\" height=\"281\" src=\"https:\/\/www.youtube.com\/embed\/ag-T0gwMLmI?feature=oembed\" frameborder=\"0\" allow=\"accelerometer; autoplay; clipboard-write; encrypted-media; gyroscope; picture-in-picture; web-share\" referrerpolicy=\"strict-origin-when-cross-origin\" allowfullscreen><\/iframe><\/div>\n\t\t<\/div>\n\t<\/div>\n<\/div><\/div><\/div><div class=\"wpb_column vc_column_container vc_col-sm-6\"><div class=\"vc_column-inner\"><div class=\"wpb_wrapper\"><\/div><\/div><\/div><\/div>\n\t<div class=\"wpb_raw_code wpb_content_element wpb_raw_html\" >\n\t\t<div class=\"wpb_wrapper\">\n\t\t\t<h3 style=\"color:#3C73B8\">Downloads<\/h3>\n<hr>\n\t\t<\/div>\n\t<\/div>\n<\/div><\/div><\/div><\/div><\/div><div class=\"vc_row wpb_row vc_row-fluid\"><div class=\"row-container\"><div class=\"wpb_column vc_column_container vc_col-sm-3\"><div class=\"vc_column-inner\"><div class=\"wpb_wrapper\">\n\t<div  class=\"wpb_single_image wpb_content_element vc_align_center\">\n\t\t\n\t\t<figure class=\"wpb_wrapper vc_figure\">\n\t\t\t<div class=\"vc_single_image-wrapper   vc_box_border_grey\"><img decoding=\"async\" width=\"160\" height=\"226\" src=\"https:\/\/airtec.global\/wp-content\/uploads\/2023\/12\/metacentre-advance-system.png\" class=\"vc_single_image-img attachment-full\" alt=\"\" title=\"metacentre-advance-system\"><\/div>\n\t\t<\/figure>\n\t<\/div>\n<div class=\"vc_btn3-container vc_btn3-center\" ><a class=\"vc_general vc_btn3 vc_btn3-size-md vc_btn3-shape-rounded vc_btn3-style-outline vc_btn3-icon-left vc_btn3-color-mulled-wine\" href=\"https:\/\/f5u.725.myftpupload.com\/wp-content\/uploads\/2024\/02\/Metacentre-Sistema-de-control-inteligente-para-compresores-de-aire-compatible-con-todas-las-marcas.-1.pdf\" title=\"\" target=\"_blank\" rel=\"noopener\"><i class=\"vc_btn3-icon fas fa-file-pdf\"><\/i> Download Catalog.<\/a><\/div><\/div><\/div><\/div><div class=\"wpb_column vc_column_container vc_col-sm-3\"><div class=\"vc_column-inner\"><div class=\"wpb_wrapper\"><\/div><\/div><\/div><div class=\"wpb_column vc_column_container vc_col-sm-3\"><div class=\"vc_column-inner\"><div class=\"wpb_wrapper\"><\/div><\/div><\/div><\/div><\/div>\n<\/section>","protected":false},"excerpt":{"rendered":"<p>&nbsp;<\/p>\n<h4><span data-sheets-value=\"{&quot;1&quot;:2,&quot;2&quot;:&quot;Sensores de Punto de Roc\u00edo SUTO&quot;}\" data-sheets-userformat=\"{&quot;2&quot;:14975,&quot;3&quot;:{&quot;1&quot;:0},&quot;4&quot;:{&quot;1&quot;:2,&quot;2&quot;:15921906},&quot;5&quot;:{&quot;1&quot;:[{&quot;1&quot;:2,&quot;2&quot;:0,&quot;5&quot;:{&quot;1&quot;:0}},{&quot;1&quot;:0,&quot;2&quot;:0,&quot;3&quot;:3},{&quot;1&quot;:1,&quot;2&quot;:0,&quot;4&quot;:1}]},&quot;6&quot;:{&quot;1&quot;:[{&quot;1&quot;:2,&quot;2&quot;:0,&quot;5&quot;:{&quot;1&quot;:2,&quot;2&quot;:0}},{&quot;1&quot;:0,&quot;2&quot;:0,&quot;3&quot;:3},{&quot;1&quot;:1,&quot;2&quot;:0,&quot;4&quot;:1}]},&quot;7&quot;:{&quot;1&quot;:[{&quot;1&quot;:2,&quot;2&quot;:0,&quot;5&quot;:{&quot;1&quot;:0}},{&quot;1&quot;:0,&quot;2&quot;:0,&quot;3&quot;:3},{&quot;1&quot;:1,&quot;2&quot;:0,&quot;4&quot;:1}]},&quot;8&quot;:{&quot;1&quot;:[{&quot;1&quot;:2,&quot;2&quot;:0,&quot;5&quot;:{&quot;1&quot;:0}},{&quot;1&quot;:0,&quot;2&quot;:0,&quot;3&quot;:3},{&quot;1&quot;:1,&quot;2&quot;:0,&quot;4&quot;:1}]},&quot;9&quot;:0,&quot;12&quot;:0,&quot;14&quot;:{&quot;1&quot;:3,&quot;3&quot;:1},&quot;15&quot;:&quot;Calibri&quot;,&quot;16&quot;:11}\">Metacentre Master Control for Industrial Compressed Air Systems<\/span><\/h4>\n<ul>\n<li><span data-sheets-root=\"1\" data-sheets-value=\"{&quot;1&quot;:2,&quot;2&quot;:&quot;Los productos de Metacentre se utilizan para integrar completamente sistemas de aire comprimido en un sitio de producci\u00f3n, optimizar la generaci\u00f3n de aire y gestionar aspectos clave del sistema con un software visual detallado pero f\u00e1cil de usar. Para instalaciones con m\u00faltiples compresores, estos productos pueden reducir el consumo de energ\u00eda en m\u00e1s del 30%, proporcionando t\u00edpicamente ahorros en las decenas de miles de libras, d\u00f3lares o euros por a\u00f1o.&quot;}\" data-sheets-userformat=\"{&quot;2&quot;:515,&quot;3&quot;:{&quot;1&quot;:0},&quot;4&quot;:{&quot;1&quot;:2,&quot;2&quot;:13228792},&quot;12&quot;:0}\">Metacentre products are used to fully integrate compressed air systems into a production site, optimize air generation and manage key aspects of the system with detailed yet easy-to-use visual software.<\/span><\/li>\n<li><span data-sheets-root=\"1\" data-sheets-value=\"{&quot;1&quot;:2,&quot;2&quot;:&quot;Los productos de Metacentre se utilizan para integrar completamente sistemas de aire comprimido en un sitio de producci\u00f3n, optimizar la generaci\u00f3n de aire y gestionar aspectos clave del sistema con un software visual detallado pero f\u00e1cil de usar. Para instalaciones con m\u00faltiples compresores, estos productos pueden reducir el consumo de energ\u00eda en m\u00e1s del 30%, proporcionando t\u00edpicamente ahorros en las decenas de miles de libras, d\u00f3lares o euros por a\u00f1o.&quot;}\" data-sheets-userformat=\"{&quot;2&quot;:515,&quot;3&quot;:{&quot;1&quot;:0},&quot;4&quot;:{&quot;1&quot;:2,&quot;2&quot;:13228792},&quot;12&quot;:0}\">For installations with multiple compressors, these products can reduce energy consumption by more than 30%, typically providing savings in the tens of thousands of pounds, dollars or euros per year.<\/span><\/li>\n<\/ul>\n<p><a class=\"button product_type_simple\" href=\"\/contact\/\">Request A Quote.<\/a><\/p>\n","protected":false},"featured_media":19325,"comment_status":"closed","ping_status":"closed","template":"","meta":{"_coblocks_attr":"","_coblocks_dimensions":"","_coblocks_responsive_height":"","_coblocks_accordion_ie_support":""},"product_brand":[],"product_cat":[297,358,359],"product_tag":[],"class_list":{"0":"post-15579","1":"product","2":"type-product","3":"status-publish","4":"has-post-thumbnail","6":"product_cat-producto","7":"product_cat-energair","8":"product_cat-intelligent-control-air-compressors","10":"first","11":"instock","12":"shipping-taxable","13":"product-type-simple"},"_links":{"self":[{"href":"https:\/\/airtec.global\/en\/wp-json\/wp\/v2\/product\/15579","targetHints":{"allow":["GET"]}}],"collection":[{"href":"https:\/\/airtec.global\/en\/wp-json\/wp\/v2\/product"}],"about":[{"href":"https:\/\/airtec.global\/en\/wp-json\/wp\/v2\/types\/product"}],"replies":[{"embeddable":true,"href":"https:\/\/airtec.global\/en\/wp-json\/wp\/v2\/comments?post=15579"}],"wp:featuredmedia":[{"embeddable":true,"href":"https:\/\/airtec.global\/en\/wp-json\/wp\/v2\/media\/19325"}],"wp:attachment":[{"href":"https:\/\/airtec.global\/en\/wp-json\/wp\/v2\/media?parent=15579"}],"wp:term":[{"taxonomy":"product_brand","embeddable":true,"href":"https:\/\/airtec.global\/en\/wp-json\/wp\/v2\/product_brand?post=15579"},{"taxonomy":"product_cat","embeddable":true,"href":"https:\/\/airtec.global\/en\/wp-json\/wp\/v2\/product_cat?post=15579"},{"taxonomy":"product_tag","embeddable":true,"href":"https:\/\/airtec.global\/en\/wp-json\/wp\/v2\/product_tag?post=15579"}],"curies":[{"name":"wp","href":"https:\/\/api.w.org\/{rel}","templated":true}]}}