{"id":15610,"date":"2023-12-20T18:05:08","date_gmt":"2023-12-20T18:05:08","guid":{"rendered":"https:\/\/airtec-servicios.com\/?post_type=product&#038;p=15610"},"modified":"2025-07-22T13:40:42","modified_gmt":"2025-07-22T13:40:42","slug":"uni-tag-data-consolidation-compressor-parameters-alarm-visualization","status":"publish","type":"product","link":"https:\/\/airtec.global\/en\/product\/uni-tag-data-consolidation-compressor-parameters-alarm-visualization\/","title":{"rendered":"UNI-TAG &#8211; Data Consolidation for Compressor Parameter and Alarm Visualization"},"content":{"rendered":"<section class=\"wpb-content-wrapper\"><div class=\"vc_row wpb_row vc_row-fluid\"><div class=\"row-container\"><div class=\"wpb_column vc_column_container vc_col-sm-6\"><div class=\"vc_column-inner\"><div class=\"wpb_wrapper\">\n\t<div  class=\"wpb_single_image wpb_content_element vc_align_left\">\n\t\t\n\t\t<figure class=\"wpb_wrapper vc_figure\">\n\t\t\t<div class=\"vc_single_image-wrapper   vc_box_border_grey\"><img fetchpriority=\"high\" decoding=\"async\" width=\"800\" height=\"800\" src=\"https:\/\/airtec.global\/wp-content\/uploads\/2023\/12\/Conexion-UNITAG-1.png\" class=\"vc_single_image-img attachment-full\" alt=\"\" title=\"Conexion UNITAG 1\" srcset=\"https:\/\/airtec.global\/wp-content\/uploads\/2023\/12\/Conexion-UNITAG-1.png 800w, https:\/\/airtec.global\/wp-content\/uploads\/2023\/12\/Conexion-UNITAG-1-300x300.png 300w, https:\/\/airtec.global\/wp-content\/uploads\/2023\/12\/Conexion-UNITAG-1-150x150.png 150w, https:\/\/airtec.global\/wp-content\/uploads\/2023\/12\/Conexion-UNITAG-1-768x768.png 768w, https:\/\/airtec.global\/wp-content\/uploads\/2023\/12\/Conexion-UNITAG-1-600x600.png 600w, https:\/\/airtec.global\/wp-content\/uploads\/2023\/12\/Conexion-UNITAG-1-100x100.png 100w\" sizes=\"(max-width: 800px) 100vw, 800px\"><\/div>\n\t\t<\/figure>\n\t<\/div>\n<\/div><\/div><\/div><div class=\"wpb_column vc_column_container vc_col-sm-6\"><div class=\"vc_column-inner\"><div class=\"wpb_wrapper\">\n\t<div class=\"wpb_raw_code wpb_content_element wpb_raw_html\" >\n\t\t<div class=\"wpb_wrapper\">\n\t\t\t<br>\n<h3 style=\"color:#3C73B8\">\nTHE SMART FACTORY JUST GOT EVEN SMARTER\n<\/h3>\n<hr>\n\t\t<\/div>\n\t<\/div>\n\n\t<div class=\"wpb_text_column wpb_content_element\" >\n\t\t<div class=\"wpb_wrapper\">\n\t\t\t\n\t\t<\/div>\n\t<\/div>\n\n\t<div class=\"wpb_text_column wpb_content_element\" >\n\t\t<div class=\"wpb_wrapper\">\n\t\t\t<p><span data-sheets-root=\"1\" data-sheets-value=\"{&quot;1&quot;:2,&quot;2&quot;:&quot;LA F\u00c1BRICA INTELIGENTE ACABA DE VOLVERSE A\u00daN M\u00c1S INTELIGENTE Desarrollado para cumplir con los requisitos de la Industria 4.0, AIRMATICSTM lleva el monitoreo, rendimiento y control de compresores de aire al siglo XXI al proporcionar un seguimiento de rendimiento en tiempo real de 360\u00b0 de los compresores de aire de las empresas, desde cualquier lugar del mundo. Un Centro de Control, Infinitas Posibilidades Command &amp; Control es el cerebro detr\u00e1s de AIRMATICSTM, que est\u00e1 instalado localmente y conectado digitalmente a trav\u00e9s de la nube. Capaz de gestionar un n\u00famero infinito de compresores de aire interconectados localmente, ya sean de velocidad fija, velocidad variable o producci\u00f3n variable, Command &amp; Control responde a retroalimentaci\u00f3n en tiempo real y ajusta configuraciones y niveles de rendimiento autom\u00e1ticamente, las 24 horas del d\u00eda, los 365 d\u00edas del a\u00f1o.&quot;}\" data-sheets-userformat=\"{&quot;2&quot;:513,&quot;3&quot;:{&quot;1&quot;:0},&quot;12&quot;:0}\">Developed to meet the requirements of Industry 4.0, AIRMATICSTM brings air compressor monitoring, performance and control into the 21st century by providing 360\u00b0 real-time performance tracking of enterprise air compressors, from anywhere in the world.<\/span><\/p>\n<p><span data-sheets-root=\"1\" data-sheets-value=\"{&quot;1&quot;:2,&quot;2&quot;:&quot;LA F\u00c1BRICA INTELIGENTE ACABA DE VOLVERSE A\u00daN M\u00c1S INTELIGENTE Desarrollado para cumplir con los requisitos de la Industria 4.0, AIRMATICSTM lleva el monitoreo, rendimiento y control de compresores de aire al siglo XXI al proporcionar un seguimiento de rendimiento en tiempo real de 360\u00b0 de los compresores de aire de las empresas, desde cualquier lugar del mundo. Un Centro de Control, Infinitas Posibilidades Command &amp; Control es el cerebro detr\u00e1s de AIRMATICSTM, que est\u00e1 instalado localmente y conectado digitalmente a trav\u00e9s de la nube. Capaz de gestionar un n\u00famero infinito de compresores de aire interconectados localmente, ya sean de velocidad fija, velocidad variable o producci\u00f3n variable, Command &amp; Control responde a retroalimentaci\u00f3n en tiempo real y ajusta configuraciones y niveles de rendimiento autom\u00e1ticamente, las 24 horas del d\u00eda, los 365 d\u00edas del a\u00f1o.&quot;}\" data-sheets-userformat=\"{&quot;2&quot;:513,&quot;3&quot;:{&quot;1&quot;:0},&quot;12&quot;:0}\">One Control Center, Infinite Possibilities Command &amp; Control is the brain behind AIRMATICSTM, which is locally installed and digitally connected via the cloud. Capable of managing an infinite number of locally interconnected air compressors, whether fixed speed, variable speed or variable output, Command &amp; Control responds to real-time feedback and adjusts settings and performance levels automatically, 24 hours a day, 365 days a year.<\/span><\/p>\n\n\t\t<\/div>\n\t<\/div>\n<\/div><\/div><\/div><\/div><\/div><div class=\"vc_row wpb_row vc_row-fluid\"><div class=\"row-container\"><div class=\"wpb_column vc_column_container vc_col-sm-12\"><div class=\"vc_column-inner\"><div class=\"wpb_wrapper\"><div class=\"vc_row wpb_row vc_inner vc_row-fluid\"><div class=\"wpb_column vc_column_container vc_col-sm-6\"><div class=\"vc_column-inner\"><div class=\"wpb_wrapper\">\n\t<div class=\"wpb_raw_code wpb_content_element wpb_raw_html\" >\n\t\t<div class=\"wpb_wrapper\">\n\t\t\t<h3 style=\"color:#3C73B8\">\nWHY USE AIRMATICS?\n<\/h3>\n<hr>\n<div class=\"custom-list-item\">\n<i class=\"checkmark-icon\"><i class=\"wp-svg-checkmark-circle checkmark-circle\"><\/i><\/i>\n<p>\nIndustry 4.0 ready\n<\/p>\n<\/div>\n<div class=\"custom-list-item\">\n<i class=\"checkmark-icon\"><i class=\"wp-svg-checkmark-circle checkmark-circle\"><\/i><\/i>\n<p>\nFully interoperable\n<\/p>\n<\/div>\n<div class=\"custom-list-item\">\n<i class=\"checkmark-icon\"><i class=\"wp-svg-checkmark-circle checkmark-circle\"><\/i><\/i>\n<p>\nBrand agnostic: AIRMATICS can be integrated into any air compressor ecosystem, regardless of manufacturer\n<\/p>\n<\/div>\n<div class=\"custom-list-item\">\n<i class=\"checkmark-icon\"><i class=\"wp-svg-checkmark-circle checkmark-circle\"><\/i><\/i>\n<p>\nReduces energy bills attributable to air compressors by up to 30%.\n<\/p>\n<\/div>\n<div class=\"custom-list-item\">\n<i class=\"checkmark-icon\"><i class=\"wp-svg-checkmark-circle checkmark-circle\"><\/i><\/i>\n<p>\nMinimizes sustainability footprint by reducing carbon emissions\n<\/p>\n<\/div>\n<div class=\"custom-list-item\">\n<i class=\"checkmark-icon\"><i class=\"wp-svg-checkmark-circle checkmark-circle\"><\/i><\/i>\n<p>\nMaximizes performance and creates efficiencies\n<\/p>\n<\/div>\n<div class=\"custom-list-item\">\n<i class=\"checkmark-icon\"><i class=\"wp-svg-checkmark-circle checkmark-circle\"><\/i><\/i>\n<p>\nReduces wear and tear: IoT capability and continuous real-time communication between the air compressor and control center ensure that performance never exceeds system requirements at any given time.\n<\/p>\n<\/div>\n<div class=\"custom-list-item\">\n<i class=\"checkmark-icon\"><i class=\"wp-svg-checkmark-circle checkmark-circle\"><\/i><\/i>\n<p>\nTransparent, user-friendly reporting: AIRMATICSTM's intuitive interface makes it easy to access information, data and reports, regardless of location.\n<\/p>\n<\/div>\n<div class=\"custom-list-item\">\n<i class=\"checkmark-icon\"><i class=\"wp-svg-checkmark-circle checkmark-circle\"><\/i><\/i>\n<p>\n  Decentralized decision making: AIRMATICSTM automatically makes the best decisions for the functionality and use of your air compressors.\n<\/p>\n<\/div>\n<div class=\"custom-list-item\">\n<i class=\"checkmark-icon\"><i class=\"wp-svg-checkmark-circle checkmark-circle\"><\/i><\/i>\n<p>\n  Totally secure.\n<\/p>\n<\/div>\n<div class=\"custom-list-item\">\n<i class=\"checkmark-icon\"><i class=\"wp-svg-checkmark-circle checkmark-circle\"><\/i><\/i>\n<p>\n  Reduces staff time spent on manual diagnostics and resolutions.\n<\/p>\n<\/div>\n<div class=\"custom-list-item\">\n<i class=\"checkmark-icon\"><i class=\"wp-svg-checkmark-circle checkmark-circle\"><\/i><\/i>\n<p>\n  Massive data helps companies make important decisions about their air compressor systems.\n<\/p>\n<\/div>\n\n\n\n\n\n\n\t\t<\/div>\n\t<\/div>\n<\/div><\/div><\/div><div class=\"wpb_column vc_column_container vc_col-sm-6\"><div class=\"vc_column-inner\"><div class=\"wpb_wrapper\">\n\t<div class=\"wpb_raw_code wpb_content_element wpb_raw_html\" >\n\t\t<div class=\"wpb_wrapper\">\n\t\t\t<h3 style=\"color:#3C73B8\">\nAdvantages\n<\/h3>\n<hr>\n<div class=\"custom-list-item\"><i class=\"checkmark-icon\"><i class=\"wp-svg-checkmark-circle checkmark-circle\"><\/i><\/i><p>\n  Smart Air, Not Hot Air\n<\/p><\/div>\n<div class=\"custom-list-item\"><i class=\"checkmark-icon\"><i class=\"wp-svg-checkmark-circle checkmark-circle\"><\/i><\/i><p>\n  Get ready for Industry 4.0\n<\/p><\/div>\n<div class=\"custom-list-item\"><i class=\"checkmark-icon\"><i class=\"wp-svg-checkmark-circle checkmark-circle\"><\/i><\/i><p>\n  Automate air compressor monitoring and control by enabling AIRMATICSTM to make the right adjustments and decisions for optimal performance and efficiency.\n<\/p><\/div>\n<div class=\"custom-list-item\"><i class=\"checkmark-icon\"><i class=\"wp-svg-checkmark-circle checkmark-circle\"><\/i><\/i><p>\n  Reduce energy costs attributable to air compressors by 30 percent.\n<\/p><\/div>\n<div class=\"custom-list-item\"><i class=\"checkmark-icon\"><i class=\"wp-svg-checkmark-circle checkmark-circle\"><\/i><\/i><p>\n  Achieve 24\/7, 360-degree visibility into the performance, efficiency and health of your entire air compressor network.\n<\/p><\/div>\n<div class=\"custom-list-item\"><i class=\"checkmark-icon\"><i class=\"wp-svg-checkmark-circle checkmark-circle\"><\/i><\/i><p>\n  Improve the performance of your air compressor network.\n<\/p><\/div>\n<div class=\"custom-list-item\"><i class=\"checkmark-icon\"><i class=\"wp-svg-checkmark-circle checkmark-circle\"><\/i><\/i><p>\n  If optimizing air compressor performance, reducing energy bills and increasing sustainability levels are important to your business, AIRMATICSTM can help.\n<\/p><\/div>\n\t\t<\/div>\n\t<\/div>\n<\/div><\/div><\/div><\/div><div class=\"vc_row wpb_row vc_inner vc_row-fluid\"><div class=\"wpb_column vc_column_container vc_col-sm-6\"><div class=\"vc_column-inner\"><div class=\"wpb_wrapper\">\n\t<div class=\"wpb_raw_code wpb_content_element wpb_raw_html\" >\n\t\t<div class=\"wpb_wrapper\">\n\t\t\t<h3 style=\"color:#3C73B8\">Videos<\/h3>\n<hr>\n\t\t<\/div>\n\t<\/div>\n\n\t<div class=\"wpb_video_widget wpb_content_element vc_clearfix   vc_video-aspect-ratio-169 vc_video-el-width-100 vc_video-align-left\" >\n\t\t<div class=\"wpb_wrapper\">\n\t\t\t\n\t\t\t<div class=\"wpb_video_wrapper\"><iframe title=\"CMC Energair\" width=\"500\" height=\"281\" src=\"https:\/\/www.youtube.com\/embed\/wG29v2kqY5o?feature=oembed\" frameborder=\"0\" allow=\"accelerometer; autoplay; clipboard-write; encrypted-media; gyroscope; picture-in-picture; web-share\" referrerpolicy=\"strict-origin-when-cross-origin\" allowfullscreen><\/iframe><\/div>\n\t\t<\/div>\n\t<\/div>\n<\/div><\/div><\/div><div class=\"wpb_column vc_column_container vc_col-sm-6\"><div class=\"vc_column-inner\"><div class=\"wpb_wrapper\"><\/div><\/div><\/div><\/div>\n\t<div class=\"wpb_raw_code wpb_content_element wpb_raw_html\" >\n\t\t<div class=\"wpb_wrapper\">\n\t\t\t<h3 style=\"color:#3C73B8\">Downloads<\/h3>\n<hr>\n\t\t<\/div>\n\t<\/div>\n<\/div><\/div><\/div><\/div><\/div><div class=\"vc_row wpb_row vc_row-fluid\"><div class=\"row-container\"><div class=\"wpb_column vc_column_container vc_col-sm-3\"><div class=\"vc_column-inner\"><div class=\"wpb_wrapper\">\n\t<div  class=\"wpb_single_image wpb_content_element vc_align_center\">\n\t\t\n\t\t<figure class=\"wpb_wrapper vc_figure\">\n\t\t\t<div class=\"vc_single_image-wrapper   vc_box_border_grey\"><img decoding=\"async\" width=\"142\" height=\"200\" src=\"https:\/\/airtec.global\/wp-content\/uploads\/2023\/12\/singlestage.png\" class=\"vc_single_image-img attachment-full\" alt=\"\" title=\"singlestage\"><\/div>\n\t\t<\/figure>\n\t<\/div>\n<div class=\"vc_btn3-container vc_btn3-center\" ><a class=\"vc_general vc_btn3 vc_btn3-size-md vc_btn3-shape-rounded vc_btn3-style-outline vc_btn3-icon-left vc_btn3-color-mulled-wine\" href=\"https:\/\/f5u.725.myftpupload.com\/wp-content\/uploads\/2023\/12\/UNI-TAG-Consonidacion-de-Datos-para-Visualizacion-de-Parametros-y-Alarmas-de-Compresores.pdf\" title=\"\" target=\"_blank\" rel=\"noopener\"><i class=\"vc_btn3-icon fas fa-file-pdf\"><\/i> Download Catalog.<\/a><\/div><\/div><\/div><\/div><div class=\"wpb_column vc_column_container vc_col-sm-3\"><div class=\"vc_column-inner\"><div class=\"wpb_wrapper\"><\/div><\/div><\/div><div class=\"wpb_column vc_column_container vc_col-sm-3\"><div class=\"vc_column-inner\"><div class=\"wpb_wrapper\"><\/div><\/div><\/div><\/div><\/div>\n<\/section>","protected":false},"excerpt":{"rendered":"<p>&nbsp;<\/p>\n<h4><span data-sheets-value=\"{&quot;1&quot;:2,&quot;2&quot;:&quot;Sensores de Punto de Roc\u00edo SUTO&quot;}\" data-sheets-userformat=\"{&quot;2&quot;:14975,&quot;3&quot;:{&quot;1&quot;:0},&quot;4&quot;:{&quot;1&quot;:2,&quot;2&quot;:15921906},&quot;5&quot;:{&quot;1&quot;:[{&quot;1&quot;:2,&quot;2&quot;:0,&quot;5&quot;:{&quot;1&quot;:0}},{&quot;1&quot;:0,&quot;2&quot;:0,&quot;3&quot;:3},{&quot;1&quot;:1,&quot;2&quot;:0,&quot;4&quot;:1}]},&quot;6&quot;:{&quot;1&quot;:[{&quot;1&quot;:2,&quot;2&quot;:0,&quot;5&quot;:{&quot;1&quot;:2,&quot;2&quot;:0}},{&quot;1&quot;:0,&quot;2&quot;:0,&quot;3&quot;:3},{&quot;1&quot;:1,&quot;2&quot;:0,&quot;4&quot;:1}]},&quot;7&quot;:{&quot;1&quot;:[{&quot;1&quot;:2,&quot;2&quot;:0,&quot;5&quot;:{&quot;1&quot;:0}},{&quot;1&quot;:0,&quot;2&quot;:0,&quot;3&quot;:3},{&quot;1&quot;:1,&quot;2&quot;:0,&quot;4&quot;:1}]},&quot;8&quot;:{&quot;1&quot;:[{&quot;1&quot;:2,&quot;2&quot;:0,&quot;5&quot;:{&quot;1&quot;:0}},{&quot;1&quot;:0,&quot;2&quot;:0,&quot;3&quot;:3},{&quot;1&quot;:1,&quot;2&quot;:0,&quot;4&quot;:1}]},&quot;9&quot;:0,&quot;12&quot;:0,&quot;14&quot;:{&quot;1&quot;:3,&quot;3&quot;:1},&quot;15&quot;:&quot;Calibri&quot;,&quot;16&quot;:11}\">Revolutionizing air compressor performance monitoring.<\/span><\/h4>\n<ul>\n<li><span data-sheets-root=\"1\" data-sheets-value=\"{&quot;1&quot;:2,&quot;2&quot;:&quot;AIR-TAG ha sido dise\u00f1ado para monitorear el rendimiento de un compresor de aire independiente, independientemente de la marca del compresor. Ubicado dentro del compresor de aire seleccionado, AIR-TAG env\u00eda los datos recopilados durante el monitoreo a trav\u00e9s de la nube, para que el usuario los vea en una interfaz f\u00e1cil de usar.&quot;}\" data-sheets-userformat=\"{&quot;2&quot;:513,&quot;3&quot;:{&quot;1&quot;:0},&quot;12&quot;:0}\">AIR-TAG has been designed to monitor the performance of a stand-alone air compressor, regardless of compressor brand.<\/span><\/li>\n<li><span data-sheets-root=\"1\" data-sheets-value=\"{&quot;1&quot;:2,&quot;2&quot;:&quot;AIR-TAG ha sido dise\u00f1ado para monitorear el rendimiento de un compresor de aire independiente, independientemente de la marca del compresor. Ubicado dentro del compresor de aire seleccionado, AIR-TAG env\u00eda los datos recopilados durante el monitoreo a trav\u00e9s de la nube, para que el usuario los vea en una interfaz f\u00e1cil de usar.&quot;}\" data-sheets-userformat=\"{&quot;2&quot;:513,&quot;3&quot;:{&quot;1&quot;:0},&quot;12&quot;:0}\">Located inside the selected air compressor, AIR-TAG sends the data collected during monitoring through the cloud for the user to view in a user-friendly interface.<\/span><\/li>\n<\/ul>\n<p><a class=\"button product_type_simple\" href=\"\/contact\/\">Request A Quote.<\/a><\/p>\n","protected":false},"featured_media":15613,"comment_status":"closed","ping_status":"closed","template":"","meta":{"_coblocks_attr":"","_coblocks_dimensions":"","_coblocks_responsive_height":"","_coblocks_accordion_ie_support":""},"product_brand":[],"product_cat":[297,358,364],"product_tag":[],"class_list":{"0":"post-15610","1":"product","2":"type-product","3":"status-publish","4":"has-post-thumbnail","6":"product_cat-producto","7":"product_cat-energair","8":"product_cat-intelligent-control-remote-monitoring","10":"first","11":"instock","12":"shipping-taxable","13":"product-type-simple"},"_links":{"self":[{"href":"https:\/\/airtec.global\/en\/wp-json\/wp\/v2\/product\/15610","targetHints":{"allow":["GET"]}}],"collection":[{"href":"https:\/\/airtec.global\/en\/wp-json\/wp\/v2\/product"}],"about":[{"href":"https:\/\/airtec.global\/en\/wp-json\/wp\/v2\/types\/product"}],"replies":[{"embeddable":true,"href":"https:\/\/airtec.global\/en\/wp-json\/wp\/v2\/comments?post=15610"}],"wp:featuredmedia":[{"embeddable":true,"href":"https:\/\/airtec.global\/en\/wp-json\/wp\/v2\/media\/15613"}],"wp:attachment":[{"href":"https:\/\/airtec.global\/en\/wp-json\/wp\/v2\/media?parent=15610"}],"wp:term":[{"taxonomy":"product_brand","embeddable":true,"href":"https:\/\/airtec.global\/en\/wp-json\/wp\/v2\/product_brand?post=15610"},{"taxonomy":"product_cat","embeddable":true,"href":"https:\/\/airtec.global\/en\/wp-json\/wp\/v2\/product_cat?post=15610"},{"taxonomy":"product_tag","embeddable":true,"href":"https:\/\/airtec.global\/en\/wp-json\/wp\/v2\/product_tag?post=15610"}],"curies":[{"name":"wp","href":"https:\/\/api.w.org\/{rel}","templated":true}]}}