{"id":15618,"date":"2023-12-20T18:17:53","date_gmt":"2023-12-20T18:17:53","guid":{"rendered":"https:\/\/airtec-servicios.com\/?post_type=product&#038;p=15618"},"modified":"2025-07-17T05:06:37","modified_gmt":"2025-07-17T05:06:37","slug":"compressed-air-efficiency-energy-audit","status":"publish","type":"product","link":"https:\/\/airtec.global\/en\/product\/compressed-air-efficiency-energy-audit\/","title":{"rendered":"Compressed Air Efficiency and Energy Consumption Audit"},"content":{"rendered":"<section class=\"wpb-content-wrapper\"><div class=\"vc_row wpb_row vc_row-fluid\"><div class=\"row-container\"><div class=\"wpb_column vc_column_container vc_col-sm-6\"><div class=\"vc_column-inner\"><div class=\"wpb_wrapper\">\n\t<div class=\"wpb_raw_code wpb_content_element wpb_raw_html\" >\n\t\t<div class=\"wpb_wrapper\">\n\t\t\t<br>\n<h3 style=\"color:#3C73B8\">\nWHAT YOU SHOULD KNOW\n<\/h3>\n<hr>\n\t\t<\/div>\n\t<\/div>\n\n\t<div class=\"wpb_text_column wpb_content_element\" >\n\t\t<div class=\"wpb_wrapper\">\n\t\t\t<p>By working with Airtec on an compressed air energy audit process, you&#8217;ll gain a detailed understanding of your industrial compressed air energy optimization system.<\/p>\n<p>These audits are crucial to understanding different parameters:<\/p>\n<p>Energy Consumption: Current sensors are placed on the main power connection of the air compressors to determine each compressor\u2019s energy generation monitoring for air systems in kW\/hr over a 7\u201310 day period.<\/p>\n<p>Pressure Variation: Pressure sensors are placed at strategic points throughout the plant to determine the pressure drop and pressure variation during production and non-production hours. This helps us determine how frequently the compressors are loading and unloading to meet the plant&#8217;s pressure demand.<\/p>\n<p>Flow and Artificial Demand: With pressure and current data, and using our SCADAR equipment and software, we can determine how much air the compressors are delivering, how much of that compressed air is used for production, and how much energy is being wasted on artificial demand. This process supports a full air system energy consumption analysis and compressed air efficiency audit.<\/p>\n<p>At the end, a detailed report is generated showing graphs hour by hour and day by day.<\/p>\n<p>With this information, we can determine the system\u2019s actual capacity. If an expansion is being considered, it\u2019s extremely helpful to confirm how much additional capacity is truly needed.<\/p>\n<p>In short, a full system diagnosis is generated, which allows us to support our clients in taking the next steps\u2014whether it\u2019s optimization, expansion, maintaining stable pressure, or finding the optimal minimum operating pressure point.<\/p>\n\n\t\t<\/div>\n\t<\/div>\n<\/div><\/div><\/div><div class=\"wpb_column vc_column_container vc_col-sm-6\"><div class=\"vc_column-inner\"><div class=\"wpb_wrapper\">\n\t<div class=\"wpb_text_column wpb_content_element\" >\n\t\t<div class=\"wpb_wrapper\">\n\t\t\t\n\t\t<\/div>\n\t<\/div>\n\n\t<div class=\"wpb_raw_code wpb_content_element wpb_raw_html\" >\n\t\t<div class=\"wpb_wrapper\">\n\t\t\t<br>\n\t\t<\/div>\n\t<\/div>\n\n\t<div  class=\"wpb_single_image wpb_content_element vc_align_center\">\n\t\t\n\t\t<figure class=\"wpb_wrapper vc_figure\">\n\t\t\t<div class=\"vc_single_image-wrapper   vc_box_border_grey\"><img fetchpriority=\"high\" decoding=\"async\" class=\"vc_single_image-img\" src=\"https:\/\/airtec.global\/wp-content\/uploads\/2023\/12\/Auditoria-a-sistema-de-aire-comprimido-generacion-y-consumo-1-1-500x455.png\" width=\"500\" height=\"455\" alt=\"Auditori\u0301a-a-sistema-de-aire-comprimido-generacio\u0301n-y-consumo-1 (1)\" title=\"Auditori\u0301a-a-sistema-de-aire-comprimido-generacio\u0301n-y-consumo-1 (1)\" \/><\/div>\n\t\t<\/figure>\n\t<\/div>\n<\/div><\/div><\/div><\/div><\/div><div class=\"vc_row wpb_row vc_row-fluid\"><div class=\"row-container\"><div class=\"wpb_column vc_column_container vc_col-sm-12\"><div class=\"vc_column-inner\"><div class=\"wpb_wrapper\"><div class=\"vc_row wpb_row vc_inner vc_row-fluid vc_row-o-content-top vc_row-flex\"><div class=\"wpb_column vc_column_container vc_col-sm-8\"><div class=\"vc_column-inner\"><div class=\"wpb_wrapper\">\n\t<div class=\"wpb_text_column wpb_content_element\" >\n\t\t<div class=\"wpb_wrapper\">\n\t\t\t<h3 style=\"color: #3c73b8;\">Energy Efficiency:<\/h3>\n<hr \/>\n<p><strong>Advantage<\/strong>: Accurate identification of compressed air system energy consumption.<\/p>\n<p><strong>Application<\/strong>: Determines how much energy is used for production and how much is wasted, enabling adjustments to maximize efficiency through a compressed air energy audit and air system energy consumption analysis.<\/p>\n<p>&nbsp;<\/p>\n<h3 style=\"color: #3c73b8;\">Equipment-Specific Consumption Breakdown:<\/h3>\n<p><strong>Advantage :<\/strong> Detailed insight into compressed air consumption by each piece of equipment.<\/p>\n<p><strong>Application :<\/strong> Enables informed decisions regarding equipment upgrades, maintenance, or replacement to improve efficiency as part of an industrial compressed air energy optimization strategy.<\/p>\n<p>&nbsp;<\/p>\n<h3 style=\"color: #3c73b8;\">Operational Optimization:<\/h3>\n<p><strong>Advantage :<\/strong> Improved capacity and performance of the compressed air system.<\/p>\n<p><strong>Application :<\/strong> Adjustment of operating parameters to achieve efficient production and reduce costs associated with compressed air consumption, supported by compressed air efficiency audit results.<\/p>\n\n\t\t<\/div>\n\t<\/div>\n<\/div><\/div><\/div><div class=\"wpb_column vc_column_container vc_col-sm-4\"><div class=\"vc_column-inner\"><div class=\"wpb_wrapper\"><\/div><\/div><\/div><\/div><div class=\"vc_row wpb_row vc_inner vc_row-fluid vc_row-o-content-top vc_row-flex\"><div class=\"wpb_column vc_column_container vc_col-sm-6\"><div class=\"vc_column-inner\"><div class=\"wpb_wrapper\">\n\t<div  class=\"wpb_single_image wpb_content_element vc_align_center\">\n\t\t\n\t\t<figure class=\"wpb_wrapper vc_figure\">\n\t\t\t<div class=\"vc_single_image-wrapper   vc_box_border_grey\"><img decoding=\"async\" width=\"695\" height=\"382\" src=\"https:\/\/airtec.global\/wp-content\/uploads\/2023\/12\/Auditoria-de-Capacidad-y-Consumo-de-Aire-Comprimido.png\" class=\"vc_single_image-img attachment-full\" alt=\"SCADAR M\u00e9xico Airtec\" title=\"SCADAR M\u00e9xico Airtec\" srcset=\"https:\/\/airtec.global\/wp-content\/uploads\/2023\/12\/Auditoria-de-Capacidad-y-Consumo-de-Aire-Comprimido.png 695w, https:\/\/airtec.global\/wp-content\/uploads\/2023\/12\/Auditoria-de-Capacidad-y-Consumo-de-Aire-Comprimido-300x165.png 300w, https:\/\/airtec.global\/wp-content\/uploads\/2023\/12\/Auditoria-de-Capacidad-y-Consumo-de-Aire-Comprimido-600x330.png 600w\" sizes=\"(max-width: 695px) 100vw, 695px\" \/><\/div>\n\t\t<\/figure>\n\t<\/div>\n\n\t<div class=\"wpb_raw_code wpb_content_element wpb_raw_html\" >\n\t\t<div class=\"wpb_wrapper\">\n\t\t\t<br>\n\t\t<\/div>\n\t<\/div>\n<\/div><\/div><\/div><div class=\"wpb_column vc_column_container vc_col-sm-6\"><div class=\"vc_column-inner\"><div class=\"wpb_wrapper\">\n\t<div class=\"wpb_text_column wpb_content_element\" >\n\t\t<div class=\"wpb_wrapper\">\n\t\t\t<h3 style=\"color: #3c73b8;\">Preventive Maintenance Programs:<\/h3>\n<p><strong>Advantage :<\/strong> Development of proactive maintenance strategies.<br \/>\n<strong>Application :<\/strong> Establishment of preventive maintenance schedules based on data analysis, which may include energy generation monitoring for air systems, to extend equipment life and minimize downtime.<\/p>\n<h3 style=\"color: #3c73b8;\">Long-Term Monitoring:<\/h3>\n<p><strong>Advantage :<\/strong> Ongoing evaluation of system performance.<br \/>\n<strong>Application :<\/strong> Implementation of corrective measures over time to maintain efficiency and adapt to changing production demands.<\/p>\n<h3 style=\"color: #3c73b8;\">Reduction of Operating Costs:<\/h3>\n<p><strong>Advantage :<\/strong> Identification of areas to reduce costs associated with compressed air consumption.<br \/>\n<strong>Application :<\/strong> Implementation of specific measures to minimize expenses and improve the overall profitability of operations.<\/p>\n<p>In summary, a compressed air consumption and capacity audit in a manufacturing plant provides a detailed overview of the system, enabling informed decisions to improve efficiency, reduce costs, and optimize production.<\/p>\n\n\t\t<\/div>\n\t<\/div>\n<\/div><\/div><\/div><\/div>\n\t<div class=\"wpb_raw_code wpb_content_element wpb_raw_html\" >\n\t\t<div class=\"wpb_wrapper\">\n\t\t\t<h3 style=\"color:#3C73B8\">Downloads<\/h3>\n<hr>\n\t\t<\/div>\n\t<\/div>\n<\/div><\/div><\/div><\/div><\/div><div class=\"vc_row wpb_row vc_row-fluid\"><div class=\"row-container\"><div class=\"wpb_column vc_column_container vc_col-sm-3\"><div class=\"vc_column-inner\"><div class=\"wpb_wrapper\">\n\t<div  class=\"wpb_single_image wpb_content_element vc_align_center\">\n\t\t\n\t\t<figure class=\"wpb_wrapper vc_figure\">\n\t\t\t<div class=\"vc_single_image-wrapper   vc_box_border_grey\"><img decoding=\"async\" width=\"155\" height=\"200\" src=\"https:\/\/airtec.global\/wp-content\/uploads\/2023\/12\/AUDITORIA-DE-CONSUMO.png\" class=\"vc_single_image-img attachment-full\" alt=\"\" title=\"AUDITORIA-DE-CONSUMO\"><\/div>\n\t\t<\/figure>\n\t<\/div>\n<div class=\"vc_btn3-container vc_btn3-center\" ><a class=\"vc_general vc_btn3 vc_btn3-size-md vc_btn3-shape-rounded vc_btn3-style-outline vc_btn3-icon-left vc_btn3-color-mulled-wine\" href=\"https:\/\/f5u.725.myftpupload.com\/wp-content\/uploads\/2023\/12\/Auditorias-de-Consumo-de-Aire-Comprimido.pdf\" title=\"\" target=\"_blank\" rel=\"noopener\"><i class=\"vc_btn3-icon fas fa-file-pdf\"><\/i> Download Catalog.<\/a><\/div><\/div><\/div><\/div><div class=\"wpb_column vc_column_container vc_col-sm-3\"><div class=\"vc_column-inner\"><div class=\"wpb_wrapper\"><\/div><\/div><\/div><div class=\"wpb_column vc_column_container vc_col-sm-3\"><div class=\"vc_column-inner\"><div class=\"wpb_wrapper\"><\/div><\/div><\/div><\/div><\/div>\n<\/section>","protected":false},"excerpt":{"rendered":"<p>&nbsp;<\/p>\n<h4>Energy Generation and Consumption Audit in Compressed Air Systems<\/h4>\n<ul>\n<li><span data-sheets-root=\"1\" data-sheets-value=\"{&quot;1&quot;:2,&quot;2&quot;:&quot;Para un mayor entendimiento del comportamiento de tu sistema de aire comprimido, Airtec ofrece auditor\u00edas de generaci\u00f3n y consumo energ\u00e9tico. Es decir, colocamos instrumentos de medici\u00f3n de corriente en tus compresores de aire, y sensores de presi\u00f3n en puntos estrat\u00e9gicos para poder entender como se comporta tu sistema. Con estas auditor\u00edas podemos determinar cuanta energ\u00eda el\u00e9ctrica esta consumiendo tu sistema y de esa energ\u00eda cuanta se est\u00e1 convirtiendo en aire comprimido para producci\u00f3n y cuanta de esa energ\u00eda se est\u00e1 desperdiciando en demanda artificial. De mismo modo te compartimos parametros de la variaci\u00f3n de presi\u00f3n en tu planta y con ello ofrecemos soluciones para optimizar y mantener tu sistema operando de la manera m\u00e1s eficiente.&quot;}\" data-sheets-userformat=\"{&quot;2&quot;:513,&quot;3&quot;:{&quot;1&quot;:0},&quot;12&quot;:0}\">For a better understanding of how your compressed air system behaves, Airtec offers compressed air energy audit and air system energy consumption analysis.<\/span><\/li>\n<li><span data-sheets-root=\"1\" data-sheets-value=\"{&quot;1&quot;:2,&quot;2&quot;:&quot;Para un mayor entendimiento del comportamiento de tu sistema de aire comprimido, Airtec ofrece auditor\u00edas de generaci\u00f3n y consumo energ\u00e9tico. Es decir, colocamos instrumentos de medici\u00f3n de corriente en tus compresores de aire, y sensores de presi\u00f3n en puntos estrat\u00e9gicos para poder entender como se comporta tu sistema. Con estas auditor\u00edas podemos determinar cuanta energ\u00eda el\u00e9ctrica esta consumiendo tu sistema y de esa energ\u00eda cuanta se est\u00e1 convirtiendo en aire comprimido para producci\u00f3n y cuanta de esa energ\u00eda se est\u00e1 desperdiciando en demanda artificial. De mismo modo te compartimos parametros de la variaci\u00f3n de presi\u00f3n en tu planta y con ello ofrecemos soluciones para optimizar y mantener tu sistema operando de la manera m\u00e1s eficiente.&quot;}\" data-sheets-userformat=\"{&quot;2&quot;:513,&quot;3&quot;:{&quot;1&quot;:0},&quot;12&quot;:0}\">That means we place current measuring instruments on your air compressors and pressure sensors at strategic points to analyze your system&#8217;s performance.<\/span><\/li>\n<li><span data-sheets-root=\"1\" data-sheets-value=\"{&quot;1&quot;:2,&quot;2&quot;:&quot;Para un mayor entendimiento del comportamiento de tu sistema de aire comprimido, Airtec ofrece auditor\u00edas de generaci\u00f3n y consumo energ\u00e9tico. Es decir, colocamos instrumentos de medici\u00f3n de corriente en tus compresores de aire, y sensores de presi\u00f3n en puntos estrat\u00e9gicos para poder entender como se comporta tu sistema. Con estas auditor\u00edas podemos determinar cuanta energ\u00eda el\u00e9ctrica esta consumiendo tu sistema y de esa energ\u00eda cuanta se est\u00e1 convirtiendo en aire comprimido para producci\u00f3n y cuanta de esa energ\u00eda se est\u00e1 desperdiciando en demanda artificial. De mismo modo te compartimos parametros de la variaci\u00f3n de presi\u00f3n en tu planta y con ello ofrecemos soluciones para optimizar y mantener tu sistema operando de la manera m\u00e1s eficiente.&quot;}\" data-sheets-userformat=\"{&quot;2&quot;:513,&quot;3&quot;:{&quot;1&quot;:0},&quot;12&quot;:0}\">With these audits, we can determine how much electrical energy your system is consuming, how much of that energy is actually being converted into compressed air for production, and how much is being wasted on artificial demand.<\/span><\/li>\n<li><span data-sheets-root=\"1\" data-sheets-value=\"{&quot;1&quot;:2,&quot;2&quot;:&quot;Para un mayor entendimiento del comportamiento de tu sistema de aire comprimido, Airtec ofrece auditor\u00edas de generaci\u00f3n y consumo energ\u00e9tico. Es decir, colocamos instrumentos de medici\u00f3n de corriente en tus compresores de aire, y sensores de presi\u00f3n en puntos estrat\u00e9gicos para poder entender como se comporta tu sistema. Con estas auditor\u00edas podemos determinar cuanta energ\u00eda el\u00e9ctrica esta consumiendo tu sistema y de esa energ\u00eda cuanta se est\u00e1 convirtiendo en aire comprimido para producci\u00f3n y cuanta de esa energ\u00eda se est\u00e1 desperdiciando en demanda artificial. De mismo modo te compartimos parametros de la variaci\u00f3n de presi\u00f3n en tu planta y con ello ofrecemos soluciones para optimizar y mantener tu sistema operando de la manera m\u00e1s eficiente.&quot;}\" data-sheets-userformat=\"{&quot;2&quot;:513,&quot;3&quot;:{&quot;1&quot;:0},&quot;12&quot;:0}\">We also provide pressure variation data across your plant, and based on that, we offer compressed air efficiency audit solutions and energy generation monitoring for air systems to optimize and keep your system running as efficiently as possible, focusing on industrial compressed air energy optimization.<\/span><\/li>\n<li><\/li>\n<\/ul>\n<p><a class=\"button product_type_simple\" href=\"\/en\/contact\/\">Request A Quote.<\/a><\/p>","protected":false},"featured_media":15627,"comment_status":"closed","ping_status":"closed","template":"","meta":{"_coblocks_attr":"","_coblocks_dimensions":"","_coblocks_responsive_height":"","_coblocks_accordion_ie_support":""},"product_brand":[],"product_cat":[361,311,310],"product_tag":[],"class_list":{"0":"post-15618","1":"product","2":"type-product","3":"status-publish","4":"has-post-thumbnail","6":"product_cat-auditoria-de-consumo-de-aire-comprimido","7":"product_cat-consultoria-en-aire","8":"product_cat-servicios","10":"first","11":"instock","12":"shipping-taxable","13":"product-type-simple"},"_links":{"self":[{"href":"https:\/\/airtec.global\/en\/wp-json\/wp\/v2\/product\/15618","targetHints":{"allow":["GET"]}}],"collection":[{"href":"https:\/\/airtec.global\/en\/wp-json\/wp\/v2\/product"}],"about":[{"href":"https:\/\/airtec.global\/en\/wp-json\/wp\/v2\/types\/product"}],"replies":[{"embeddable":true,"href":"https:\/\/airtec.global\/en\/wp-json\/wp\/v2\/comments?post=15618"}],"wp:featuredmedia":[{"embeddable":true,"href":"https:\/\/airtec.global\/en\/wp-json\/wp\/v2\/media\/15627"}],"wp:attachment":[{"href":"https:\/\/airtec.global\/en\/wp-json\/wp\/v2\/media?parent=15618"}],"wp:term":[{"taxonomy":"product_brand","embeddable":true,"href":"https:\/\/airtec.global\/en\/wp-json\/wp\/v2\/product_brand?post=15618"},{"taxonomy":"product_cat","embeddable":true,"href":"https:\/\/airtec.global\/en\/wp-json\/wp\/v2\/product_cat?post=15618"},{"taxonomy":"product_tag","embeddable":true,"href":"https:\/\/airtec.global\/en\/wp-json\/wp\/v2\/product_tag?post=15618"}],"curies":[{"name":"wp","href":"https:\/\/api.w.org\/{rel}","templated":true}]}}