{"id":15633,"date":"2023-12-27T05:10:56","date_gmt":"2023-12-27T05:10:56","guid":{"rendered":"https:\/\/airtec-servicios.com\/?post_type=product&#038;p=15633"},"modified":"2025-07-17T05:16:24","modified_gmt":"2025-07-17T05:16:24","slug":"iso-8573-1-compressed-air-quality-audit","status":"publish","type":"product","link":"https:\/\/airtec.global\/en\/product\/iso-8573-1-compressed-air-quality-audit\/","title":{"rendered":"ISO 8573-1 Compressed Air Quality Audit"},"content":{"rendered":"<section class=\"wpb-content-wrapper\"><div class=\"vc_row wpb_row vc_row-fluid\"><div class=\"row-container\"><div class=\"wpb_column vc_column_container vc_col-sm-6\"><div class=\"vc_column-inner\"><div class=\"wpb_wrapper\">\n\t<div class=\"wpb_raw_code wpb_content_element wpb_raw_html\" >\n\t\t<div class=\"wpb_wrapper\">\n\t\t\t<br>\n\t\t<\/div>\n\t<\/div>\n\n\t<div  class=\"wpb_single_image wpb_content_element vc_align_center\">\n\t\t\n\t\t<figure class=\"wpb_wrapper vc_figure\">\n\t\t\t<div class=\"vc_single_image-wrapper   vc_box_border_grey\"><img fetchpriority=\"high\" decoding=\"async\" class=\"vc_single_image-img\" src=\"https:\/\/airtec.global\/wp-content\/uploads\/2023\/12\/Avantor13-1-1-500x650.png\" width=\"500\" height=\"650\" alt=\"Avantor13 1\" title=\"Avantor13 1\" \/><\/div>\n\t\t<\/figure>\n\t<\/div>\n<\/div><\/div><\/div><div class=\"wpb_column vc_column_container vc_col-sm-6\"><div class=\"vc_column-inner\"><div class=\"wpb_wrapper\">\n\t<div class=\"wpb_raw_code wpb_content_element wpb_raw_html\" >\n\t\t<div class=\"wpb_wrapper\">\n\t\t\t<br>\n<h3 style=\"color:#3C73B8\">\nWHAT YOU SHOULD KNOW\n<\/h3>\n<hr>\n\t\t<\/div>\n\t<\/div>\n\n\t<div class=\"wpb_text_column wpb_content_element\" >\n\t\t<div class=\"wpb_wrapper\">\n\t\t\t<p>There are various contaminants in the environment such as dust, pollen, hydrocarbons, moisture, etc.<\/p>\n<p><span data-sheets-root=\"1\" data-sheets-value=\"{&quot;1&quot;:2,&quot;2&quot;:&quot;En el medio ambiente existen diferentes contaminantes como polvo, polen, hidrocarburos, humedad, etc.. Todo lo mencionado anteriormente, es succionado por el compresor de aire y los contaminantes no son siempre detenidos por au filtro de admisi\u00f3n, o en muchas ocasiones son tantos los contaminantes exteriores que los filtros de linea se saturan y si no son reemplazados con frecuencia, todos esos contaminantes llegan a la linea de aire comprimido que se utiliza para producci\u00f3n. Es importante llevar un mantenimiento constante al compresos y a los filtros tanto de aire, como de aceite asi como a los filtros de linea. En muchas ocasiones con tener filtros nuevos no es suficiente para saber la clase de aire comprimido con la que cuentas en planta. Airtec proporciona auditoria de calidad de aire comprimido con el equipo S600 de SUTO el cual esta dise\u00f1ado para monitorear la concentraci\u00f3n y tama\u00f1o de part\u00edculas, la concentraci\u00f3n de hidrocarburos y la humedad o punto de roc\u00edo en el sistema. Este equipo esta dise\u00f1ado para cumplir la normativa ISO 8573-1 de los estandares de calidad de aire comprimido permitidos en la industria de manufactura. Al terminar las lecturas te proporcionamos un reporte en el cual puedes visualizar todos estos datos asi como presi\u00f3n, flujo y temperatura. Nuestros equipos se calibran y se certifican en Alemania cada a\u00f1o para mantener los niveles m\u00e1s altos para toma de lecturas.&quot;}\" data-sheets-userformat=\"{&quot;2&quot;:515,&quot;3&quot;:{&quot;1&quot;:0},&quot;4&quot;:{&quot;1&quot;:2,&quot;2&quot;:16776960},&quot;12&quot;:0}\">All of the above is drawn in by the air compressor, and the contaminants are not always stopped by its intake filter. In many cases, the amount of external contaminants is so high that the line filters become saturated, and if they\u2019re not replaced regularly, all those impurities end up in the compressed air line used for production.<\/span><\/p>\n<p>It\u2019s important to perform regular maintenance on the compressor and on both air and oil filters, as well as the line filters.<\/p>\n<p>In many cases, simply having new filters isn\u2019t enough to know the actual compressed air purity testing ISO standards in your plant.<\/p>\n<p>Airtec provides ISO 8573-1 compressed air quality audit services using the SUTO S600 device, which is designed to monitor particle concentration and size, hydrocarbon levels, and moisture or dew point in the system.<\/p>\n<p>This device is built to comply with Industrial air quality compliance ISO 8573-1 standards for acceptable compressed air quality in the manufacturing industry, supporting complete compressed air contamination analysis.<\/p>\n<p>Once the readings are complete, we provide a report where you can see all this data, along with pressure, flow, and temperature, as part of our Air supply quality audit ISO 8573.<\/p>\n<p>Our equipment is calibrated and certified in Germany every year to ensure the highest accuracy in data collection.<\/p>\n\n\t\t<\/div>\n\t<\/div>\n\n\t<div class=\"wpb_text_column wpb_content_element\" >\n\t\t<div class=\"wpb_wrapper\">\n\t\t\t\n\t\t<\/div>\n\t<\/div>\n<\/div><\/div><\/div><\/div><\/div><div class=\"vc_row wpb_row vc_row-fluid\"><div class=\"row-container\"><div class=\"wpb_column vc_column_container vc_col-sm-12\"><div class=\"vc_column-inner\"><div class=\"wpb_wrapper\"><div class=\"vc_row wpb_row vc_inner vc_row-fluid vc_row-o-content-top vc_row-flex\"><div class=\"wpb_column vc_column_container vc_col-sm-6\"><div class=\"vc_column-inner\"><div class=\"wpb_wrapper\">\n\t<div class=\"wpb_raw_code wpb_content_element wpb_raw_html\" >\n\t\t<div class=\"wpb_wrapper\">\n\t\t\t<h3 style=\"color:#3C73B8\">\nApplications\n<\/h3>\n<hr>\n<div class=\"custom-list-item\">\n<i class=\"checkmark-icon\"><i class=\"wp-svg-checkmark-circle checkmark-circle\"><\/i><\/i>\n<p>\nREGULATORY COMPLIANCE:\n<\/p>\n<\/div>\n<p>Identification and correction of deviations to ensure Industrial air quality compliance ISO 8573-1.<\/p>\n<div class=\"custom-list-item\">\n<i class=\"checkmark-icon\"><i class=\"wp-svg-checkmark-circle checkmark-circle\"><\/i><\/i>\n<p>\nPRODUCT QUALITY ASSURANCE\n<\/p>\n<\/div>\n<p>Elimination of contaminants to ensure the quality of manufactured products, supported by compressed air contamination analysis.<\/p>\n<div class=\"custom-list-item\">\n<i class=\"checkmark-icon\"><i class=\"wp-svg-checkmark-circle checkmark-circle\"><\/i><\/i>\n<p>\nMINIMIZATION OF REJECTS AND REWORK:\n<\/p>\n<\/div>\n<p>Identification and elimination of impurities to reduce defects and nonconforming products.<\/p>\n<div class=\"custom-list-item\">\n<i class=\"checkmark-icon\"><i class=\"wp-svg-checkmark-circle checkmark-circle\"><\/i><\/i>\n<p>\nPROCESS OPTIMIZATION:\n<\/p>\n<\/div>\n<p>Evaluation and adjustment of parameters to improve the efficiency of production processes.<\/p>\n<div class=\"custom-list-item\">\n<i class=\"checkmark-icon\"><i class=\"wp-svg-checkmark-circle checkmark-circle\"><\/i><\/i>\n<p>\nEQUIPMENT LIFE EXTENSION:\n<\/p>\n<\/div>\n<p>Removal of particles and contaminants that cause premature wear in equipment.<\/p>\n<div class=\"custom-list-item\">\n<i class=\"checkmark-icon\"><i class=\"wp-svg-checkmark-circle checkmark-circle\"><\/i><\/i>\n<p>\nGENERATING CONFIDENCE IN PRODUCTION:\n<\/p>\n<\/div>\n<p>Assurance of compressed air purity through compressed air purity testing ISO standards for more reliable and consistent products.<\/p>\n<div class=\"custom-list-item\">\n<i class=\"checkmark-icon\"><i class=\"wp-svg-checkmark-circle checkmark-circle\"><\/i><\/i>\n<p>\nREDUCED MAINTENANCE COSTS:\n<\/p>\n<\/div>\n<p>Identifying and preventing potential equipment problems through constant monitoring.<\/p>\n<div class=\"custom-list-item\">\n<i class=\"checkmark-icon\"><i class=\"wp-svg-checkmark-circle checkmark-circle\"><\/i><\/i>\n<p>\nCONTRIBUTION TO ENVIRONMENTAL SUSTAINABILITY:\n<\/p>\n<\/div>\n<p>Minimization of pollutant emissions and reduction of environmental impact.<\/p>\n<div class=\"custom-list-item\">\n<i class=\"checkmark-icon\"><i class=\"wp-svg-checkmark-circle checkmark-circle\"><\/i><\/i>\n<p>\nPREVENTION OF PRODUCTION PROBLEMS:\n<\/p>\n<\/div>\n<p>Regular monitoring to prevent contaminations that could generate unexpected problems.<\/p>\n<div class=\"custom-list-item\">\n<i class=\"checkmark-icon\"><i class=\"wp-svg-checkmark-circle checkmark-circle\"><\/i><\/i>\n<p>\nIMPROVING ENERGY EFFICIENCY:\n<\/p>\n<\/div>\n<p>Optimization of processes to reduce energy consumption and improve profitability.<\/p>\n\t\t<\/div>\n\t<\/div>\n<\/div><\/div><\/div><div class=\"wpb_column vc_column_container vc_col-sm-6\"><div class=\"vc_column-inner\"><div class=\"wpb_wrapper\">\n\t<div class=\"wpb_raw_code wpb_content_element wpb_raw_html\" >\n\t\t<div class=\"wpb_wrapper\">\n\t\t\t<h3 style=\"color:#3C73B8\">\nAdvantages\n<\/h3>\n<hr>\n<div class=\"custom-list-item\">\n<i class=\"checkmark-icon\"><i class=\"wp-svg-checkmark-circle checkmark-circle\"><\/i><\/i>\n<p>\nGuarantee of Regulatory Compliance:\n<\/p>\n<\/div>\n<p>Assurance that the company complies with standards and regulations, such as ISO 8573-1 compressed air quality audit.<\/p>\n<div class=\"custom-list-item\">\n<i class=\"checkmark-icon\"><i class=\"wp-svg-checkmark-circle checkmark-circle\"><\/i><\/i>\n<p>\nProduct Quality Assurance:\n<\/p>\n<\/div>\n<p>Production of high quality and reliable products.<\/p>\n\n<div class=\"custom-list-item\">\n<i class=\"checkmark-icon\"><i class=\"wp-svg-checkmark-circle checkmark-circle\"><\/i><\/i>\n<p>\nReduction of Rejects and Rework:\n<\/p>\n<\/div>\n<p>Minimization of defects and non-conforming products.<\/p>\n\n<div class=\"custom-list-item\">\n<i class=\"checkmark-icon\"><i class=\"wp-svg-checkmark-circle checkmark-circle\"><\/i><\/i>\n<p>\nImproved Operational Efficiency:\n<\/p>\n<\/div>\n<p>Process optimization for more efficient production.<\/p>\n\n<div class=\"custom-list-item\">\n<i class=\"checkmark-icon\"><i class=\"wp-svg-checkmark-circle checkmark-circle\"><\/i><\/i>\n<p>\nMore Durable Equipment:\n<\/p>\n<\/div>\n<p>Longer equipment life due to a cleaner working environment.<\/p>\n\n<div class=\"custom-list-item\">\n<i class=\"checkmark-icon\"><i class=\"wp-svg-checkmark-circle checkmark-circle\"><\/i><\/i>\n<p>\nProduction Confidence:\n<\/p>\n<\/div>\n<p>Generation of confidence in production consistency and quality.<\/p>\n\n<div class=\"custom-list-item\">\n<i class=\"checkmark-icon\"><i class=\"wp-svg-checkmark-circle checkmark-circle\"><\/i><\/i>\n<p>\nMaintenance Cost Savings:\n<\/p>\n<\/div>\n<p>Reduction of expenses associated with equipment maintenance.<\/p>\n\n<div class=\"custom-list-item\">\n<i class=\"checkmark-icon\"><i class=\"wp-svg-checkmark-circle checkmark-circle\"><\/i><\/i>\n<p>\nContribution to Environmental Sustainability:\n<\/p>\n<\/div>\n<p>Participation in sustainable and environmentally friendly practices.<\/p>\n\n<div class=\"custom-list-item\">\n<i class=\"checkmark-icon\"><i class=\"wp-svg-checkmark-circle checkmark-circle\"><\/i><\/i>\n<p>\nProactive Problem Prevention:\n<\/p>\n<\/div>\n<p>Anticipation of potential problems in the production line.<\/p>\n\n<div class=\"custom-list-item\">\n<i class=\"checkmark-icon\"><i class=\"wp-svg-checkmark-circle checkmark-circle\"><\/i><\/i>\n<p>\nOptimized Energy Efficiency:\n<\/p>\n<\/div>\n<p>Improvement in energy efficiency and reduction of associated costs.<\/p>\n\n\t\t<\/div>\n\t<\/div>\n<\/div><\/div><\/div><\/div>\n\t<div  class=\"wpb_single_image wpb_content_element vc_align_left\">\n\t\t\n\t\t<figure class=\"wpb_wrapper vc_figure\">\n\t\t\t<div class=\"vc_single_image-wrapper   vc_box_border_grey\"><img decoding=\"async\" width=\"1200\" height=\"627\" src=\"https:\/\/airtec.global\/wp-content\/uploads\/2023\/12\/Auditoria-de-Calidad-de-AireComprimido-ISO8573-1.png\" class=\"vc_single_image-img attachment-full\" alt=\"\" title=\"Auditor\u00eda de Calidad de AireComprimido ISO8573-1\" srcset=\"https:\/\/airtec.global\/wp-content\/uploads\/2023\/12\/Auditoria-de-Calidad-de-AireComprimido-ISO8573-1.png 1200w, https:\/\/airtec.global\/wp-content\/uploads\/2023\/12\/Auditoria-de-Calidad-de-AireComprimido-ISO8573-1-300x157.png 300w, https:\/\/airtec.global\/wp-content\/uploads\/2023\/12\/Auditoria-de-Calidad-de-AireComprimido-ISO8573-1-1024x535.png 1024w, https:\/\/airtec.global\/wp-content\/uploads\/2023\/12\/Auditoria-de-Calidad-de-AireComprimido-ISO8573-1-768x401.png 768w, https:\/\/airtec.global\/wp-content\/uploads\/2023\/12\/Auditoria-de-Calidad-de-AireComprimido-ISO8573-1-1170x611.png 1170w, https:\/\/airtec.global\/wp-content\/uploads\/2023\/12\/Auditoria-de-Calidad-de-AireComprimido-ISO8573-1-600x314.png 600w\" sizes=\"(max-width: 1200px) 100vw, 1200px\"><\/div>\n\t\t<\/figure>\n\t<\/div>\n\n\t<div class=\"wpb_raw_code wpb_content_element wpb_raw_html\" >\n\t\t<div class=\"wpb_wrapper\">\n\t\t\t<h3 style=\"color:#3C73B8\">Downloads<\/h3>\n<hr>\n\t\t<\/div>\n\t<\/div>\n<\/div><\/div><\/div><\/div><\/div><div class=\"vc_row wpb_row vc_row-fluid\"><div class=\"row-container\"><div class=\"wpb_column vc_column_container vc_col-sm-3\"><div class=\"vc_column-inner\"><div class=\"wpb_wrapper\">\n\t<div  class=\"wpb_single_image wpb_content_element vc_align_center\">\n\t\t\n\t\t<figure class=\"wpb_wrapper vc_figure\">\n\t\t\t<div class=\"vc_single_image-wrapper   vc_box_border_grey\"><img decoding=\"async\" width=\"155\" height=\"200\" src=\"https:\/\/airtec.global\/wp-content\/uploads\/2023\/12\/auditoriadecalidaddeairecomprimidoiso8573-1.png\" class=\"vc_single_image-img attachment-full\" alt=\"\" title=\"auditoriadecalidaddeairecomprimidoiso8573-1\"><\/div>\n\t\t<\/figure>\n\t<\/div>\n<div class=\"vc_btn3-container vc_btn3-center\" ><a class=\"vc_general vc_btn3 vc_btn3-size-md vc_btn3-shape-rounded vc_btn3-style-outline vc_btn3-icon-left vc_btn3-color-mulled-wine\" href=\"https:\/\/f5u.725.myftpupload.com\/wp-content\/uploads\/2023\/12\/Auditoria-de-Calidad-de-Aire-Comprimido-ISO8573-1.pdf\" title=\"\" target=\"_blank\" rel=\"noopener\"><i class=\"vc_btn3-icon fas fa-file-pdf\"><\/i> Download Catalog.<\/a><\/div><\/div><\/div><\/div><div class=\"wpb_column vc_column_container vc_col-sm-3\"><div class=\"vc_column-inner\"><div class=\"wpb_wrapper\">\n\t<div  class=\"wpb_single_image wpb_content_element vc_align_center\">\n\t\t\n\t\t<figure class=\"wpb_wrapper vc_figure\">\n\t\t\t<div class=\"vc_single_image-wrapper   vc_box_border_grey\"><img loading=\"lazy\" decoding=\"async\" width=\"155\" height=\"200\" src=\"https:\/\/airtec.global\/wp-content\/uploads\/2023\/12\/ISO-8573-Details-1-1.png\" class=\"vc_single_image-img attachment-full\" alt=\"\" title=\"ISO 8573 Details (1)\" srcset=\"https:\/\/airtec.global\/wp-content\/uploads\/2023\/12\/ISO-8573-Details-1-1.png 155w, https:\/\/airtec.global\/wp-content\/uploads\/2023\/12\/ISO-8573-Details-1-1-9x12.png 9w\" sizes=\"(max-width: 155px) 100vw, 155px\"><\/div>\n\t\t<\/figure>\n\t<\/div>\n<div class=\"vc_btn3-container vc_btn3-center\" ><a class=\"vc_general vc_btn3 vc_btn3-size-md vc_btn3-shape-rounded vc_btn3-style-outline vc_btn3-icon-left vc_btn3-color-mulled-wine\" href=\"https:\/\/airtec.global\/wp-content\/uploads\/2025\/06\/ISO-8573-Details.pdf\" title=\"\" target=\"_blank\"><i class=\"vc_btn3-icon fas fa-file-pdf\"><\/i> Download ISO 8573 Details<\/a><\/div><\/div><\/div><\/div><div class=\"wpb_column vc_column_container vc_col-sm-3\"><div class=\"vc_column-inner\"><div class=\"wpb_wrapper\">\n\t<div  class=\"wpb_single_image wpb_content_element vc_align_center\">\n\t\t\n\t\t<figure class=\"wpb_wrapper vc_figure\">\n\t\t\t<div class=\"vc_single_image-wrapper   vc_box_border_grey\"><img loading=\"lazy\" decoding=\"async\" width=\"155\" height=\"200\" src=\"https:\/\/airtec.global\/wp-content\/uploads\/2023\/12\/EN-ISO-brochure-compressed-air-quality-standard.png\" class=\"vc_single_image-img attachment-full\" alt=\"\" title=\"EN-ISO-brochure-compressed-air-quality-standard\" srcset=\"https:\/\/airtec.global\/wp-content\/uploads\/2023\/12\/EN-ISO-brochure-compressed-air-quality-standard.png 155w, https:\/\/airtec.global\/wp-content\/uploads\/2023\/12\/EN-ISO-brochure-compressed-air-quality-standard-9x12.png 9w\" sizes=\"(max-width: 155px) 100vw, 155px\"><\/div>\n\t\t<\/figure>\n\t<\/div>\n<div class=\"vc_btn3-container vc_btn3-center\" ><a class=\"vc_general vc_btn3 vc_btn3-size-md vc_btn3-shape-rounded vc_btn3-style-outline vc_btn3-icon-left vc_btn3-color-mulled-wine\" href=\"https:\/\/www.nano-purification.com\/content\/dam\/brands\/nano\/documents\/all-documents\/brochures\/iso-compressed-air-quality-standards\/en-us\/EN-ISO-brochure-compressed-air-quality-standards.pdf.coredownload.inline.pdf\" title=\"\" target=\"_blank\" rel=\"noopener\"><i class=\"vc_btn3-icon fas fa-file-pdf\"><\/i> Download ISO Compressed Air Quality Standards<\/a><\/div><\/div><\/div><\/div><\/div><\/div>\n<\/section>","protected":false},"excerpt":{"rendered":"<p>&nbsp;<\/p>\n<h4><span data-sheets-value=\"{&quot;1&quot;:2,&quot;2&quot;:&quot;Sensores de Punto de Roc\u00edo SUTO&quot;}\" data-sheets-userformat=\"{&quot;2&quot;:14975,&quot;3&quot;:{&quot;1&quot;:0},&quot;4&quot;:{&quot;1&quot;:2,&quot;2&quot;:15921906},&quot;5&quot;:{&quot;1&quot;:[{&quot;1&quot;:2,&quot;2&quot;:0,&quot;5&quot;:{&quot;1&quot;:0}},{&quot;1&quot;:0,&quot;2&quot;:0,&quot;3&quot;:3},{&quot;1&quot;:1,&quot;2&quot;:0,&quot;4&quot;:1}]},&quot;6&quot;:{&quot;1&quot;:[{&quot;1&quot;:2,&quot;2&quot;:0,&quot;5&quot;:{&quot;1&quot;:2,&quot;2&quot;:0}},{&quot;1&quot;:0,&quot;2&quot;:0,&quot;3&quot;:3},{&quot;1&quot;:1,&quot;2&quot;:0,&quot;4&quot;:1}]},&quot;7&quot;:{&quot;1&quot;:[{&quot;1&quot;:2,&quot;2&quot;:0,&quot;5&quot;:{&quot;1&quot;:0}},{&quot;1&quot;:0,&quot;2&quot;:0,&quot;3&quot;:3},{&quot;1&quot;:1,&quot;2&quot;:0,&quot;4&quot;:1}]},&quot;8&quot;:{&quot;1&quot;:[{&quot;1&quot;:2,&quot;2&quot;:0,&quot;5&quot;:{&quot;1&quot;:0}},{&quot;1&quot;:0,&quot;2&quot;:0,&quot;3&quot;:3},{&quot;1&quot;:1,&quot;2&quot;:0,&quot;4&quot;:1}]},&quot;9&quot;:0,&quot;12&quot;:0,&quot;14&quot;:{&quot;1&quot;:3,&quot;3&quot;:1},&quot;15&quot;:&quot;Calibri&quot;,&quot;16&quot;:11}\">Quality Audit of Compressed Air Supply ISO 8573-1<\/span><\/h4>\n<ul>\n<li>In a production plant, compressed air systems are critical to the operation.<\/li>\n<li>To keep pneumatic tools and machines in good condition, they must be supplied with clean and dry compressed air.<\/li>\n<li>Additionally, to prevent any contamination or production failure in the final product, it&#8217;s essential to monitor and maintain high levels of compressed air purity testing ISO standards.<\/li>\n<li>Airtec offers ISO 8573-1 compressed air quality audit services where we monitor particle content and size, hydrocarbon concentration, and dew point in the air line.<\/li>\n<li>This audit is conducted in accordance with Air supply quality audit ISO 8573 and Industrial air quality compliance ISO 8573-1 compressed air quality standards for the industry, providing a complete compressed air contamination analysis.<\/li>\n<\/ul>\n<p><a class=\"button product_type_simple\" href=\"\/contact\/\">Request A Quote<\/a><\/p>\n","protected":false},"featured_media":15635,"comment_status":"closed","ping_status":"closed","template":"","meta":{"_coblocks_attr":"","_coblocks_dimensions":"","_coblocks_responsive_height":"","_coblocks_accordion_ie_support":""},"product_brand":[],"product_cat":[365,311,310],"product_tag":[],"class_list":{"0":"post-15633","1":"product","2":"type-product","3":"status-publish","4":"has-post-thumbnail","6":"product_cat-auditoria-de-calidad-de-aire-comprimido","7":"product_cat-consultoria-en-aire","8":"product_cat-servicios","10":"first","11":"instock","12":"shipping-taxable","13":"product-type-simple"},"_links":{"self":[{"href":"https:\/\/airtec.global\/en\/wp-json\/wp\/v2\/product\/15633","targetHints":{"allow":["GET"]}}],"collection":[{"href":"https:\/\/airtec.global\/en\/wp-json\/wp\/v2\/product"}],"about":[{"href":"https:\/\/airtec.global\/en\/wp-json\/wp\/v2\/types\/product"}],"replies":[{"embeddable":true,"href":"https:\/\/airtec.global\/en\/wp-json\/wp\/v2\/comments?post=15633"}],"wp:featuredmedia":[{"embeddable":true,"href":"https:\/\/airtec.global\/en\/wp-json\/wp\/v2\/media\/15635"}],"wp:attachment":[{"href":"https:\/\/airtec.global\/en\/wp-json\/wp\/v2\/media?parent=15633"}],"wp:term":[{"taxonomy":"product_brand","embeddable":true,"href":"https:\/\/airtec.global\/en\/wp-json\/wp\/v2\/product_brand?post=15633"},{"taxonomy":"product_cat","embeddable":true,"href":"https:\/\/airtec.global\/en\/wp-json\/wp\/v2\/product_cat?post=15633"},{"taxonomy":"product_tag","embeddable":true,"href":"https:\/\/airtec.global\/en\/wp-json\/wp\/v2\/product_tag?post=15633"}],"curies":[{"name":"wp","href":"https:\/\/api.w.org\/{rel}","templated":true}]}}