{"id":15642,"date":"2023-12-27T07:02:40","date_gmt":"2023-12-27T07:02:40","guid":{"rendered":"https:\/\/airtec-servicios.com\/?post_type=product&#038;p=15642"},"modified":"2025-11-04T17:13:21","modified_gmt":"2025-11-04T17:13:21","slug":"compressed-air-leak-detection-audit","status":"publish","type":"product","link":"https:\/\/airtec.global\/en\/product\/compressed-air-leak-detection-audit\/","title":{"rendered":"Compressed Air Leak Detection Audit"},"content":{"rendered":"<section class=\"wpb-content-wrapper\"><div class=\"vc_row wpb_row vc_row-fluid\"><div class=\"row-container\"><div class=\"wpb_column vc_column_container vc_col-sm-6\"><div class=\"vc_column-inner\"><div class=\"wpb_wrapper\">\n\t<div class=\"wpb_raw_code wpb_content_element wpb_raw_html\" >\n\t\t<div class=\"wpb_wrapper\">\n\t\t\t<br>\n\t\t<\/div>\n\t<\/div>\n\n\t<div  class=\"wpb_single_image wpb_content_element vc_align_left\">\n\t\t\n\t\t<figure class=\"wpb_wrapper vc_figure\">\n\t\t\t<div class=\"vc_single_image-wrapper   vc_box_border_grey\"><img fetchpriority=\"high\" decoding=\"async\" width=\"2048\" height=\"2048\" src=\"https:\/\/airtec.global\/wp-content\/uploads\/2023\/12\/Detector-de-Fugas.png\" class=\"vc_single_image-img attachment-full\" alt=\"\" title=\"Detector de Fugas\" srcset=\"https:\/\/airtec.global\/wp-content\/uploads\/2023\/12\/Detector-de-Fugas.png 2048w, https:\/\/airtec.global\/wp-content\/uploads\/2023\/12\/Detector-de-Fugas-300x300.png 300w, https:\/\/airtec.global\/wp-content\/uploads\/2023\/12\/Detector-de-Fugas-1024x1024.png 1024w, https:\/\/airtec.global\/wp-content\/uploads\/2023\/12\/Detector-de-Fugas-150x150.png 150w, https:\/\/airtec.global\/wp-content\/uploads\/2023\/12\/Detector-de-Fugas-768x768.png 768w, https:\/\/airtec.global\/wp-content\/uploads\/2023\/12\/Detector-de-Fugas-1536x1536.png 1536w, https:\/\/airtec.global\/wp-content\/uploads\/2023\/12\/Detector-de-Fugas-1170x1170.png 1170w, https:\/\/airtec.global\/wp-content\/uploads\/2023\/12\/Detector-de-Fugas-600x600.png 600w, https:\/\/airtec.global\/wp-content\/uploads\/2023\/12\/Detector-de-Fugas-100x100.png 100w\" sizes=\"(max-width: 2048px) 100vw, 2048px\"><\/div>\n\t\t<\/figure>\n\t<\/div>\n<\/div><\/div><\/div><div class=\"wpb_column vc_column_container vc_col-sm-6\"><div class=\"vc_column-inner\"><div class=\"wpb_wrapper\">\n\t<div class=\"wpb_raw_code wpb_content_element wpb_raw_html\" >\n\t\t<div class=\"wpb_wrapper\">\n\t\t\t<br>\n<h3 style=\"color:#3C73B8\">\nWHAT YOU SHOULD KNOW\n<\/h3>\n<hr>\n\t\t<\/div>\n\t<\/div>\n\n\t<div class=\"wpb_text_column wpb_content_element \" >\n\t\t<div class=\"wpb_wrapper\">\n\t\t\t\n\t\t<\/div>\n\t<\/div>\n\n\t<div class=\"wpb_text_column wpb_content_element \" >\n\t\t<div class=\"wpb_wrapper\">\n\t\t\t<p>Understanding the behavior of a compressed air system, we know that generating compressed air consumes the most electrical energy in a manufacturing plant.<\/p>\n<p>It takes 8 horsepower of electrical energy to generate 1 horsepower of pneumatic energy. If we waste this valuable compressed air in air leaks, we are practically throwing money into the atmosphere in the form of compressed air.<\/p>\n<p>It is common for 20-30% of the compressed air generated in a manufacturing plant to be wasted in air leaks.<\/p>\n<p>At Airtec our technical team conducts compressed air and gas leak audits, in which our specialized technicians perform a walk-through from the compressor outlet all the way through the main piping loop and in every branch and every machine.<\/p>\n<p>With our SUTO S531 ultrasonic leak detector we can detect these ultrasonic vibrations that generate the leaks.<\/p>\n<p>This allows our specialist technicians to carry out their work without interruption.<\/p>\n\n\t\t<\/div>\n\t<\/div>\n<\/div><\/div><\/div><\/div><\/div><div class=\"vc_row wpb_row vc_row-fluid\"><div class=\"row-container\"><div class=\"wpb_column vc_column_container vc_col-sm-12\"><div class=\"vc_column-inner\"><div class=\"wpb_wrapper\"><div class=\"vc_row wpb_row vc_inner vc_row-fluid vc_row-o-content-top vc_row-flex\"><div class=\"wpb_column vc_column_container vc_col-sm-6\"><div class=\"vc_column-inner\"><div class=\"wpb_wrapper\">\n\t<div class=\"wpb_raw_code wpb_content_element wpb_raw_html\" >\n\t\t<div class=\"wpb_wrapper\">\n\t\t\t<h3 style=\"color:#3C73B8\">\nAplicaciones\n<\/h3>\n<hr>\n<div class=\"custom-list-item\">\n<i class=\"checkmark-icon\"><i class=\"wp-svg-checkmark-circle checkmark-circle\"><\/i><\/i>\n<p>\nAhorro de Costos Energ\u00e9ticos:\n<\/p>\n<\/div>\n<p>Identificaci\u00f3n y reparaci\u00f3n de fugas para reducir el consumo de energ\u00eda asociado al aire comprimido.<\/p>\n<div class=\"custom-list-item\">\n<i class=\"checkmark-icon\"><i class=\"wp-svg-checkmark-circle checkmark-circle\"><\/i><\/i>\n<p>\n  Eficiencia Energ\u00e9tica Mejorada:\n<\/p>\n<\/div>\n<p>\n  Optimizaci\u00f3n del sistema de aire comprimido para un rendimiento m\u00e1s eficiente y econ\u00f3mico.\n<\/p>\n<div class=\"custom-list-item\">\n<i class=\"checkmark-icon\"><i class=\"wp-svg-checkmark-circle checkmark-circle\"><\/i><\/i>\n<p>\n  Reducci\u00f3n de Gastos Operativos:\n<\/p>\n<\/div>\n<p>\n  Minimizaci\u00f3n de p\u00e9rdidas econ\u00f3micas causadas por fugas no detectadas.\n<\/p>\n<div class=\"custom-list-item\">\n<i class=\"checkmark-icon\"><i class=\"wp-svg-checkmark-circle checkmark-circle\"><\/i><\/i>\n<p>\n  Prolongaci\u00f3n de la Vida \u00datil de Equipos:\n<\/p>\n<\/div>\n<p>\n  Menos demanda de los compresores al corregir fugas, contribuyendo a una mayor durabilidad de los equipos.\n<\/p>\n<div class=\"custom-list-item\">\n<i class=\"checkmark-icon\"><i class=\"wp-svg-checkmark-circle checkmark-circle\"><\/i><\/i>\n<p>\n  Mejora en la Calidad del Aire Comprimido:\n<\/p>\n<\/div>\n<p>\n  Eliminaci\u00f3n de contaminantes y part\u00edculas que podr\u00edan afectar la calidad del aire comprimido.\n<\/p>\n<div class=\"custom-list-item\">\n<i class=\"checkmark-icon\"><i class=\"wp-svg-checkmark-circle checkmark-circle\"><\/i><\/i>\n<p>\n  Reducci\u00f3n de Emisiones de Carbono:\n<\/p>\n<\/div>\n<p>\n  Disminuci\u00f3n de la huella de carbono al reducir el desperdicio de aire comprimido y el consiguiente consumo energ\u00e9tico.\n<\/p>\n\n\t\t<\/div>\n\t<\/div>\n<\/div><\/div><\/div><div class=\"wpb_column vc_column_container vc_col-sm-6\"><div class=\"vc_column-inner\"><div class=\"wpb_wrapper\">\n\t<div class=\"wpb_raw_code wpb_content_element wpb_raw_html\" >\n\t\t<div class=\"wpb_wrapper\">\n\t\t\t<h3 style=\"color:#3C73B8\">\nVentajas\n<\/h3>\n<hr>\n\n<div class=\"custom-list-item\">\n<i class=\"checkmark-icon\"><i class=\"wp-svg-checkmark-circle checkmark-circle\"><\/i><\/i>\n<p>\nOptimizaci\u00f3n de Recursos:\n<\/p>\n<\/div>\n<p>\n  Uso m\u00e1s eficiente del aire comprimido, optimizando recursos y minimizando el impacto econ\u00f3mico.\n<\/p>\n\n<div class=\"custom-list-item\">\n<i class=\"checkmark-icon\"><i class=\"wp-svg-checkmark-circle checkmark-circle\"><\/i><\/i>\n<p>\nMejora en la Rentabilidad:\n<\/p>\n<\/div>\n<p>\n  Aumento de la eficiencia y reducci\u00f3n de costos operativos, contribuyendo a una mayor rentabilidad de la operaci\u00f3n.\n<\/p>\n\n<div class=\"custom-list-item\">\n<i class=\"checkmark-icon\"><i class=\"wp-svg-checkmark-circle checkmark-circle\"><\/i><\/i>\n<p>\nMantenimiento Preventivo:\n<\/p>\n<\/div>\n<p>\n  Identificaci\u00f3n proactiva de problemas en el sistema, permitiendo la aplicaci\u00f3n de medidas correctivas antes de que se conviertan en fallas mayores.\n<\/p>\n\n<div class=\"custom-list-item\">\n<i class=\"checkmark-icon\"><i class=\"wp-svg-checkmark-circle checkmark-circle\"><\/i><\/i>\n<p>\nMejora en la Seguridad:\n<\/p>\n<\/div>\n<p>\n  Reducci\u00f3n de riesgos asociados a fugas de aire comprimido, mejorando la seguridad en el lugar de trabajo.\n<\/p>\n<div class=\"custom-list-item\">\n<i class=\"checkmark-icon\"><i class=\"wp-svg-checkmark-circle checkmark-circle\"><\/i><\/i>\n<p>\nOptimizaci\u00f3n de la Producci\u00f3n:\n<\/p>\n<\/div>\n<p>\n  Aseguramiento de un suministro constante y confiable de aire comprimido, evitando interrupciones inesperadas en la producci\u00f3n.\n<\/p>\n\n<div class=\"custom-list-item\">\n<i class=\"checkmark-icon\"><i class=\"wp-svg-checkmark-circle checkmark-circle\"><\/i><\/i>\n<p>\nConformidad con Est\u00e1ndares de Calidad:\n<\/p>\n<\/div>\n<p>\n  Cumplimiento con est\u00e1ndares de calidad al mantener la integridad y pureza del aire comprimido.\n<\/p>\n\n<div class=\"custom-list-item\">\n<i class=\"checkmark-icon\"><i class=\"wp-svg-checkmark-circle checkmark-circle\"><\/i><\/i>\n<p>\nConcientizaci\u00f3n y Cultura de Conservaci\u00f3n:\n<\/p>\n<\/div>\n<p>\n  Fomento de una cultura de conservaci\u00f3n de recursos al sensibilizar a los empleados sobre la importancia de detectar y corregir fugas de aire comprimido.\n<\/p>\n\n\n\t\t<\/div>\n\t<\/div>\n<\/div><\/div><\/div><\/div><div class=\"vc_row wpb_row vc_inner vc_row-fluid\"><div class=\"wpb_column vc_column_container vc_col-sm-6\"><div class=\"vc_column-inner\"><div class=\"wpb_wrapper\">\n\t<div class=\"wpb_raw_code wpb_content_element wpb_raw_html\" >\n\t\t<div class=\"wpb_wrapper\">\n\t\t\t<h3 style=\"color:#3C73B8\">\nFicha t\u00e9cnica\n<\/h3>\n\t\t<\/div>\n\t<\/div>\n\n\t<div  class=\"wpb_single_image wpb_content_element vc_align_center\">\n\t\t\n\t\t<figure class=\"wpb_wrapper vc_figure\">\n\t\t\t<div class=\"vc_single_image-wrapper   vc_box_border_grey\"><img decoding=\"async\" width=\"1200\" height=\"800\" src=\"https:\/\/airtec.global\/wp-content\/uploads\/2023\/12\/1.png\" class=\"vc_single_image-img attachment-full\" alt=\"\" title=\"1\" srcset=\"https:\/\/airtec.global\/wp-content\/uploads\/2023\/12\/1.png 1200w, https:\/\/airtec.global\/wp-content\/uploads\/2023\/12\/1-300x200.png 300w, https:\/\/airtec.global\/wp-content\/uploads\/2023\/12\/1-1024x683.png 1024w, https:\/\/airtec.global\/wp-content\/uploads\/2023\/12\/1-768x512.png 768w, https:\/\/airtec.global\/wp-content\/uploads\/2023\/12\/1-18x12.png 18w, https:\/\/airtec.global\/wp-content\/uploads\/2023\/12\/1-1170x780.png 1170w, https:\/\/airtec.global\/wp-content\/uploads\/2023\/12\/1-600x400.png 600w\" sizes=\"(max-width: 1200px) 100vw, 1200px\"><\/div>\n\t\t<\/figure>\n\t<\/div>\n<\/div><\/div><\/div><div class=\"wpb_column vc_column_container vc_col-sm-6\"><div class=\"vc_column-inner\"><div class=\"wpb_wrapper\">\n\t<div class=\"wpb_raw_code wpb_content_element wpb_raw_html\" >\n\t\t<div class=\"wpb_wrapper\">\n\t\t\t<h3 style=\"color:#3C73B8\">\nAPLICACIONES\n<\/h3>\n\t\t<\/div>\n\t<\/div>\n<div class=\"wpb_images_carousel wpb_content_element vc_clearfix\"><div class=\"wpb_wrapper\"><div id=\"vc_images-carousel-1-1777046198\" data-ride=\"vc_carousel\" data-wrap=\"false\" style=\"width: 100%;\" data-interval=\"3000\" data-auto-height=\"yes\" data-mode=\"horizontal\" data-partial=\"false\" data-per-view=\"1.1\" data-hide-on-end=\"false\" class=\"vc_slide vc_images_carousel\"><ol class=\"vc_carousel-indicators\"><li data-target=\"#vc_images-carousel-1-1777046198\" data-slide-to=\"0\"><\/li><li data-target=\"#vc_images-carousel-1-1777046198\" data-slide-to=\"1\"><\/li><li data-target=\"#vc_images-carousel-1-1777046198\" data-slide-to=\"2\"><\/li><\/ol><div class=\"vc_carousel-inner\"><div class=\"vc_carousel-slideline\"><div class=\"vc_carousel-slideline-inner\"><div class=\"vc_item\"><div class=\"vc_inner\"><a class=\"\" href=\"https:\/\/airtec.global\/wp-content\/uploads\/2023\/09\/10-2048x1473-1-1024x737.jpg\" data-lightbox=\"lightbox[rel-15642-2938867624]\"><img decoding=\"async\" width=\"2048\" height=\"1473\" src=\"https:\/\/airtec.global\/wp-content\/uploads\/2023\/09\/10-2048x1473-1.jpg\" class=\"attachment-full\" alt=\"\" title=\"10-2048x1473\" srcset=\"https:\/\/airtec.global\/wp-content\/uploads\/2023\/09\/10-2048x1473-1.jpg 2048w, https:\/\/airtec.global\/wp-content\/uploads\/2023\/09\/10-2048x1473-1-300x216.jpg 300w, https:\/\/airtec.global\/wp-content\/uploads\/2023\/09\/10-2048x1473-1-1024x737.jpg 1024w, https:\/\/airtec.global\/wp-content\/uploads\/2023\/09\/10-2048x1473-1-768x552.jpg 768w, https:\/\/airtec.global\/wp-content\/uploads\/2023\/09\/10-2048x1473-1-1536x1105.jpg 1536w, https:\/\/airtec.global\/wp-content\/uploads\/2023\/09\/10-2048x1473-1-1170x842.jpg 1170w, https:\/\/airtec.global\/wp-content\/uploads\/2023\/09\/10-2048x1473-1-600x432.jpg 600w\" sizes=\"(max-width: 2048px) 100vw, 2048px\"><\/a><\/div><\/div><div class=\"vc_item\"><div class=\"vc_inner\"><a class=\"\" href=\"https:\/\/airtec.global\/wp-content\/uploads\/2023\/09\/8-2048x1382-1-1024x691.jpg\" data-lightbox=\"lightbox[rel-15642-2938867624]\"><img loading=\"lazy\" decoding=\"async\" width=\"2048\" height=\"1382\" src=\"https:\/\/airtec.global\/wp-content\/uploads\/2023\/09\/8-2048x1382-1.jpg\" class=\"attachment-full\" alt=\"\" title=\"8-2048x1382\" srcset=\"https:\/\/airtec.global\/wp-content\/uploads\/2023\/09\/8-2048x1382-1.jpg 2048w, https:\/\/airtec.global\/wp-content\/uploads\/2023\/09\/8-2048x1382-1-300x202.jpg 300w, https:\/\/airtec.global\/wp-content\/uploads\/2023\/09\/8-2048x1382-1-1024x691.jpg 1024w, https:\/\/airtec.global\/wp-content\/uploads\/2023\/09\/8-2048x1382-1-768x518.jpg 768w, https:\/\/airtec.global\/wp-content\/uploads\/2023\/09\/8-2048x1382-1-1536x1037.jpg 1536w, https:\/\/airtec.global\/wp-content\/uploads\/2023\/09\/8-2048x1382-1-1170x790.jpg 1170w, https:\/\/airtec.global\/wp-content\/uploads\/2023\/09\/8-2048x1382-1-600x405.jpg 600w\" sizes=\"(max-width: 2048px) 100vw, 2048px\"><\/a><\/div><\/div><div class=\"vc_item\"><div class=\"vc_inner\"><a class=\"\" href=\"https:\/\/airtec.global\/wp-content\/uploads\/2023\/09\/6-2048x1366-1-1024x683.jpg\" data-lightbox=\"lightbox[rel-15642-2938867624]\"><img loading=\"lazy\" decoding=\"async\" width=\"2048\" height=\"1366\" src=\"https:\/\/airtec.global\/wp-content\/uploads\/2023\/09\/6-2048x1366-1.jpg\" class=\"attachment-full\" alt=\"\" title=\"6-2048x1366\" srcset=\"https:\/\/airtec.global\/wp-content\/uploads\/2023\/09\/6-2048x1366-1.jpg 2048w, https:\/\/airtec.global\/wp-content\/uploads\/2023\/09\/6-2048x1366-1-300x200.jpg 300w, https:\/\/airtec.global\/wp-content\/uploads\/2023\/09\/6-2048x1366-1-1024x683.jpg 1024w, https:\/\/airtec.global\/wp-content\/uploads\/2023\/09\/6-2048x1366-1-768x512.jpg 768w, https:\/\/airtec.global\/wp-content\/uploads\/2023\/09\/6-2048x1366-1-1536x1025.jpg 1536w, https:\/\/airtec.global\/wp-content\/uploads\/2023\/09\/6-2048x1366-1-1170x780.jpg 1170w, https:\/\/airtec.global\/wp-content\/uploads\/2023\/09\/6-2048x1366-1-600x400.jpg 600w\" sizes=\"(max-width: 2048px) 100vw, 2048px\"><\/a><\/div><\/div><\/div><\/div><\/div><a class=\"vc_left vc_carousel-control\" href=\"#vc_images-carousel-1-1777046198\" data-slide=\"prev\"><span class=\"icon-prev\"><\/span><\/a><a class=\"vc_right vc_carousel-control\" href=\"#vc_images-carousel-1-1777046198\" data-slide=\"next\"><span class=\"icon-next\"><\/span><\/a><\/div><\/div><\/div><\/div><\/div><\/div><\/div><\/div><\/div><\/div><\/div><\/div><div class=\"vc_row wpb_row vc_row-fluid\"><div class=\"row-container\"><div class=\"wpb_column vc_column_container vc_col-sm-12\"><div class=\"vc_column-inner\"><div class=\"wpb_wrapper\">\n\t<div class=\"wpb_raw_code wpb_content_element wpb_raw_html\" >\n\t\t<div class=\"wpb_wrapper\">\n\t\t\t<h3 style=\"color:#3C73B8\">Descargas<\/h3>\n<hr>\n\t\t<\/div>\n\t<\/div>\n<\/div><\/div><\/div><\/div><\/div><div class=\"vc_row wpb_row vc_row-fluid\"><div class=\"row-container\"><div class=\"wpb_column vc_column_container vc_col-sm-3\"><div class=\"vc_column-inner\"><div class=\"wpb_wrapper\">\n\t<div  class=\"wpb_single_image wpb_content_element vc_align_center\">\n\t\t\n\t\t<figure class=\"wpb_wrapper vc_figure\">\n\t\t\t<div class=\"vc_single_image-wrapper   vc_box_border_grey\"><img loading=\"lazy\" decoding=\"async\" width=\"162\" height=\"200\" src=\"https:\/\/airtec.global\/wp-content\/uploads\/2023\/12\/audi-fugas-de-aire-comprimido.png\" class=\"vc_single_image-img attachment-full\" alt=\"\" title=\"audi-fugas-de-aire-comprimido\"><\/div>\n\t\t<\/figure>\n\t<\/div>\n<div class=\"vc_btn3-container vc_btn3-center\" ><a class=\"vc_general vc_btn3 vc_btn3-size-md vc_btn3-shape-rounded vc_btn3-style-outline vc_btn3-icon-left vc_btn3-color-mulled-wine\" href=\"https:\/\/f5u.725.myftpupload.com\/wp-content\/uploads\/2023\/12\/Auditorias-de-Fugas-de-Aire-Comprimido.pdf\" title=\"\" target=\"_blank\" rel=\"noopener\"><i class=\"vc_btn3-icon fas fa-file-pdf\"><\/i> Descarga Cat\u00e1logo<\/a><\/div><\/div><\/div><\/div><div class=\"wpb_column vc_column_container vc_col-sm-3\"><div class=\"vc_column-inner\"><div class=\"wpb_wrapper\"><\/div><\/div><\/div><div class=\"wpb_column vc_column_container vc_col-sm-3\"><div class=\"vc_column-inner\"><div class=\"wpb_wrapper\"><\/div><\/div><\/div><\/div><\/div>\n<\/section>","protected":false},"excerpt":{"rendered":"<p>&nbsp;<\/p>\n<h4>Compressed Air Line Air Leakage Audits<\/h4>\n<ul>\n<li>It is common for a manufacturing plant&#8217;s compressed air to have between 25% and 30% wasted due to air leaks, whether from poor connections, pipe wear, or deteriorated filters. By releasing this air into the atmosphere, you are wasting energy that costs money to generate.<\/li>\n<li>When the air escapes through a pressurized hole, these leaks generate an ultrasonic sound, which can be detected with a Leak Ultrasonic Detector.<\/li>\n<li>In this audit, our specialized team focuses on compressed air leak detection and marking the leaks, and we provide you with a complete report on the number of leaks found, their location, repair suggestions, as well as the monetary cost of each leak and the total potential savings from repairing all the leaks identified, as part of our air line leakage audits and compressed air system leak audit.<\/li>\n<li>Additionally, the audit includes industrial air leak testing to further assess the condition of your system and energy loss audits for compressed air lines to ensure maximum energy efficiency.<\/li>\n<li><\/li>\n<\/ul>\n<p><a class=\"button product_type_simple\" href=\"\/en\/contact\/\">Request A Quote.<\/a><\/p>","protected":false},"featured_media":15644,"comment_status":"closed","ping_status":"closed","template":"","meta":{"_coblocks_attr":"","_coblocks_dimensions":"","_coblocks_responsive_height":"","_coblocks_accordion_ie_support":""},"product_brand":[],"product_cat":[366,311,310],"product_tag":[],"class_list":{"0":"post-15642","1":"product","2":"type-product","3":"status-publish","4":"has-post-thumbnail","6":"product_cat-auditoria-de-fugas-de-aire-comprimido","7":"product_cat-consultoria-en-aire","8":"product_cat-servicios","10":"first","11":"instock","12":"shipping-taxable","13":"product-type-simple"},"_links":{"self":[{"href":"https:\/\/airtec.global\/en\/wp-json\/wp\/v2\/product\/15642","targetHints":{"allow":["GET"]}}],"collection":[{"href":"https:\/\/airtec.global\/en\/wp-json\/wp\/v2\/product"}],"about":[{"href":"https:\/\/airtec.global\/en\/wp-json\/wp\/v2\/types\/product"}],"replies":[{"embeddable":true,"href":"https:\/\/airtec.global\/en\/wp-json\/wp\/v2\/comments?post=15642"}],"wp:featuredmedia":[{"embeddable":true,"href":"https:\/\/airtec.global\/en\/wp-json\/wp\/v2\/media\/15644"}],"wp:attachment":[{"href":"https:\/\/airtec.global\/en\/wp-json\/wp\/v2\/media?parent=15642"}],"wp:term":[{"taxonomy":"product_brand","embeddable":true,"href":"https:\/\/airtec.global\/en\/wp-json\/wp\/v2\/product_brand?post=15642"},{"taxonomy":"product_cat","embeddable":true,"href":"https:\/\/airtec.global\/en\/wp-json\/wp\/v2\/product_cat?post=15642"},{"taxonomy":"product_tag","embeddable":true,"href":"https:\/\/airtec.global\/en\/wp-json\/wp\/v2\/product_tag?post=15642"}],"curies":[{"name":"wp","href":"https:\/\/api.w.org\/{rel}","templated":true}]}}