{"id":15652,"date":"2023-12-27T07:38:28","date_gmt":"2023-12-27T07:38:28","guid":{"rendered":"https:\/\/airtec-servicios.com\/?post_type=product&#038;p=15652"},"modified":"2025-07-22T13:47:53","modified_gmt":"2025-07-22T13:47:53","slug":"corrective-maintenance-of-compressors","status":"publish","type":"product","link":"https:\/\/airtec.global\/en\/product\/corrective-maintenance-of-compressors\/","title":{"rendered":"Corrective Maintenance of Compressors"},"content":{"rendered":"<section class=\"wpb-content-wrapper\"><div class=\"vc_row wpb_row vc_row-fluid\"><div class=\"row-container\"><div class=\"wpb_column vc_column_container vc_col-sm-6\"><div class=\"vc_column-inner\"><div class=\"wpb_wrapper\">\n\t<div class=\"wpb_raw_code wpb_content_element wpb_raw_html\" >\n\t\t<div class=\"wpb_wrapper\">\n\t\t\t<br>\n<h3 style=\"color:#3C73B8\">\nWHAT YOU SHOULD KNOW\n<\/h3>\n<hr>\n\t\t<\/div>\n\t<\/div>\n\n\t<div class=\"wpb_text_column wpb_content_element\" >\n\t\t<div class=\"wpb_wrapper\">\n\t\t\t<p><span data-sheets-root=\"1\" data-sheets-value=\"{&quot;1&quot;:2,&quot;2&quot;:&quot;Con m\u00e1s de 35 a\u00f1os de experiencia en aire comprimido industrial, Airtec destaca como l\u00edder en tecnolog\u00eda y servicios especializados. Presentamos nuestro servicio de mantenimiento para compresores de aire de tornillo rotativo de Hitachi\/Sullair, abarcando equipos lubricados y libres de aceite. Reconocemos la importancia cr\u00edtica de estos sistemas para la eficiencia operativa y estamos comprometidos a mantenerlos en \u00f3ptimas condiciones. En Airtec, contamos con t\u00e9cnicos altamente especializados y colaboramos estrechamente con Hitachi\/Sullair para garantizar soluciones eficientes y actualizadas. Ofrecemos programas de mantenimiento preventivo dise\u00f1ados para prolongar la vida \u00fatil, reducir tiempos de inactividad y optimizar la eficiencia energ\u00e9tica. Comprendemos que la fiabilidad de los sistemas de aire comprimido es esencial para su productividad. Airtec est\u00e1 listo para ser su socio confiable, brindando el respaldo necesario para mantener sus compresores en condiciones \u00f3ptimas. Conf\u00ede en nuestra experiencia y compromiso con la excelencia en servicio.&quot;}\" data-sheets-userformat=\"{&quot;2&quot;:515,&quot;3&quot;:{&quot;1&quot;:0},&quot;4&quot;:{&quot;1&quot;:2,&quot;2&quot;:16711680},&quot;12&quot;:0}\">With over 35 years of experience in industrial compressed air, Airtec stands out as a leader in technology and specialized services.<\/span><\/p>\n<p><span data-sheets-root=\"1\" data-sheets-value=\"{&quot;1&quot;:2,&quot;2&quot;:&quot;Con m\u00e1s de 35 a\u00f1os de experiencia en aire comprimido industrial, Airtec destaca como l\u00edder en tecnolog\u00eda y servicios especializados. Presentamos nuestro servicio de mantenimiento para compresores de aire de tornillo rotativo de Hitachi\/Sullair, abarcando equipos lubricados y libres de aceite. Reconocemos la importancia cr\u00edtica de estos sistemas para la eficiencia operativa y estamos comprometidos a mantenerlos en \u00f3ptimas condiciones. En Airtec, contamos con t\u00e9cnicos altamente especializados y colaboramos estrechamente con Hitachi\/Sullair para garantizar soluciones eficientes y actualizadas. Ofrecemos programas de mantenimiento preventivo dise\u00f1ados para prolongar la vida \u00fatil, reducir tiempos de inactividad y optimizar la eficiencia energ\u00e9tica. Comprendemos que la fiabilidad de los sistemas de aire comprimido es esencial para su productividad. Airtec est\u00e1 listo para ser su socio confiable, brindando el respaldo necesario para mantener sus compresores en condiciones \u00f3ptimas. Conf\u00ede en nuestra experiencia y compromiso con la excelencia en servicio.&quot;}\" data-sheets-userformat=\"{&quot;2&quot;:515,&quot;3&quot;:{&quot;1&quot;:0},&quot;4&quot;:{&quot;1&quot;:2,&quot;2&quot;:16711680},&quot;12&quot;:0}\">Introducing our maintenance service for Hitachi\/Sullair rotary screw air compressors, covering lubricated and oil-free equipment.<\/span><\/p>\n<p><span data-sheets-root=\"1\" data-sheets-value=\"{&quot;1&quot;:2,&quot;2&quot;:&quot;Con m\u00e1s de 35 a\u00f1os de experiencia en aire comprimido industrial, Airtec destaca como l\u00edder en tecnolog\u00eda y servicios especializados. Presentamos nuestro servicio de mantenimiento para compresores de aire de tornillo rotativo de Hitachi\/Sullair, abarcando equipos lubricados y libres de aceite. Reconocemos la importancia cr\u00edtica de estos sistemas para la eficiencia operativa y estamos comprometidos a mantenerlos en \u00f3ptimas condiciones. En Airtec, contamos con t\u00e9cnicos altamente especializados y colaboramos estrechamente con Hitachi\/Sullair para garantizar soluciones eficientes y actualizadas. Ofrecemos programas de mantenimiento preventivo dise\u00f1ados para prolongar la vida \u00fatil, reducir tiempos de inactividad y optimizar la eficiencia energ\u00e9tica. Comprendemos que la fiabilidad de los sistemas de aire comprimido es esencial para su productividad. Airtec est\u00e1 listo para ser su socio confiable, brindando el respaldo necesario para mantener sus compresores en condiciones \u00f3ptimas. Conf\u00ede en nuestra experiencia y compromiso con la excelencia en servicio.&quot;}\" data-sheets-userformat=\"{&quot;2&quot;:515,&quot;3&quot;:{&quot;1&quot;:0},&quot;4&quot;:{&quot;1&quot;:2,&quot;2&quot;:16711680},&quot;12&quot;:0}\">We recognize the critical importance of these systems to operational efficiency and are committed to keeping them in top condition.<\/span><\/p>\n<p><span data-sheets-root=\"1\" data-sheets-value=\"{&quot;1&quot;:2,&quot;2&quot;:&quot;Con m\u00e1s de 35 a\u00f1os de experiencia en aire comprimido industrial, Airtec destaca como l\u00edder en tecnolog\u00eda y servicios especializados. Presentamos nuestro servicio de mantenimiento para compresores de aire de tornillo rotativo de Hitachi\/Sullair, abarcando equipos lubricados y libres de aceite. Reconocemos la importancia cr\u00edtica de estos sistemas para la eficiencia operativa y estamos comprometidos a mantenerlos en \u00f3ptimas condiciones. En Airtec, contamos con t\u00e9cnicos altamente especializados y colaboramos estrechamente con Hitachi\/Sullair para garantizar soluciones eficientes y actualizadas. Ofrecemos programas de mantenimiento preventivo dise\u00f1ados para prolongar la vida \u00fatil, reducir tiempos de inactividad y optimizar la eficiencia energ\u00e9tica. Comprendemos que la fiabilidad de los sistemas de aire comprimido es esencial para su productividad. Airtec est\u00e1 listo para ser su socio confiable, brindando el respaldo necesario para mantener sus compresores en condiciones \u00f3ptimas. Conf\u00ede en nuestra experiencia y compromiso con la excelencia en servicio.&quot;}\" data-sheets-userformat=\"{&quot;2&quot;:515,&quot;3&quot;:{&quot;1&quot;:0},&quot;4&quot;:{&quot;1&quot;:2,&quot;2&quot;:16711680},&quot;12&quot;:0}\">At Airtec, we have highly skilled technicians and work closely with Hitachi\/Sullair to ensure efficient and up-to-date solutions.<\/span><\/p>\n<p><span data-sheets-root=\"1\" data-sheets-value=\"{&quot;1&quot;:2,&quot;2&quot;:&quot;Con m\u00e1s de 35 a\u00f1os de experiencia en aire comprimido industrial, Airtec destaca como l\u00edder en tecnolog\u00eda y servicios especializados. Presentamos nuestro servicio de mantenimiento para compresores de aire de tornillo rotativo de Hitachi\/Sullair, abarcando equipos lubricados y libres de aceite. Reconocemos la importancia cr\u00edtica de estos sistemas para la eficiencia operativa y estamos comprometidos a mantenerlos en \u00f3ptimas condiciones. En Airtec, contamos con t\u00e9cnicos altamente especializados y colaboramos estrechamente con Hitachi\/Sullair para garantizar soluciones eficientes y actualizadas. Ofrecemos programas de mantenimiento preventivo dise\u00f1ados para prolongar la vida \u00fatil, reducir tiempos de inactividad y optimizar la eficiencia energ\u00e9tica. Comprendemos que la fiabilidad de los sistemas de aire comprimido es esencial para su productividad. Airtec est\u00e1 listo para ser su socio confiable, brindando el respaldo necesario para mantener sus compresores en condiciones \u00f3ptimas. Conf\u00ede en nuestra experiencia y compromiso con la excelencia en servicio.&quot;}\" data-sheets-userformat=\"{&quot;2&quot;:515,&quot;3&quot;:{&quot;1&quot;:0},&quot;4&quot;:{&quot;1&quot;:2,&quot;2&quot;:16711680},&quot;12&quot;:0}\">We offer preventive maintenance programs designed to extend service life, reduce downtime and optimize energy efficiency.<\/span><\/p>\n<p><span data-sheets-root=\"1\" data-sheets-value=\"{&quot;1&quot;:2,&quot;2&quot;:&quot;Con m\u00e1s de 35 a\u00f1os de experiencia en aire comprimido industrial, Airtec destaca como l\u00edder en tecnolog\u00eda y servicios especializados. Presentamos nuestro servicio de mantenimiento para compresores de aire de tornillo rotativo de Hitachi\/Sullair, abarcando equipos lubricados y libres de aceite. Reconocemos la importancia cr\u00edtica de estos sistemas para la eficiencia operativa y estamos comprometidos a mantenerlos en \u00f3ptimas condiciones. En Airtec, contamos con t\u00e9cnicos altamente especializados y colaboramos estrechamente con Hitachi\/Sullair para garantizar soluciones eficientes y actualizadas. Ofrecemos programas de mantenimiento preventivo dise\u00f1ados para prolongar la vida \u00fatil, reducir tiempos de inactividad y optimizar la eficiencia energ\u00e9tica. Comprendemos que la fiabilidad de los sistemas de aire comprimido es esencial para su productividad. Airtec est\u00e1 listo para ser su socio confiable, brindando el respaldo necesario para mantener sus compresores en condiciones \u00f3ptimas. Conf\u00ede en nuestra experiencia y compromiso con la excelencia en servicio.&quot;}\" data-sheets-userformat=\"{&quot;2&quot;:515,&quot;3&quot;:{&quot;1&quot;:0},&quot;4&quot;:{&quot;1&quot;:2,&quot;2&quot;:16711680},&quot;12&quot;:0}\">We understand that the reliability of compressed air systems is essential to your productivity.<\/span><\/p>\n<p><span data-sheets-root=\"1\" data-sheets-value=\"{&quot;1&quot;:2,&quot;2&quot;:&quot;Con m\u00e1s de 35 a\u00f1os de experiencia en aire comprimido industrial, Airtec destaca como l\u00edder en tecnolog\u00eda y servicios especializados. Presentamos nuestro servicio de mantenimiento para compresores de aire de tornillo rotativo de Hitachi\/Sullair, abarcando equipos lubricados y libres de aceite. Reconocemos la importancia cr\u00edtica de estos sistemas para la eficiencia operativa y estamos comprometidos a mantenerlos en \u00f3ptimas condiciones. En Airtec, contamos con t\u00e9cnicos altamente especializados y colaboramos estrechamente con Hitachi\/Sullair para garantizar soluciones eficientes y actualizadas. Ofrecemos programas de mantenimiento preventivo dise\u00f1ados para prolongar la vida \u00fatil, reducir tiempos de inactividad y optimizar la eficiencia energ\u00e9tica. Comprendemos que la fiabilidad de los sistemas de aire comprimido es esencial para su productividad. Airtec est\u00e1 listo para ser su socio confiable, brindando el respaldo necesario para mantener sus compresores en condiciones \u00f3ptimas. Conf\u00ede en nuestra experiencia y compromiso con la excelencia en servicio.&quot;}\" data-sheets-userformat=\"{&quot;2&quot;:515,&quot;3&quot;:{&quot;1&quot;:0},&quot;4&quot;:{&quot;1&quot;:2,&quot;2&quot;:16711680},&quot;12&quot;:0}\">Airtec is ready to be your reliable partner, providing the support you need to keep your compressors in top condition.<\/span><\/p>\n<p><span data-sheets-root=\"1\" data-sheets-value=\"{&quot;1&quot;:2,&quot;2&quot;:&quot;Con m\u00e1s de 35 a\u00f1os de experiencia en aire comprimido industrial, Airtec destaca como l\u00edder en tecnolog\u00eda y servicios especializados. Presentamos nuestro servicio de mantenimiento para compresores de aire de tornillo rotativo de Hitachi\/Sullair, abarcando equipos lubricados y libres de aceite. Reconocemos la importancia cr\u00edtica de estos sistemas para la eficiencia operativa y estamos comprometidos a mantenerlos en \u00f3ptimas condiciones. En Airtec, contamos con t\u00e9cnicos altamente especializados y colaboramos estrechamente con Hitachi\/Sullair para garantizar soluciones eficientes y actualizadas. Ofrecemos programas de mantenimiento preventivo dise\u00f1ados para prolongar la vida \u00fatil, reducir tiempos de inactividad y optimizar la eficiencia energ\u00e9tica. Comprendemos que la fiabilidad de los sistemas de aire comprimido es esencial para su productividad. Airtec est\u00e1 listo para ser su socio confiable, brindando el respaldo necesario para mantener sus compresores en condiciones \u00f3ptimas. Conf\u00ede en nuestra experiencia y compromiso con la excelencia en servicio.&quot;}\" data-sheets-userformat=\"{&quot;2&quot;:515,&quot;3&quot;:{&quot;1&quot;:0},&quot;4&quot;:{&quot;1&quot;:2,&quot;2&quot;:16711680},&quot;12&quot;:0}\">Rely on our expertise and commitment to service excellence.<\/span><\/p>\n\n\t\t<\/div>\n\t<\/div>\n<\/div><\/div><\/div><div class=\"wpb_column vc_column_container vc_col-sm-6\"><div class=\"vc_column-inner\"><div class=\"wpb_wrapper\">\n\t<div class=\"wpb_raw_code wpb_content_element wpb_raw_html\" >\n\t\t<div class=\"wpb_wrapper\">\n\t\t\t<br>\n\t\t<\/div>\n\t<\/div>\n\n\t<div  class=\"wpb_single_image wpb_content_element vc_align_center\">\n\t\t\n\t\t<figure class=\"wpb_wrapper vc_figure\">\n\t\t\t<div class=\"vc_single_image-wrapper   vc_box_border_grey\"><img fetchpriority=\"high\" decoding=\"async\" width=\"2560\" height=\"1709\" src=\"https:\/\/airtec.global\/wp-content\/uploads\/2023\/12\/Aisan71-scaled.jpg\" class=\"vc_single_image-img attachment-full\" alt=\"\" title=\"Aisan71\" srcset=\"https:\/\/airtec.global\/wp-content\/uploads\/2023\/12\/Aisan71-scaled.jpg 2560w, https:\/\/airtec.global\/wp-content\/uploads\/2023\/12\/Aisan71-300x200.jpg 300w, https:\/\/airtec.global\/wp-content\/uploads\/2023\/12\/Aisan71-1024x683.jpg 1024w, https:\/\/airtec.global\/wp-content\/uploads\/2023\/12\/Aisan71-768x513.jpg 768w, https:\/\/airtec.global\/wp-content\/uploads\/2023\/12\/Aisan71-1536x1025.jpg 1536w, https:\/\/airtec.global\/wp-content\/uploads\/2023\/12\/Aisan71-2048x1367.jpg 2048w, https:\/\/airtec.global\/wp-content\/uploads\/2023\/12\/Aisan71-1170x781.jpg 1170w, https:\/\/airtec.global\/wp-content\/uploads\/2023\/12\/Aisan71-600x400.jpg 600w\" sizes=\"(max-width: 2560px) 100vw, 2560px\"><\/div>\n\t\t<\/figure>\n\t<\/div>\n\n\t<div class=\"wpb_text_column wpb_content_element\" >\n\t\t<div class=\"wpb_wrapper\">\n\t\t\t\n\t\t<\/div>\n\t<\/div>\n<\/div><\/div><\/div><\/div><\/div><div class=\"vc_row wpb_row vc_row-fluid\"><div class=\"row-container\"><div class=\"wpb_column vc_column_container vc_col-sm-12\"><div class=\"vc_column-inner\"><div class=\"wpb_wrapper\"><div class=\"vc_row wpb_row vc_inner vc_row-fluid vc_row-o-content-top vc_row-flex\"><div class=\"wpb_column vc_column_container vc_col-sm-6\"><div class=\"vc_column-inner\"><div class=\"wpb_wrapper\">\n\t<div class=\"wpb_raw_code wpb_content_element wpb_raw_html\" >\n\t\t<div class=\"wpb_wrapper\">\n\t\t\t<h3 style=\"color:#3C73B8\">\nApplications\n<\/h3>\n<hr>\n<div class=\"custom-list-item\">\n<i class=\"checkmark-icon\"><i class=\"wp-svg-checkmark-circle checkmark-circle\"><\/i><\/i>\n<p>\nExperience and Industry Expertise:\n<\/p>\n<\/div>\n<p>\n  Airtec has over 35 years of experience in the industrial compressed air sector, ensuring a deep and expert knowledge in the field.\n<\/p>\n<div class=\"custom-list-item\">\n<i class=\"checkmark-icon\"><i class=\"wp-svg-checkmark-circle checkmark-circle\"><\/i><\/i>\n<p>\nState-of-the-art Technology:\n<\/p>\n<\/div>\n<p>\n  Airtec remains at the forefront of technology, ensuring advanced and efficient solutions for compressed air systems.\n<\/p>\n\n<div class=\"custom-list-item\">\n<i class=\"checkmark-icon\"><i class=\"wp-svg-checkmark-circle checkmark-circle\"><\/i><\/i>\n<p>\nFleet of Specialized Technicians:\n<\/p>\n<\/div>\n<p>\n  Availability of highly specialized technicians to attend and solve specific problems in industrial compressed air systems.\n<\/p>\n\n<div class=\"custom-list-item\">\n<i class=\"checkmark-icon\"><i class=\"wp-svg-checkmark-circle checkmark-circle\"><\/i><\/i>\n<p>\nCollaboration with Recognized Brands:\n<\/p>\n<\/div>\n<p>\n  Airtec collaborates closely with leading brands such as Hitachi\/Sullair, ensuring access to quality products and up-to-date knowledge on the latest innovations.  \n<\/p>\n\n<div class=\"custom-list-item\">\n<i class=\"checkmark-icon\"><i class=\"wp-svg-checkmark-circle checkmark-circle\"><\/i><\/i>\n<p>\nCustomized Services:\n<\/p>\n<\/div>\n<p>\n  Airtec offers customized services to suit the specific needs of each customer, providing tailor-made solutions.\n<\/p>\n\n<div class=\"custom-list-item\">\n<i class=\"checkmark-icon\"><i class=\"wp-svg-checkmark-circle checkmark-circle\"><\/i><\/i>\n<p>\nPreventive Maintenance Programs:\n<\/p>\n<\/div>\n<p>\n  Implementation of preventive maintenance programs designed to prolong equipment life and prevent unexpected failures.\n<\/p>\n\n<div class=\"custom-list-item\">\n<i class=\"checkmark-icon\"><i class=\"wp-svg-checkmark-circle checkmark-circle\"><\/i><\/i>\n<p>\nFast and Efficient Service:\n<\/p>\n<\/div>\n<p>\n  Fast and efficient response to emergencies and service needs, minimizing unplanned downtime.\n<\/p>\n\n<div class=\"custom-list-item\">\n<i class=\"checkmark-icon\"><i class=\"wp-svg-checkmark-circle checkmark-circle\"><\/i><\/i>\n<p>\nCommitment to Quality and Excellence:\n<\/p>\n<\/div>\n<p>\n  Airtec is committed to providing high quality services and maintaining standards of excellence in all operations.\n<\/p>\n\n\t\t<\/div>\n\t<\/div>\n<\/div><\/div><\/div><div class=\"wpb_column vc_column_container vc_col-sm-6\"><div class=\"vc_column-inner\"><div class=\"wpb_wrapper\">\n\t<div class=\"wpb_raw_code wpb_content_element wpb_raw_html\" >\n\t\t<div class=\"wpb_wrapper\">\n\t\t\t<h3 style=\"color:#3C73B8\">\nAdvantages\n<\/h3>\n<hr>\n\n<div class=\"custom-list-item\">\n<i class=\"checkmark-icon\"><i class=\"wp-svg-checkmark-circle checkmark-circle\"><\/i><\/i>\n<p>\nUnexpected Problem Resolution:\n<\/p>\n<\/div>\n<p>\nCorrective maintenance to address unplanned failures and quickly restore system operation.\n<\/p>\n\n<div class=\"custom-list-item\">\n<i class=\"checkmark-icon\"><i class=\"wp-svg-checkmark-circle checkmark-circle\"><\/i><\/i>\n<p>\nDamaged Equipment Repair:\n<\/p>\n<\/div>\n<p>\nIdentification and repair of damaged or malfunctioning equipment to avoid further complications.\n<\/p>\n\n<div class=\"custom-list-item\">\n<i class=\"checkmark-icon\"><i class=\"wp-svg-checkmark-circle checkmark-circle\"><\/i><\/i>\n<p>\nPerformance Optimization:\n<\/p>\n<\/div>\n<p>\nAdjustments and repairs to optimize overall compressed air system performance.\n<\/p>\n\n<div class=\"custom-list-item\">\n<i class=\"checkmark-icon\"><i class=\"wp-svg-checkmark-circle checkmark-circle\"><\/i><\/i>\n<p>\nDowntime Minimization:\n<\/p>\n<\/div>\n<p>\nRapid intervention to minimize downtime and avoid economic losses associated with unplanned shutdowns.\n<\/p>\n\n<div class=\"custom-list-item\">\n<i class=\"checkmark-icon\"><i class=\"wp-svg-checkmark-circle checkmark-circle\"><\/i><\/i>\n<p>\nProduction Continuity Assurance:\n<\/p>\n<\/div>\n<p>\nCorrective maintenance to ensure production continuity and avoid interruptions in operations.\n<\/p>\n\n<div class=\"custom-list-item\">\n<i class=\"checkmark-icon\"><i class=\"wp-svg-checkmark-circle checkmark-circle\"><\/i><\/i>\n<p>\nPost-Failure Analysis:\n<\/p>\n<\/div>\n<p>\nEvaluation of the causes behind failures to implement corrective measures and prevent recurrences.\n<\/p>\n\n<div class=\"custom-list-item\">\n<i class=\"checkmark-icon\"><i class=\"wp-svg-checkmark-circle checkmark-circle\"><\/i><\/i>\n<p>\nEfficiency Restoration:\n<\/p>\n<\/div>\n<p>\nRepair of components and systems to restore compressed air system efficiency.\n<\/p>\n\n<div class=\"custom-list-item\">\n<i class=\"checkmark-icon\"><i class=\"wp-svg-checkmark-circle checkmark-circle\"><\/i><\/i>\n<p>\nSafety Standards Compliance:\n<\/p>\n<\/div>\n<p>\nCorrective maintenance to correct safety issues and ensure compliance with industry regulations and standards.\n<\/p>\n\t\t<\/div>\n\t<\/div>\n<\/div><\/div><\/div><\/div><\/div><\/div><\/div><\/div><\/div>\n<\/section>","protected":false},"excerpt":{"rendered":"<p>&nbsp;<\/p>\n<h4><span data-sheets-value=\"{&quot;1&quot;:2,&quot;2&quot;:&quot;Sensores de Punto de Roc\u00edo SUTO&quot;}\" data-sheets-userformat=\"{&quot;2&quot;:14975,&quot;3&quot;:{&quot;1&quot;:0},&quot;4&quot;:{&quot;1&quot;:2,&quot;2&quot;:15921906},&quot;5&quot;:{&quot;1&quot;:[{&quot;1&quot;:2,&quot;2&quot;:0,&quot;5&quot;:{&quot;1&quot;:0}},{&quot;1&quot;:0,&quot;2&quot;:0,&quot;3&quot;:3},{&quot;1&quot;:1,&quot;2&quot;:0,&quot;4&quot;:1}]},&quot;6&quot;:{&quot;1&quot;:[{&quot;1&quot;:2,&quot;2&quot;:0,&quot;5&quot;:{&quot;1&quot;:2,&quot;2&quot;:0}},{&quot;1&quot;:0,&quot;2&quot;:0,&quot;3&quot;:3},{&quot;1&quot;:1,&quot;2&quot;:0,&quot;4&quot;:1}]},&quot;7&quot;:{&quot;1&quot;:[{&quot;1&quot;:2,&quot;2&quot;:0,&quot;5&quot;:{&quot;1&quot;:0}},{&quot;1&quot;:0,&quot;2&quot;:0,&quot;3&quot;:3},{&quot;1&quot;:1,&quot;2&quot;:0,&quot;4&quot;:1}]},&quot;8&quot;:{&quot;1&quot;:[{&quot;1&quot;:2,&quot;2&quot;:0,&quot;5&quot;:{&quot;1&quot;:0}},{&quot;1&quot;:0,&quot;2&quot;:0,&quot;3&quot;:3},{&quot;1&quot;:1,&quot;2&quot;:0,&quot;4&quot;:1}]},&quot;9&quot;:0,&quot;12&quot;:0,&quot;14&quot;:{&quot;1&quot;:3,&quot;3&quot;:1},&quot;15&quot;:&quot;Calibri&quot;,&quot;16&quot;:11}\">Corrective Maintenance of Industrial Compressed Air Compressors<\/span><\/h4>\n<ul>\n<li>At the core of the manufacturing industry, industrial air compressors play an essential role in various processes.<\/li>\n<li>At Airtec, we offer specialized maintenance services to ensure the efficiency and service life of industrial compressed air systems.<\/li>\n<li>Our proactive expertise can prevent costly production downtime, optimizing the productivity of operations in the manufacturing industry.<\/li>\n<li>Find out how we elevate the performance and reliability of your industrial air compressors.<\/li>\n<\/ul>\n<p><a class=\"button product_type_simple\" href=\"\/contact\/\">Request A Quote.<\/a><\/p>\n","protected":false},"featured_media":15656,"comment_status":"closed","ping_status":"closed","template":"","meta":{"_coblocks_attr":"","_coblocks_dimensions":"","_coblocks_responsive_height":"","_coblocks_accordion_ie_support":""},"product_brand":[],"product_cat":[310,312,362],"product_tag":[],"class_list":{"0":"post-15652","1":"product","2":"type-product","3":"status-publish","4":"has-post-thumbnail","6":"product_cat-servicios","7":"product_cat-maintenance-rental-compressors","8":"product_cat-mantenimiento-correctivo","10":"first","11":"instock","12":"shipping-taxable","13":"product-type-simple"},"_links":{"self":[{"href":"https:\/\/airtec.global\/en\/wp-json\/wp\/v2\/product\/15652","targetHints":{"allow":["GET"]}}],"collection":[{"href":"https:\/\/airtec.global\/en\/wp-json\/wp\/v2\/product"}],"about":[{"href":"https:\/\/airtec.global\/en\/wp-json\/wp\/v2\/types\/product"}],"replies":[{"embeddable":true,"href":"https:\/\/airtec.global\/en\/wp-json\/wp\/v2\/comments?post=15652"}],"wp:featuredmedia":[{"embeddable":true,"href":"https:\/\/airtec.global\/en\/wp-json\/wp\/v2\/media\/15656"}],"wp:attachment":[{"href":"https:\/\/airtec.global\/en\/wp-json\/wp\/v2\/media?parent=15652"}],"wp:term":[{"taxonomy":"product_brand","embeddable":true,"href":"https:\/\/airtec.global\/en\/wp-json\/wp\/v2\/product_brand?post=15652"},{"taxonomy":"product_cat","embeddable":true,"href":"https:\/\/airtec.global\/en\/wp-json\/wp\/v2\/product_cat?post=15652"},{"taxonomy":"product_tag","embeddable":true,"href":"https:\/\/airtec.global\/en\/wp-json\/wp\/v2\/product_tag?post=15652"}],"curies":[{"name":"wp","href":"https:\/\/api.w.org\/{rel}","templated":true}]}}