{"id":18427,"date":"2025-02-28T16:49:03","date_gmt":"2025-02-28T16:49:03","guid":{"rendered":"https:\/\/airtec.global\/?post_type=product&#038;p=18427"},"modified":"2025-07-29T17:13:50","modified_gmt":"2025-07-29T17:13:50","slug":"varistat-ionizer","status":"publish","type":"product","link":"https:\/\/airtec.global\/en\/product\/varistat-ionizer\/","title":{"rendered":"Varistat Ionizer"},"content":{"rendered":"<section class=\"wpb-content-wrapper\"><div class=\"vc_row wpb_row vc_row-fluid\"><div class=\"row-container\"><div class=\"wpb_column vc_column_container vc_col-sm-6\"><div class=\"vc_column-inner\"><div class=\"wpb_wrapper\">\n\t<div class=\"wpb_video_widget wpb_content_element vc_clearfix   vc_video-aspect-ratio-169 vc_video-el-width-100 vc_video-align-left\" >\n\t\t<div class=\"wpb_wrapper\">\n\t\t\t\n\t\t\t<div class=\"wpb_video_wrapper\"><iframe title=\"Ionizador de Mesa Veristat EXAIR - AIRTEC\" width=\"500\" height=\"281\" src=\"https:\/\/www.youtube.com\/embed\/zSfFfNPOFmY?feature=oembed&enablejsapi=1&origin=https:\/\/airtec.global\" frameborder=\"0\" allow=\"accelerometer; autoplay; clipboard-write; encrypted-media; gyroscope; picture-in-picture; web-share\" referrerpolicy=\"strict-origin-when-cross-origin\" allowfullscreen><\/iframe><\/div>\n\t\t<\/div>\n\t<\/div>\n\n\t<div class=\"wpb_raw_code wpb_content_element wpb_raw_html\" >\n\t\t<div class=\"wpb_wrapper\">\n\t\t\t<\/br>\n\t\t<\/div>\n\t<\/div>\n<\/div><\/div><\/div><div class=\"wpb_column vc_column_container vc_col-sm-6\"><div class=\"vc_column-inner\"><div class=\"wpb_wrapper\">\n\t<div class=\"wpb_raw_code wpb_content_element wpb_raw_html\" >\n\t\t<div class=\"wpb_wrapper\">\n\t\t\t<h3 style=\"color:#3C73B8\">What is the EXAIR Varistat Benchtop Ionizer?<\/h3>\n<hr>\n<p>EXAIR's Varistat Benchtop Ionizer is a fan-driven static eliminator designed to neutralize static charges on surfaces in demanding industrial environments where static can become a problem. Thanks to its ionization technology, the Varistat provides a constant flow of balanced ionized air that keeps products free of static and particles, with hands-free operation and without the need for compressed air.<br><\/br>The manually adjustable Varistat offers complete static elimination at workstations, parts assembly, roll stock cleaning and more. It can be easily mounted on equipment or placed on work tables to assist with constant static neutralization. Capable of reducing 1000 volts to 100 in as little as 0.8 seconds, the Varistat Ionizer eliminates surface static from a distance with incredible efficiency.<br><\/br>The Varistat is designed to suit various industrial applications and unique processes, offering customizable options such as an adjustable mounting bracket, voltage selection, variable fan speed and adjustable polarity.<\/p>\n\n\n\t\t<\/div>\n\t<\/div>\n<\/div><\/div><\/div><\/div><\/div><div class=\"vc_row wpb_row vc_row-fluid\"><div class=\"row-container\"><div class=\"wpb_column vc_column_container vc_col-sm-4\"><div class=\"vc_column-inner\"><div class=\"wpb_wrapper\">\n\t<div class=\"wpb_raw_code wpb_content_element wpb_raw_html\" >\n\t\t<div class=\"wpb_wrapper\">\n\t\t\t<h3 style=\"color:#3C73B8\">Applications<\/h3>\n<hr>\n\t\t<\/div>\n\t<\/div>\n\n\t<div class=\"wpb_raw_code wpb_content_element wpb_raw_html\" >\n\t\t<div class=\"wpb_wrapper\">\n\t\t\t<div class=\"custom-list-item\">\n<i class=\"checkmark-icon\"><i class=\"wp-svg-checkmark-circle checkmark-circle\"><\/i><\/i>\n<p>\nCleaning of roll materials\n<\/p>\n<\/div>\n<div class=\"custom-list-item\">\n<i class=\"checkmark-icon\"><i class=\"wp-svg-checkmark-circle checkmark-circle\"><\/i><\/i>\n<p>\nElectronics assembly\n<\/p>\n<\/div>\n<div class=\"custom-list-item\">\n<i class=\"checkmark-icon\"><i class=\"wp-svg-checkmark-circle checkmark-circle\"><\/i><\/i>\n<p>\nMolding machinery\n<\/p>\n<\/div>\n<div class=\"custom-list-item\">\n<i class=\"checkmark-icon\"><i class=\"wp-svg-checkmark-circle checkmark-circle\"><\/i><\/i>\n<p>\nCutting, laminating and winding\n<\/p>\n<\/div>\n<div class=\"custom-list-item\">\n<i class=\"checkmark-icon\"><i class=\"wp-svg-checkmark-circle checkmark-circle\"><\/i><\/i>\n<p>\nParts cleaning\n<\/p>\n<\/div>\n<div class=\"custom-list-item\">\n<i class=\"checkmark-icon\"><i class=\"wp-svg-checkmark-circle checkmark-circle\"><\/i><\/i>\n<p>\nShrink wrappers\n<\/p>\n<\/div>\n<div class=\"custom-list-item\">\n<i class=\"checkmark-icon\"><i class=\"wp-svg-checkmark-circle checkmark-circle\"><\/i><\/i>\n<p>\nPackaging cleaning\n<\/p>\n<\/div>\n<div class=\"custom-list-item\">\n<i class=\"checkmark-icon\"><i class=\"wp-svg-checkmark-circle checkmark-circle\"><\/i><\/i>\n<p>\nPrinting equipment\n<\/p>\n<\/div>\n<div class=\"custom-list-item\">\n<i class=\"checkmark-icon\"><i class=\"wp-svg-checkmark-circle checkmark-circle\"><\/i><\/i>\n<p>\nWorkbench assembly\n<\/p>\n<\/div>\n\n\t\t<\/div>\n\t<\/div>\n\n\t<div class=\"wpb_raw_code wpb_content_element wpb_raw_html\" >\n\t\t<div class=\"wpb_wrapper\">\n\t\t\t<\/br>\n\t\t<\/div>\n\t<\/div>\n<\/div><\/div><\/div><div class=\"wpb_column vc_column_container vc_col-sm-4\"><div class=\"vc_column-inner\"><div class=\"wpb_wrapper\">\n\t<div class=\"wpb_raw_code wpb_content_element wpb_raw_html\" >\n\t\t<div class=\"wpb_wrapper\">\n\t\t\t<h3 style=\"color:#3C73B8\">Advantages<\/h3>\n<hr>\n\t\t<\/div>\n\t<\/div>\n\n\t<div class=\"wpb_raw_code wpb_content_element wpb_raw_html\" >\n\t\t<div class=\"wpb_wrapper\">\n\t\t\t<div class=\"custom-list-item\">\n<i class=\"checkmark-icon\"><i class=\"wp-svg-checkmark-circle checkmark-circle\"><\/i><\/i>\n<p>\nMountable and hands-free operation\n<\/p>\n<\/div>\n<div class=\"custom-list-item\">\n<i class=\"checkmark-icon\"><i class=\"wp-svg-checkmark-circle checkmark-circle\"><\/i><\/i>\n<p>\nFast static dissipation\n<\/p>\n<\/div>\n<div class=\"custom-list-item\">\n<i class=\"checkmark-icon\"><i class=\"wp-svg-checkmark-circle checkmark-circle\"><\/i><\/i>\n<p>\nLow voltage operation\n<\/p>\n<\/div>\n<div class=\"custom-list-item\">\n<i class=\"checkmark-icon\"><i class=\"wp-svg-checkmark-circle checkmark-circle\"><\/i><\/i>\n<p>\nOSHA safe air output and noise level\n<\/p>\n<\/div>\n<div class=\"custom-list-item\">\n<i class=\"checkmark-icon\"><i class=\"wp-svg-checkmark-circle checkmark-circle\"><\/i><\/i>\n<p>\nMeets OSHA pressure requirements\n<\/p>\n<\/div>\n<div class=\"custom-list-item\">\n<i class=\"checkmark-icon\"><i class=\"wp-svg-checkmark-circle checkmark-circle\"><\/i><\/i>\n<p>\nLED indicators for correct and incorrect operation\n<\/p>\n<\/div>\n\n\t\t<\/div>\n\t<\/div>\n\n\t<div class=\"wpb_raw_code wpb_content_element wpb_raw_html\" >\n\t\t<div class=\"wpb_wrapper\">\n\t\t\t<\/br>\n\t\t<\/div>\n\t<\/div>\n<\/div><\/div><\/div><div class=\"wpb_column vc_column_container vc_col-sm-4\"><div class=\"vc_column-inner\"><div class=\"wpb_wrapper\">\n\t<div class=\"wpb_raw_code wpb_content_element wpb_raw_html\" >\n\t\t<div class=\"wpb_wrapper\">\n\t\t\t<\/br>\n\t\t<\/div>\n\t<\/div>\n\n\t<div  class=\"wpb_single_image wpb_content_element vc_align_center\">\n\t\t\n\t\t<figure class=\"wpb_wrapper vc_figure\">\n\t\t\t<div class=\"vc_single_image-wrapper vc_box_rounded  vc_box_border_grey\"><img fetchpriority=\"high\" decoding=\"async\" width=\"339\" height=\"271\" src=\"https:\/\/airtec.global\/wp-content\/uploads\/2025\/02\/Ionizador-Varistat_px.png\" class=\"vc_single_image-img attachment-full\" alt=\"El Ionizador de Mesa Varistat de EXAIR es un eliminador de est\u00e1tica impulsado por ventilador, dise\u00f1ado para neutralizar cargas est\u00e1ticas en superficies en entornos industriales exigentes donde la est\u00e1tica puede convertirse en un problema.\" title=\"Ionizador Varistat_px\" srcset=\"https:\/\/airtec.global\/wp-content\/uploads\/2025\/02\/Ionizador-Varistat_px.png 339w, https:\/\/airtec.global\/wp-content\/uploads\/2025\/02\/Ionizador-Varistat_px-300x240.png 300w, https:\/\/airtec.global\/wp-content\/uploads\/2025\/02\/Ionizador-Varistat_px-15x12.png 15w\" sizes=\"(max-width: 339px) 100vw, 339px\" \/><\/div><figcaption class=\"vc_figure-caption\">EXAIR's Varistat Benchtop Ionizer is a fan-driven static eliminator designed to neutralize static charges on surfaces in demanding industrial environments where static can become a problem.<\/figcaption>\n\t\t<\/figure>\n\t<\/div>\n<\/div><\/div><\/div><\/div><\/div><div class=\"vc_row wpb_row vc_row-fluid\"><div class=\"row-container\"><div class=\"wpb_column vc_column_container vc_col-sm-12\"><div class=\"vc_column-inner\"><div class=\"wpb_wrapper\">\n\t<div class=\"wpb_raw_code wpb_content_element wpb_raw_html\" >\n\t\t<div class=\"wpb_wrapper\">\n\t\t\t<h3 style=\"color:#3C73B8\">Applications<\/h3>\n<hr>\n\t\t<\/div>\n\t<\/div>\n<\/div><\/div><\/div><\/div><\/div><div class=\"vc_row wpb_row vc_row-fluid\"><div class=\"row-container\"><div class=\"wpb_column vc_column_container vc_col-sm-6\"><div class=\"vc_column-inner\"><div class=\"wpb_wrapper\">\n\t<div  class=\"wpb_single_image wpb_content_element vc_align_center\">\n\t\t\n\t\t<figure class=\"wpb_wrapper vc_figure\">\n\t\t\t<div class=\"vc_single_image-wrapper vc_box_rounded  vc_box_border_grey\"><img decoding=\"async\" width=\"800\" height=\"800\" src=\"https:\/\/airtec.global\/wp-content\/uploads\/2025\/02\/vs230pr_800sqhr8optNOlogoce.jpg\" class=\"vc_single_image-img attachment-full\" alt=\"El Varistat est\u00e1 dise\u00f1ado para adaptarse a diversas aplicaciones industriales y procesos \u00fanicos, ofreciendo opciones personalizables como un soporte ajustable para montaje, selecci\u00f3n de voltaje, velocidad variable del ventilador y polaridad ajustable.\" title=\"vs230pr_800sqhr8optNOlogoce\" srcset=\"https:\/\/airtec.global\/wp-content\/uploads\/2025\/02\/vs230pr_800sqhr8optNOlogoce.jpg 800w, https:\/\/airtec.global\/wp-content\/uploads\/2025\/02\/vs230pr_800sqhr8optNOlogoce-300x300.jpg 300w, https:\/\/airtec.global\/wp-content\/uploads\/2025\/02\/vs230pr_800sqhr8optNOlogoce-150x150.jpg 150w, https:\/\/airtec.global\/wp-content\/uploads\/2025\/02\/vs230pr_800sqhr8optNOlogoce-768x768.jpg 768w, https:\/\/airtec.global\/wp-content\/uploads\/2025\/02\/vs230pr_800sqhr8optNOlogoce-12x12.jpg 12w, https:\/\/airtec.global\/wp-content\/uploads\/2025\/02\/vs230pr_800sqhr8optNOlogoce-600x600.jpg 600w, https:\/\/airtec.global\/wp-content\/uploads\/2025\/02\/vs230pr_800sqhr8optNOlogoce-100x100.jpg 100w\" sizes=\"(max-width: 800px) 100vw, 800px\" \/><\/div><figcaption class=\"vc_figure-caption\">The Varistat is designed to suit various industrial applications and unique processes, offering customizable options such as an adjustable mounting bracket, voltage selection, variable fan speed and adjustable polarity.<\/figcaption>\n\t\t<\/figure>\n\t<\/div>\n<\/div><\/div><\/div><div class=\"wpb_column vc_column_container vc_col-sm-6\"><div class=\"vc_column-inner\"><div class=\"wpb_wrapper\">\n\t<div  class=\"wpb_single_image wpb_content_element vc_align_center\">\n\t\t\n\t\t<figure class=\"wpb_wrapper vc_figure\">\n\t\t\t<div class=\"vc_single_image-wrapper vc_box_rounded  vc_box_border_grey\"><img decoding=\"async\" width=\"588\" height=\"586\" src=\"https:\/\/airtec.global\/wp-content\/uploads\/2025\/02\/Exair-Ionizador-.png\" class=\"vc_single_image-img attachment-full\" alt=\"El Varistat, de ajuste manual, ofrece una eliminaci\u00f3n completa de est\u00e1tica en estaciones de trabajo, ensamblaje de piezas, limpieza de materiales en rollo y m\u00e1s.\" title=\"Exair-Ionizador-\" srcset=\"https:\/\/airtec.global\/wp-content\/uploads\/2025\/02\/Exair-Ionizador-.png 588w, https:\/\/airtec.global\/wp-content\/uploads\/2025\/02\/Exair-Ionizador--300x300.png 300w, https:\/\/airtec.global\/wp-content\/uploads\/2025\/02\/Exair-Ionizador--150x150.png 150w, https:\/\/airtec.global\/wp-content\/uploads\/2025\/02\/Exair-Ionizador--12x12.png 12w, https:\/\/airtec.global\/wp-content\/uploads\/2025\/02\/Exair-Ionizador--100x100.png 100w\" sizes=\"(max-width: 588px) 100vw, 588px\" \/><\/div><figcaption class=\"vc_figure-caption\">The manually adjustable Varistat offers complete static elimination on workstations, parts assembly, roll material cleaning and more.<\/figcaption>\n\t\t<\/figure>\n\t<\/div>\n<\/div><\/div><\/div><\/div><\/div><div class=\"vc_row wpb_row vc_row-fluid\"><div class=\"row-container\"><div class=\"wpb_column vc_column_container vc_col-sm-12\"><div class=\"vc_column-inner\"><div class=\"wpb_wrapper\">\n\t<div class=\"wpb_raw_code wpb_content_element wpb_raw_html\" >\n\t\t<div class=\"wpb_wrapper\">\n\t\t\t<h3 style=\"color:#3C73B8\">Downloads<\/h3>\n<hr>\n\t\t<\/div>\n\t<\/div>\n<div class=\"vc_row wpb_row vc_inner vc_row-fluid\"><div class=\"wpb_column vc_column_container vc_col-sm-3\"><div class=\"vc_column-inner\"><div class=\"wpb_wrapper\">\n\t<div  class=\"wpb_single_image wpb_content_element vc_align_center\">\n\t\t\n\t\t<figure class=\"wpb_wrapper vc_figure\">\n\t\t\t<div class=\"vc_single_image-wrapper vc_box_border  vc_box_border_grey\"><img loading=\"lazy\" decoding=\"async\" class=\"vc_single_image-img\" src=\"https:\/\/airtec.global\/wp-content\/uploads\/2025\/02\/Varistat-Benchtop-Ionizer-150x200.png\" width=\"150\" height=\"200\" alt=\"Varistat Benchtop Ionizer\" title=\"Varistat Benchtop Ionizer\" \/><\/div>\n\t\t<\/figure>\n\t<\/div>\n<div class=\"vc_btn3-container vc_btn3-center\" ><a class=\"vc_general vc_btn3 vc_btn3-size-md vc_btn3-shape-rounded vc_btn3-style-outline vc_btn3-icon-left vc_btn3-color-mulled-wine\" href=\"https:\/\/airtec.global\/wp-content\/uploads\/2025\/02\/Varistat-Benchtop-Ionizer.pdf\" title=\"\" target=\"_blank\"><i class=\"vc_btn3-icon fas fa-file-pdf\"><\/i> Download the catalog<\/a><\/div><\/div><\/div><\/div><div class=\"wpb_column vc_column_container vc_col-sm-3\"><div class=\"vc_column-inner\"><div class=\"wpb_wrapper\">\n\t<div  class=\"wpb_single_image wpb_content_element vc_align_center\">\n\t\t\n\t\t<figure class=\"wpb_wrapper vc_figure\">\n\t\t\t<div class=\"vc_single_image-wrapper vc_box_border  vc_box_border_grey\"><img loading=\"lazy\" decoding=\"async\" class=\"vc_single_image-img\" src=\"https:\/\/airtec.global\/wp-content\/uploads\/2025\/02\/LIT7220_Varistat_Ionizer_1-150x200.png\" width=\"150\" height=\"200\" alt=\"LIT7220_Varistat_Ionizer_1\" title=\"LIT7220_Varistat_Ionizer_1\" \/><\/div>\n\t\t<\/figure>\n\t<\/div>\n<div class=\"vc_btn3-container vc_btn3-center\" ><a class=\"vc_general vc_btn3 vc_btn3-size-md vc_btn3-shape-rounded vc_btn3-style-outline vc_btn3-icon-left vc_btn3-color-mulled-wine\" href=\"https:\/\/airtec.global\/wp-content\/uploads\/2025\/02\/LIT7220_Varistat_Ionizer_1.pdf\" title=\"\" target=\"_blank\"><i class=\"vc_btn3-icon fas fa-file-pdf\"><\/i> Download the technical datasheet<\/a><\/div><\/div><\/div><\/div><div class=\"wpb_column vc_column_container vc_col-sm-3\"><div class=\"vc_column-inner\"><div class=\"wpb_wrapper\"><\/div><\/div><\/div><div class=\"wpb_column vc_column_container vc_col-sm-3\"><div class=\"vc_column-inner\"><div class=\"wpb_wrapper\"><\/div><\/div><\/div><\/div><\/div><\/div><\/div><\/div><\/div>\n<\/section>","protected":false},"excerpt":{"rendered":"<h4>Varistat\u00ae tabletop ionizer model 8600-230<\/h4>\n<hr \/>\n<ul>\n<li>Efficient static elimination: Reduces 1000 volts to 100 in just 0.8 seconds.<\/li>\n<li>Hands-free operation: Works without constant operator intervention.<\/li>\n<li>Constant ionized air flow: Keeps surfaces free of static and particles.<\/li>\n<li>Compatible with multiple applications: Ideal for workstations, assembly, roll stock cleaning, and more.<\/li>\n<li>Flexible mounting: Easy to mount on equipment or place on workbenches.<\/li>\n<li>Low voltage operation: Ensures efficient energy consumption.<\/li>\n<\/ul>\n<p><a class=\"button product_type_simple\" href=\"\/en\/contact\/\">Request A Quote.<\/a><\/p>","protected":false},"featured_media":18435,"comment_status":"closed","ping_status":"closed","template":"","meta":{"_coblocks_attr":"","_coblocks_dimensions":"","_coblocks_responsive_height":"","_coblocks_accordion_ie_support":""},"product_brand":[],"product_cat":[314,296,297],"product_tag":[],"class_list":{"0":"post-18427","1":"product","2":"type-product","3":"status-publish","4":"has-post-thumbnail","6":"product_cat-eliminadores-de-estatica","7":"product_cat-exair","8":"product_cat-producto","10":"first","11":"instock","12":"shipping-taxable","13":"product-type-simple"},"_links":{"self":[{"href":"https:\/\/airtec.global\/en\/wp-json\/wp\/v2\/product\/18427","targetHints":{"allow":["GET"]}}],"collection":[{"href":"https:\/\/airtec.global\/en\/wp-json\/wp\/v2\/product"}],"about":[{"href":"https:\/\/airtec.global\/en\/wp-json\/wp\/v2\/types\/product"}],"replies":[{"embeddable":true,"href":"https:\/\/airtec.global\/en\/wp-json\/wp\/v2\/comments?post=18427"}],"wp:featuredmedia":[{"embeddable":true,"href":"https:\/\/airtec.global\/en\/wp-json\/wp\/v2\/media\/18435"}],"wp:attachment":[{"href":"https:\/\/airtec.global\/en\/wp-json\/wp\/v2\/media?parent=18427"}],"wp:term":[{"taxonomy":"product_brand","embeddable":true,"href":"https:\/\/airtec.global\/en\/wp-json\/wp\/v2\/product_brand?post=18427"},{"taxonomy":"product_cat","embeddable":true,"href":"https:\/\/airtec.global\/en\/wp-json\/wp\/v2\/product_cat?post=18427"},{"taxonomy":"product_tag","embeddable":true,"href":"https:\/\/airtec.global\/en\/wp-json\/wp\/v2\/product_tag?post=18427"}],"curies":[{"name":"wp","href":"https:\/\/api.w.org\/{rel}","templated":true}]}}