{"id":25629,"date":"2026-03-13T19:06:20","date_gmt":"2026-03-13T19:06:20","guid":{"rendered":"https:\/\/airtec.global\/?post_type=product&#038;p=25629"},"modified":"2026-03-13T19:40:21","modified_gmt":"2026-03-13T19:40:21","slug":"s-series-high-efficiency-compressed-air-filters","status":"publish","type":"product","link":"https:\/\/airtec.global\/en\/product\/s-series-high-efficiency-compressed-air-filters\/","title":{"rendered":"S-Series Compressed Air Filters"},"content":{"rendered":"<section class=\"wpb-content-wrapper\"><div class=\"vc_row wpb_row vc_row-fluid\"><div class=\"row-container\"><div class=\"wpb_column vc_column_container vc_col-sm-6\"><div class=\"vc_column-inner\"><div class=\"wpb_wrapper\">\n\t<div  class=\"wpb_single_image wpb_content_element vc_align_left\">\n\t\t\n\t\t<figure class=\"wpb_wrapper vc_figure\">\n\t\t\t<div class=\"vc_single_image-wrapper   vc_box_border_grey\"><img fetchpriority=\"high\" decoding=\"async\" width=\"1080\" height=\"1080\" src=\"https:\/\/airtec.global\/wp-content\/uploads\/2026\/03\/DescpFiltrosSsouthTek.png\" class=\"vc_single_image-img attachment-full\" alt=\"\" title=\"DescpFiltrosSsouthTek\" srcset=\"https:\/\/airtec.global\/wp-content\/uploads\/2026\/03\/DescpFiltrosSsouthTek.png 1080w, https:\/\/airtec.global\/wp-content\/uploads\/2026\/03\/DescpFiltrosSsouthTek-300x300.png 300w, https:\/\/airtec.global\/wp-content\/uploads\/2026\/03\/DescpFiltrosSsouthTek-1024x1024.png 1024w, https:\/\/airtec.global\/wp-content\/uploads\/2026\/03\/DescpFiltrosSsouthTek-150x150.png 150w, https:\/\/airtec.global\/wp-content\/uploads\/2026\/03\/DescpFiltrosSsouthTek-768x768.png 768w, https:\/\/airtec.global\/wp-content\/uploads\/2026\/03\/DescpFiltrosSsouthTek-12x12.png 12w, https:\/\/airtec.global\/wp-content\/uploads\/2026\/03\/DescpFiltrosSsouthTek-600x600.png 600w, https:\/\/airtec.global\/wp-content\/uploads\/2026\/03\/DescpFiltrosSsouthTek-100x100.png 100w\" sizes=\"(max-width: 1080px) 100vw, 1080px\"><\/div>\n\t\t<\/figure>\n\t<\/div>\n\n\t<div class=\"wpb_raw_code wpb_content_element wpb_raw_html\" >\n\t\t<div class=\"wpb_wrapper\">\n\t\t\t<br>\n\t\t<\/div>\n\t<\/div>\n<\/div><\/div><\/div><div class=\"wpb_column vc_column_container vc_col-sm-6\"><div class=\"vc_column-inner\"><div class=\"wpb_wrapper\">\n\t<div class=\"wpb_raw_code wpb_content_element wpb_raw_html\" >\n\t\t<div class=\"wpb_wrapper\">\n\t\t\t<br>\n<h3 style=\"color:#3C73B8\">\nAdvanced Filtration for Industrial Air Quality\n<\/h3>\n<hr>\n\t\t<\/div>\n\t<\/div>\n\n\t<div class=\"wpb_text_column wpb_content_element\" >\n\t\t<div class=\"wpb_wrapper\">\n\t\t\t\n\t\t<\/div>\n\t<\/div>\n\n\t<div class=\"wpb_text_column wpb_content_element\" >\n\t\t<div class=\"wpb_wrapper\">\n\t\t\t<p>The S and SHC series are designed to minimize contamination from solid particles, water, and oil within compressed air systems, helping protect pneumatic equipment and extend its operational lifespan.<\/p>\n<p>The \u201cZero Clearance\u201d design technology allows quick and safe replacement of the filter element without the need for special tools, reducing maintenance time and simplifying system operation.<\/p>\n<p>The anodized aluminum construction provides high corrosion resistance and enhanced durability in demanding industrial environments. In addition, the hermetic sealing system improves filtration efficiency and prevents compressed air losses.<\/p>\n<p>These filters are manufactured in accordance with ISO 8573 standards, helping meet compressed air quality requirements for manufacturing, instrumentation, and critical process applications.<\/p>\n\n\t\t<\/div>\n\t<\/div>\n<\/div><\/div><\/div><\/div><\/div><div class=\"vc_row wpb_row vc_row-fluid\"><div class=\"row-container\"><div class=\"wpb_column vc_column_container vc_col-sm-12\"><div class=\"vc_column-inner\"><div class=\"wpb_wrapper\"><div class=\"vc_row wpb_row vc_inner vc_row-fluid vc_row-o-content-top vc_row-flex\"><div class=\"wpb_column vc_column_container vc_col-sm-4\"><div class=\"vc_column-inner\"><div class=\"wpb_wrapper\">\n\t<div class=\"wpb_raw_code wpb_content_element wpb_raw_html\" >\n\t\t<div class=\"wpb_wrapper\">\n\t\t\t<h3 style=\"color:#3C73B8\">\nApplications\n<\/h3>\n<hr>\n\n<div class=\"custom-list-item\">\n<i class=\"checkmark-icon\"><i class=\"wp-svg-checkmark-circle checkmark-circle\"><\/i><\/i>\n<p>\nIndustrial compressor protection.\n<\/p>\n<\/div>\n\n<div class=\"custom-list-item\">\n<i class=\"checkmark-icon\"><i class=\"wp-svg-checkmark-circle checkmark-circle\"><\/i><\/i>\n<p>\nNitrogen generation systems.\n<\/p>\n<\/div>\n\n<div class=\"custom-list-item\">\n<i class=\"checkmark-icon\"><i class=\"wp-svg-checkmark-circle checkmark-circle\"><\/i><\/i>\n<p>\nManufacturing processes.\n<\/p>\n<\/div>\n\n<div class=\"custom-list-item\">\n<i class=\"checkmark-icon\"><i class=\"wp-svg-checkmark-circle checkmark-circle\"><\/i><\/i>\n<p>\nFood and beverage industry.\n<\/p>\n<\/div>\n\n<div class=\"custom-list-item\">\n<i class=\"checkmark-icon\"><i class=\"wp-svg-checkmark-circle checkmark-circle\"><\/i><\/i>\n<p>\nPneumatic instrumentation.\n<\/p>\n<\/div>\n\n<div class=\"custom-list-item\">\n<i class=\"checkmark-icon\"><i class=\"wp-svg-checkmark-circle checkmark-circle\"><\/i><\/i>\n<p>\nHigh-purity compressed air systems.\n<\/p>\n<\/div>\n\n<div class=\"custom-list-item\">\n<i class=\"checkmark-icon\"><i class=\"wp-svg-checkmark-circle checkmark-circle\"><\/i><\/i>\n<p>\n24\/7 industrial plants.\n<\/p>\n<\/div>\n\t\t<\/div>\n\t<\/div>\n<\/div><\/div><\/div><div class=\"wpb_column vc_column_container vc_col-sm-4\"><div class=\"vc_column-inner\"><div class=\"wpb_wrapper\">\n\t<div class=\"wpb_raw_code wpb_content_element wpb_raw_html\" >\n\t\t<div class=\"wpb_wrapper\">\n\t\t\t<h3 style=\"color:#3C73B8\">\nAdvantages\n<\/h3>\n<hr>\n\n<div class=\"custom-list-item\">\n<i class=\"checkmark-icon\"><i class=\"wp-svg-checkmark-circle checkmark-circle\"><\/i><\/i>\n<p>\nLow initial investment cost.\n<\/p>\n<\/div>\n\n<div class=\"custom-list-item\">\n<i class=\"checkmark-icon\"><i class=\"wp-svg-checkmark-circle checkmark-circle\"><\/i><\/i>\n<p>\nReduced maintenance costs.\n<\/p>\n<\/div>\n\n<div class=\"custom-list-item\">\n<i class=\"checkmark-icon\"><i class=\"wp-svg-checkmark-circle checkmark-circle\"><\/i><\/i>\n<p>\nCompact design and easy installation.\n<\/p>\n<\/div>\n\n<div class=\"custom-list-item\">\n<i class=\"checkmark-icon\"><i class=\"wp-svg-checkmark-circle checkmark-circle\"><\/i><\/i>\n<p>\nHigh filtration efficiency.\n<\/p>\n<\/div>\n\n<div class=\"custom-list-item\">\n<i class=\"checkmark-icon\"><i class=\"wp-svg-checkmark-circle checkmark-circle\"><\/i><\/i>\n<p>\nMinimization of pressure drop.\n<\/p>\n<\/div>\n\n<div class=\"custom-list-item\">\n<i class=\"checkmark-icon\"><i class=\"wp-svg-checkmark-circle checkmark-circle\"><\/i><\/i>\n<p>\nZero-loss drain options.\n<\/p>\n<\/div>\n\n<div class=\"custom-list-item\">\n<i class=\"checkmark-icon\"><i class=\"wp-svg-checkmark-circle checkmark-circle\"><\/i><\/i>\n<p>\nProtection of downstream pneumatic equipment.\n<\/p>\n<\/div>\n\n<div class=\"custom-list-item\">\n<i class=\"checkmark-icon\"><i class=\"wp-svg-checkmark-circle checkmark-circle\"><\/i><\/i>\n<p>\nReliable operation in harsh industrial environments.\n<\/p>\n<\/div>\n\t\t<\/div>\n\t<\/div>\n<\/div><\/div><\/div><div class=\"wpb_column vc_column_container vc_col-sm-4\"><div class=\"vc_column-inner\"><div class=\"wpb_wrapper\">\n\t<div class=\"wpb_raw_code wpb_content_element wpb_raw_html\" >\n\t\t<div class=\"wpb_wrapper\">\n\t\t\t<br>\n\t\t<\/div>\n\t<\/div>\n\n\t<div  class=\"wpb_single_image wpb_content_element vc_align_center\">\n\t\t\n\t\t<figure class=\"wpb_wrapper vc_figure\">\n\t\t\t<div class=\"vc_single_image-wrapper vc_box_rounded  vc_box_border_grey\"><img decoding=\"async\" width=\"1080\" height=\"1080\" src=\"https:\/\/airtec.global\/wp-content\/uploads\/2026\/03\/VentajasFiltrosSsouthTek.png\" class=\"vc_single_image-img attachment-full\" alt=\"\" title=\"VentajasFiltrosSsouthTek\" srcset=\"https:\/\/airtec.global\/wp-content\/uploads\/2026\/03\/VentajasFiltrosSsouthTek.png 1080w, https:\/\/airtec.global\/wp-content\/uploads\/2026\/03\/VentajasFiltrosSsouthTek-300x300.png 300w, https:\/\/airtec.global\/wp-content\/uploads\/2026\/03\/VentajasFiltrosSsouthTek-1024x1024.png 1024w, https:\/\/airtec.global\/wp-content\/uploads\/2026\/03\/VentajasFiltrosSsouthTek-150x150.png 150w, https:\/\/airtec.global\/wp-content\/uploads\/2026\/03\/VentajasFiltrosSsouthTek-768x768.png 768w, https:\/\/airtec.global\/wp-content\/uploads\/2026\/03\/VentajasFiltrosSsouthTek-12x12.png 12w, https:\/\/airtec.global\/wp-content\/uploads\/2026\/03\/VentajasFiltrosSsouthTek-600x600.png 600w, https:\/\/airtec.global\/wp-content\/uploads\/2026\/03\/VentajasFiltrosSsouthTek-100x100.png 100w\" sizes=\"(max-width: 1080px) 100vw, 1080px\"><\/div>\n\t\t<\/figure>\n\t<\/div>\n<\/div><\/div><\/div><\/div><div class=\"vc_row wpb_row vc_inner vc_row-fluid\"><div class=\"wpb_column vc_column_container vc_col-sm-6\"><div class=\"vc_column-inner\"><div class=\"wpb_wrapper\">\n\t<div class=\"wpb_raw_code wpb_content_element wpb_raw_html\" >\n\t\t<div class=\"wpb_wrapper\">\n\t\t\t<h3 style=\"color:#3C73B8\">\nPrecision Filtration for Maximum Performance\n<\/h3>\n<hr>\n\t\t<\/div>\n\t<\/div>\n\n\t<div class=\"wpb_text_column wpb_content_element\" >\n\t\t<div class=\"wpb_wrapper\">\n\t\t\t<p>The filter elements are designed with depth media construction and fluted stainless steel support tubes, providing high resistance to pressure collapse while improving diagonal airflow through the element.<\/p>\n<p>The PVC-impregnated drainage layer facilitates the removal of water and oil, maintaining the efficiency of the coalescing system and extending filter element replacement intervals.<\/p>\n<p>The series offers four primary filtration efficiency ranges, capable of capturing contaminants as small as 0.01 microns, even under pressure conditions of up to 290 PSI.<\/p>\n<p>The systems include clogging indicators, plastic handles for safe element replacement, and options for electronic or zero-loss drain valves to optimize compressed air consumption.<\/p>\n<p>The anodized coating technology provides excellent corrosion resistance and improved structural stability under harsh industrial conditions.<\/p>\n\n\t\t<\/div>\n\t<\/div>\n<\/div><\/div><\/div><div class=\"wpb_column vc_column_container vc_col-sm-6\"><div class=\"vc_column-inner\"><div class=\"wpb_wrapper\">\n\t<div class=\"wpb_raw_code wpb_content_element wpb_raw_html\" >\n\t\t<div class=\"wpb_wrapper\">\n\t\t\t<br>\n\t\t<\/div>\n\t<\/div>\n\n\t<div  class=\"wpb_single_image wpb_content_element vc_align_center\">\n\t\t\n\t\t<figure class=\"wpb_wrapper vc_figure\">\n\t\t\t<div class=\"vc_single_image-wrapper vc_box_rounded  vc_box_border_grey\"><img decoding=\"async\" class=\"vc_single_image-img\" src=\"https:\/\/airtec.global\/wp-content\/uploads\/2026\/03\/Filtracion-de-Precision-para-Maximo-Desempeno-450x450.png\" width=\"450\" height=\"450\" alt=\"Precision Filtration for Maximum Performance\" title=\"Filtraci\u00f3n de Precisi\u00f3n para M\u00e1ximo Desempe\u00f1o\" \/><\/div><figcaption class=\"vc_figure-caption\">Precision Filtration for Maximum Performance<\/figcaption>\n\t\t<\/figure>\n\t<\/div>\n<\/div><\/div><\/div><\/div><\/div><\/div><\/div><\/div><\/div><div class=\"vc_row wpb_row vc_row-fluid\"><div class=\"row-container\"><div class=\"wpb_column vc_column_container vc_col-sm-12\"><div class=\"vc_column-inner\"><div class=\"wpb_wrapper\">\n\t<div class=\"wpb_raw_code wpb_content_element wpb_raw_html\" >\n\t\t<div class=\"wpb_wrapper\">\n\t\t\t<h3 style=\"color:#3C73B8\">Downloads<\/h3>\n<hr>\n\t\t<\/div>\n\t<\/div>\n<\/div><\/div><\/div><\/div><\/div><div class=\"vc_row wpb_row vc_row-fluid\"><div class=\"row-container\"><div class=\"wpb_column vc_column_container vc_col-sm-3\"><div class=\"vc_column-inner\"><div class=\"wpb_wrapper\">\n\t<div  class=\"wpb_single_image wpb_content_element vc_align_center\">\n\t\t\n\t\t<figure class=\"wpb_wrapper vc_figure\">\n\t\t\t<div class=\"vc_single_image-wrapper vc_box_border  vc_box_border_grey\"><img loading=\"lazy\" decoding=\"async\" width=\"142\" height=\"200\" src=\"https:\/\/airtec.global\/wp-content\/uploads\/2026\/03\/PortadaFiltrosSsouthTek.png\" class=\"vc_single_image-img attachment-full\" alt=\"\" title=\"PortadaFiltrosSsouthTek\" srcset=\"https:\/\/airtec.global\/wp-content\/uploads\/2026\/03\/PortadaFiltrosSsouthTek.png 142w, https:\/\/airtec.global\/wp-content\/uploads\/2026\/03\/PortadaFiltrosSsouthTek-9x12.png 9w\" sizes=\"(max-width: 142px) 100vw, 142px\"><\/div>\n\t\t<\/figure>\n\t<\/div>\n<div class=\"vc_btn3-container vc_btn3-center\" ><a class=\"vc_general vc_btn3 vc_btn3-size-md vc_btn3-shape-rounded vc_btn3-style-outline vc_btn3-icon-left vc_btn3-color-mulled-wine\" href=\"https:\/\/airtec.global\/wp-content\/uploads\/2026\/03\/STS-Filter-Brochure-250314-f.pdf\" title=\"\" target=\"_blank\"><i class=\"vc_btn3-icon fas fa-file-pdf\"><\/i> Download S-Series Compressed Air Filters - Manual<\/a><\/div><\/div><\/div><\/div><div class=\"wpb_column vc_column_container vc_col-sm-3\"><div class=\"vc_column-inner\"><div class=\"wpb_wrapper\"><\/div><\/div><\/div><div class=\"wpb_column vc_column_container vc_col-sm-3\"><div class=\"vc_column-inner\"><div class=\"wpb_wrapper\"><\/div><\/div><\/div><div class=\"wpb_column vc_column_container vc_col-sm-3\"><div class=\"vc_column-inner\"><div class=\"wpb_wrapper\"><\/div><\/div><\/div><\/div><\/div>\n<\/section>","protected":false},"excerpt":{"rendered":"<h4>High-Efficiency Industrial Compressed Air Filters<\/h4>\n<hr \/>\n<ul>\n<li>Flow range: 20 \u2013 3200 CFM<\/li>\n<li>Maximum pressure range: up to 290 PSI<\/li>\n<li>Compatible with ISO 8573 standards<\/li>\n<li>Porosity-free anodized aluminum construction<\/li>\n<li>\u201cZero Clearance\u201d design for simplified maintenance<\/li>\n<li>Differential pressure indicator with monitoring system<\/li>\n<li>NPT, BSP, and ANSI flange connections available<\/li>\n<\/ul>\n<p>Drain options:<\/p>\n<ul>\n<li>Automatic<\/li>\n<li>Manual<\/li>\n<li>Zero-loss<\/li>\n<li>Easy element replacement technology<\/li>\n<li>Corrosion protection through industrial anodizing<\/li>\n<li>Third-party certified performance testing<\/li>\n<\/ul>\n<p><a class=\"button product_type_simple\" href=\"\/en\/contact\/\">Request A Quote.<\/a><\/p>","protected":false},"featured_media":25630,"comment_status":"closed","ping_status":"closed","template":"","meta":{"_coblocks_attr":"","_coblocks_dimensions":"","_coblocks_responsive_height":"","_coblocks_accordion_ie_support":""},"product_brand":[],"product_cat":[493,492,494],"product_tag":[],"class_list":{"0":"post-25629","1":"product","2":"type-product","3":"status-publish","4":"has-post-thumbnail","6":"product_cat-air-treatment-and-purification","7":"product_cat-industrial-compressed-air-filters","8":"product_cat-pneumatic-system-protection","10":"first","11":"instock","12":"shipping-taxable","13":"product-type-simple"},"_links":{"self":[{"href":"https:\/\/airtec.global\/en\/wp-json\/wp\/v2\/product\/25629","targetHints":{"allow":["GET"]}}],"collection":[{"href":"https:\/\/airtec.global\/en\/wp-json\/wp\/v2\/product"}],"about":[{"href":"https:\/\/airtec.global\/en\/wp-json\/wp\/v2\/types\/product"}],"replies":[{"embeddable":true,"href":"https:\/\/airtec.global\/en\/wp-json\/wp\/v2\/comments?post=25629"}],"wp:featuredmedia":[{"embeddable":true,"href":"https:\/\/airtec.global\/en\/wp-json\/wp\/v2\/media\/25630"}],"wp:attachment":[{"href":"https:\/\/airtec.global\/en\/wp-json\/wp\/v2\/media?parent=25629"}],"wp:term":[{"taxonomy":"product_brand","embeddable":true,"href":"https:\/\/airtec.global\/en\/wp-json\/wp\/v2\/product_brand?post=25629"},{"taxonomy":"product_cat","embeddable":true,"href":"https:\/\/airtec.global\/en\/wp-json\/wp\/v2\/product_cat?post=25629"},{"taxonomy":"product_tag","embeddable":true,"href":"https:\/\/airtec.global\/en\/wp-json\/wp\/v2\/product_tag?post=25629"}],"curies":[{"name":"wp","href":"https:\/\/api.w.org\/{rel}","templated":true}]}}